{"id":56998,"date":"2022-03-10T15:57:00","date_gmt":"2022-03-10T14:57:00","guid":{"rendered":"https:\/\/secureus.se\/produkt\/ackumulator-batteri-agm-helios-12v-28ah\/"},"modified":"2026-04-02T11:13:58","modified_gmt":"2026-04-02T09:13:58","slug":"agm-batteri-12v-28ah","status":"publish","type":"product","link":"https:\/\/secureus.se\/fi\/agm-batteri-12v-28ah\/","title":{"rendered":"Batteri 12V 28Ah 8-10 \u00e5r Pro Version"},"content":{"rendered":"<h1>AGM-akku 12V 28Ah HELIOS AGM -akku 8-10 vuotta<\/h1>\n<h2>Luotettava virtal\u00e4hde h\u00e4lyttimille, UPS:lle ja tietoliikennej\u00e4rjestelmille<\/h2>\n<p>Tervetuloa valikoimaamme Helios AGM -akkuja, jotka tunnetaan my\u00f6s nimell\u00e4 akut, jotka on suunniteltu vastaamaan h\u00e4lytinten, UPS:n ja tietoliikenteen tarpeisiin.<\/p>\n<p>28 Ah:n kapasiteetilla ja 12 V:n j\u00e4nnitteell\u00e4 akkumme tarjoavat luotettavan ja pitk\u00e4kestoisen virtal\u00e4hteen erilaisiin sovelluksiin, mukaan lukien vararatkaisut.<\/p>\n<h3>Laatuun keskittyminen<\/h3>\n<p>Helios AGM -akkujamme valmistavat huolella valitut valmistajat, jotka ovat panostaneet vahvasti laatuun. Kaikki akut on sertifioitu ISO-laatu- ja ymp\u00e4rist\u00f6standardien mukaisesti, mik\u00e4 takaa korkean suorituskyvyn ja luotettavuuden.<\/p>\n<h3>AGM-akku 12V 28Ah, eritt\u00e4in alhainen vikaprosentti<\/h3>\n<p>Tehdaskohtaisen eritt\u00e4in alhaisen, alle 0,03%:n vikasietosuhteen ansiosta voit luottaa siihen, ett\u00e4 Helios AGM -akut on suunniteltu kest\u00e4m\u00e4\u00e4n ja toimittamaan luotettavaa tehoa pitk\u00e4\u00e4n.<\/p>\n<h3>Optimoidut kustannukset<\/h3>\n<p>Tavoitteemme on pysty\u00e4 tarjoamaan n\u00e4it\u00e4 korkealaatuisia AGM-akkuja varastoosi mahdollisimman alhaisella hinnalla, jotta saat luotettavan tehon laadusta tinkim\u00e4tt\u00e4.<\/p>\n<h3>K\u00e4yt\u00e4 varmuuskopiointiin<\/h3>\n<p>Helios-sarja tarjoaa laajan valikoiman akkukapasiteettia 7-45 Ah, mik\u00e4 mahdollistaa oikean ratkaisun l\u00f6yt\u00e4misen h\u00e4lytys-, UPS- ja tietoliikennetarpeisiisi.<\/p>\n<p>Helios AGM -akun avulla voit olla varma, ett\u00e4 sinulla on luotettava ja kustannustehokas ratkaisu varavirtal\u00e4hteeseen riippumatta siit\u00e4, onko kyseess\u00e4 h\u00e4lyttimet, UPS tai tietoliikennelaitteet, jotka tarvitsevat varatoimintoa.<\/p>\n<p>Koko 181x77x167 (PxLxK)<\/p>\n<p>Koko 175x166x126 (PxLxK)<\/p>\n<p>Paino 9kg<\/p>\n<p><span class=\"ui-provider a b c d e f g h i j k l m n o p q r s t u v w x y z ab ac ae af ag ah ai aj ak\" dir=\"ltr\">Helios-akut valmistetaan seuraavilla sertifikaateilla: CE, UL, ROSH, ISO9000, ISO14000 ja ISO18000<\/span><\/p>","protected":false},"excerpt":{"rendered":"<p>AGM Battery 28 AH 8-10 vuoden k\u00e4ytt\u00f6ik\u00e4 tietoliikenne-, h\u00e4lytys- ja turvaj\u00e4rjestelmiin.<\/p>","protected":false},"featured_media":0,"template":"","meta":{"_acf_changed":false},"product_brand":[],"product_cat":[1596],"product_tag":[4406],"class_list":{"0":"post-56998","1":"product","2":"type-product","3":"status-publish","5":"product_cat-ackumulatorer-12v-agm-batterier","6":"product_tag-batteri-13-45-ah","7":"product_shipping_class-tunga-paket","8":"pa_brands-stonehouse-security","9":"tm-no-options","11":"first","12":"onbackorder","13":"sale","14":"featured","15":"taxable","16":"shipping-taxable","17":"purchasable","18":"product-type-simple"},"acf":[],"_links":{"self":[{"href":"https:\/\/secureus.se\/fi\/wp-json\/wp\/v2\/product\/56998","targetHints":{"allow":["GET"]}}],"collection":[{"href":"https:\/\/secureus.se\/fi\/wp-json\/wp\/v2\/product"}],"about":[{"href":"https:\/\/secureus.se\/fi\/wp-json\/wp\/v2\/types\/product"}],"wp:attachment":[{"href":"https:\/\/secureus.se\/fi\/wp-json\/wp\/v2\/media?parent=56998"}],"wp:term":[{"taxonomy":"product_brand","embeddable":true,"href":"https:\/\/secureus.se\/fi\/wp-json\/wp\/v2\/product_brand?post=56998"},{"taxonomy":"product_cat","embeddable":true,"href":"https:\/\/secureus.se\/fi\/wp-json\/wp\/v2\/product_cat?post=56998"},{"taxonomy":"product_tag","embeddable":true,"href":"https:\/\/secureus.se\/fi\/wp-json\/wp\/v2\/product_tag?post=56998"}],"curies":[{"name":"wp","href":"https:\/\/api.w.org\/{rel}","templated":true}]}}