{"id":56999,"date":"2022-03-10T15:57:00","date_gmt":"2022-03-10T14:57:00","guid":{"rendered":"https:\/\/secureus.se\/produkt\/lithium-extra-longlife-9-volts-batteri-fran-pk-cell-ej-uppladdningsbart\/"},"modified":"2026-04-15T16:52:43","modified_gmt":"2026-04-15T14:52:43","slug":"9v-batteri-lithium-cr9v-long-life-1200mah","status":"publish","type":"product","link":"https:\/\/secureus.se\/fi\/9v-batteri-lithium-cr9v-long-life-1200mah\/","title":{"rendered":"9V akku Lithium CR9V \u2013 pitk\u00e4 k\u00e4ytt\u00f6ik\u00e4 1200mAh"},"content":{"rendered":"<h1><strong>9V akku Lithium CR9V \u2013 pitk\u00e4 k\u00e4ytt\u00f6ik\u00e4 1200mAh<\/strong><\/h1>\n<p>T\u00e4m\u00e4 tehokas CR9V-akku, jonka kapasiteetti on 1200 mAh, on t\u00e4ydellinen ratkaisu sovelluksiin, jotka vaativat lis\u00e4tehoa ja pitk\u00e4kestoista suorituskyky\u00e4.<\/p>\n<p>Litiumteknologian ansiosta paristo kest\u00e4\u00e4 huomattavasti pidemp\u00e4\u00e4n kuin tavalliset alkaliparistot, ja sen lis\u00e4\u00e4ntynyt kapasiteetti tarjoaa sen etuna, ett\u00e4 sit\u00e4 tarvitsee vaihtaa harvoin.<\/p>\n<p><strong>Litiumpariston edut alkaliparistoihin verrattuna:<\/strong><\/p>\n<ul>\n<li>Pidempi k\u00e4ytt\u00f6ik\u00e4: Jopa 3-5 kertaa pidempi kuin alkaliparistot.<\/li>\n<li>Luotettava suorituskyky \u00e4\u00e4rimm\u00e4isiss\u00e4 l\u00e4mp\u00f6tiloissa: Kest\u00e4\u00e4 -40 \u00b0C - +60 \u00b0C ilman, ett\u00e4 se vaikuttaa suorituskykyyn.<\/li>\n<li>Suurempi energiatiheys: Ihanteellinen jatkuvasti k\u00e4ytett\u00e4ville laitteille, kuten turvah\u00e4lyttimet, paloilmaisimet ja l\u00e4\u00e4ketieteelliset laitteet.<\/li>\n<li>Kevyempi paino: Litiumparistot painavat v\u00e4hemm\u00e4n kuin alkaliparistot, joten niit\u00e4 on helpompi k\u00e4sitell\u00e4 kannettavissa laitteissa.<\/li>\n<\/ul>\n<p><strong>K\u00e4ytt\u00f6alueet:<\/strong><\/p>\n<ul>\n<li>Turvalaitteet, kuten palo- ja murtoh\u00e4lyttimet.<\/li>\n<li>L\u00e4\u00e4ketieteelliset laitteet.<\/li>\n<li>Elektroniset laitteet \u00e4\u00e4rimm\u00e4isiss\u00e4 olosuhteissa.<\/li>\n<li>Ammattik\u00e4ytt\u00f6\u00f6n, jossa pitk\u00e4kestoinen k\u00e4ytt\u00f6 edellytt\u00e4\u00e4.<\/li>\n<\/ul>\n<p><strong>Tuotteen tekniset tiedot:<\/strong><\/p>\n<ul>\n<li>Tyyppi: 9V Lithium (CR9V)<\/li>\n<li>Kapasiteetti: 1200 mAh<\/li>\n<li>K\u00e4ytt\u00f6l\u00e4mp\u00f6tila: -40\u00b0C - +60\u00b0C<\/li>\n<li>Pitk\u00e4 k\u00e4ytt\u00f6ik\u00e4 vaativiin sovelluksiin<\/li>\n<\/ul>\n<p>Sijoita akkuun, joka tarjoaa luotettavaa ja pitk\u00e4kestoista suorituskyky\u00e4 vaativimmissa laitteissasi.<\/p>","protected":false},"excerpt":{"rendered":"<p>T\u00e4m\u00e4 9 V:n litiumparisto (CR9V) 1200 mAh:lla on suunniteltu vaativiin sovelluksiin, kuten turvatuotteisiin ja \u00e4\u00e4rimm\u00e4isiss\u00e4 l\u00e4mp\u00f6tiloissa k\u00e4ytett\u00e4viin laitteisiin. Pitk\u00e4n k\u00e4ytt\u00f6i\u00e4n ja luotettavan suorituskyvyn ansiosta se kest\u00e4\u00e4 k\u00e4ytt\u00f6l\u00e4mp\u00f6tiloja -40 \u00b0C - +60 \u00b0C. Kest\u00e4v\u00e4mpi kuin alkaliparistot.<\/p>","protected":false},"featured_media":145295,"template":"","meta":{"_acf_changed":false},"product_brand":[],"product_cat":[1862],"product_tag":[2419],"class_list":{"0":"post-56999","1":"product","2":"type-product","3":"status-publish","4":"has-post-thumbnail","6":"product_cat-batterier-knappcell","7":"product_tag-rel-batteri","8":"product_shipping_class-postnord-varubrev","9":"pa_brands-pk-cell","10":"tm-no-options","12":"first","13":"instock","14":"sale","15":"featured","16":"taxable","17":"shipping-taxable","18":"purchasable","19":"product-type-simple"},"acf":[],"_links":{"self":[{"href":"https:\/\/secureus.se\/fi\/wp-json\/wp\/v2\/product\/56999","targetHints":{"allow":["GET"]}}],"collection":[{"href":"https:\/\/secureus.se\/fi\/wp-json\/wp\/v2\/product"}],"about":[{"href":"https:\/\/secureus.se\/fi\/wp-json\/wp\/v2\/types\/product"}],"wp:featuredmedia":[{"embeddable":true,"href":"https:\/\/secureus.se\/fi\/wp-json\/wp\/v2\/media\/145295"}],"wp:attachment":[{"href":"https:\/\/secureus.se\/fi\/wp-json\/wp\/v2\/media?parent=56999"}],"wp:term":[{"taxonomy":"product_brand","embeddable":true,"href":"https:\/\/secureus.se\/fi\/wp-json\/wp\/v2\/product_brand?post=56999"},{"taxonomy":"product_cat","embeddable":true,"href":"https:\/\/secureus.se\/fi\/wp-json\/wp\/v2\/product_cat?post=56999"},{"taxonomy":"product_tag","embeddable":true,"href":"https:\/\/secureus.se\/fi\/wp-json\/wp\/v2\/product_tag?post=56999"}],"curies":[{"name":"wp","href":"https:\/\/api.w.org\/{rel}","templated":true}]}}