{"id":57003,"date":"2022-03-10T15:57:00","date_gmt":"2022-03-10T14:57:00","guid":{"rendered":"https:\/\/secureus.se\/produkt\/longlife-aaa-lr03-batteri-4-pack-fran-pk-cell-ej-uppladdningsbart\/"},"modified":"2026-03-13T12:09:03","modified_gmt":"2026-03-13T11:09:03","slug":"longlife-aaa-lr03-batteri-4-pack-fran-pk-cell-ej-uppladdningsbart","status":"publish","type":"product","link":"https:\/\/secureus.se\/fi\/longlife-aaa-lr03-batteri-4-pack-fran-pk-cell-ej-uppladdningsbart\/","title":{"rendered":"Paristo AAA LR03 Paristo 4 kpl Longlife"},"content":{"rendered":"<p>AAA - LR03 1,5 voltin akku on eritt\u00e4in monipuolinen akku ja toimii kaikissa v\u00e4h\u00e4n ylim\u00e4\u00e4r\u00e4ist\u00e4 vaativissa tuotetyypeiss\u00e4, kuten turvatuotteissa ja muissa pitk\u00e4n k\u00e4ytt\u00f6i\u00e4n vaativissa tuotteissa.<\/p>\n<p>Koska t\u00e4m\u00e4 akku on saatavana k\u00e4yt\u00e4nn\u00f6llisen\u00e4 4-pakkauksena, s\u00e4\u00e4st\u00e4t sek\u00e4 ymp\u00e4rist\u00f6ss\u00e4 ett\u00e4 ostokuluissa.<\/p>\n<p>Akuilla on vaikuttava suorituskyky ja pitk\u00e4ik\u00e4isyys, josta PK-cell tunnetaan.<\/p>","protected":false},"excerpt":{"rendered":"<p>AAA - LR03 1,5 voltin akku on eritt\u00e4in monipuolinen akku ja toimii kaikissa v\u00e4h\u00e4n ylim\u00e4\u00e4r\u00e4ist\u00e4 vaativissa tuotetyypeiss\u00e4, kuten turvatuotteissa ja muissa pitk\u00e4n k\u00e4ytt\u00f6i\u00e4n vaativissa tuotteissa. Koska<\/p>","protected":false},"featured_media":145107,"template":"","meta":{"_acf_changed":false},"product_brand":[],"product_cat":[1324,1862],"product_tag":[2419],"class_list":{"0":"post-57003","1":"product","2":"type-product","3":"status-publish","4":"has-post-thumbnail","6":"product_cat-outlet","7":"product_cat-batterier-knappcell","8":"product_tag-rel-batteri","9":"product_shipping_class-postnord-varubrev","10":"pa_brands-pk-cell","11":"tm-no-options","13":"first","14":"outofstock","15":"sale","16":"featured","17":"taxable","18":"shipping-taxable","19":"purchasable","20":"product-type-simple"},"acf":[],"_links":{"self":[{"href":"https:\/\/secureus.se\/fi\/wp-json\/wp\/v2\/product\/57003","targetHints":{"allow":["GET"]}}],"collection":[{"href":"https:\/\/secureus.se\/fi\/wp-json\/wp\/v2\/product"}],"about":[{"href":"https:\/\/secureus.se\/fi\/wp-json\/wp\/v2\/types\/product"}],"wp:featuredmedia":[{"embeddable":true,"href":"https:\/\/secureus.se\/fi\/wp-json\/wp\/v2\/media\/145107"}],"wp:attachment":[{"href":"https:\/\/secureus.se\/fi\/wp-json\/wp\/v2\/media?parent=57003"}],"wp:term":[{"taxonomy":"product_brand","embeddable":true,"href":"https:\/\/secureus.se\/fi\/wp-json\/wp\/v2\/product_brand?post=57003"},{"taxonomy":"product_cat","embeddable":true,"href":"https:\/\/secureus.se\/fi\/wp-json\/wp\/v2\/product_cat?post=57003"},{"taxonomy":"product_tag","embeddable":true,"href":"https:\/\/secureus.se\/fi\/wp-json\/wp\/v2\/product_tag?post=57003"}],"curies":[{"name":"wp","href":"https:\/\/api.w.org\/{rel}","templated":true}]}}