{"id":57073,"date":"2022-03-10T15:47:00","date_gmt":"2022-03-10T14:47:00","guid":{"rendered":"https:\/\/secureus.se\/produkt\/kolmonoxid-co2-detektor-stand-alone-7-ars\/"},"modified":"2026-02-12T17:17:07","modified_gmt":"2026-02-12T16:17:07","slug":"kolmonoxid-co2-detektor-stand-alone-7-ars","status":"publish","type":"product","link":"https:\/\/secureus.se\/fi\/kolmonoxid-co2-detektor-stand-alone-7-ars\/","title":{"rendered":"Hiilimonoksidiilmaisin CO Stand Alone 7 vuotta"},"content":{"rendered":"<p>Virtal\u00e4hde: DC 6V akut, (4 kpl 1,5 volttia, litium)<\/p>\n<p>Hiilimonoksidin ilmaisin, joka toimii itsen\u00e4isesti paristok\u00e4yt\u00f6ll\u00e4 jopa 10 vuotta.<\/p>\n<p>Reagoi myrkylliseen CO-kaasuun ja h\u00e4lytyksiin sis\u00e4\u00e4nrakennetun sireenin ja visuaalisesti LED-valon kautta.<\/p>\n<p>Edess\u00e4 on painike tuotteen testaamiseen ja joka my\u00f6s vaimentaa sen h\u00e4lytyksen sattuessa.<\/p>\n<p>K\u00e4ytt\u00f6l\u00e4mp\u00f6tila -10\u2103~+50\u2103<\/p>\n<p>\u00c4\u00e4nitasoh\u00e4lytys \u226585dB (3 metri\u00e4)<\/p>\n<p>Kosteus \u226495%R.H.<\/p>\n<p>Savuherkkyys 1-3% ft<\/p>\n<p>Koko: 120 x 65 x 35 mm<\/p>\n<p>Paino: 280 grammaa<\/p>\n<p>Sertifikaatit: CE ja EN50291-1<\/p>\n<p>3 vuoden takuu.<\/p>","protected":false},"excerpt":{"rendered":"<p>Savunilmaisimet - H\u00e4k\u00e4varoitin - L\u00e4mp\u00f6tilatunnistin - T\u00e4rin\u00e4 - Lasinrikottaja - Aina edullinen hinta<\/p>","protected":false},"featured_media":145359,"template":"","meta":{"_acf_changed":false},"product_brand":[],"product_cat":[4175],"product_tag":[2958],"class_list":{"0":"post-57073","1":"product","2":"type-product","3":"status-publish","4":"has-post-thumbnail","6":"product_cat-kolmonoxid-detektor","7":"product_tag-stonehouse-produkt","8":"product_shipping_class-postnord-varubrev","9":"pa_brands-stonehouse-security","10":"tm-no-options","12":"first","13":"instock","14":"sale","15":"featured","16":"taxable","17":"shipping-taxable","18":"purchasable","19":"product-type-simple"},"acf":[],"_links":{"self":[{"href":"https:\/\/secureus.se\/fi\/wp-json\/wp\/v2\/product\/57073","targetHints":{"allow":["GET"]}}],"collection":[{"href":"https:\/\/secureus.se\/fi\/wp-json\/wp\/v2\/product"}],"about":[{"href":"https:\/\/secureus.se\/fi\/wp-json\/wp\/v2\/types\/product"}],"wp:featuredmedia":[{"embeddable":true,"href":"https:\/\/secureus.se\/fi\/wp-json\/wp\/v2\/media\/145359"}],"wp:attachment":[{"href":"https:\/\/secureus.se\/fi\/wp-json\/wp\/v2\/media?parent=57073"}],"wp:term":[{"taxonomy":"product_brand","embeddable":true,"href":"https:\/\/secureus.se\/fi\/wp-json\/wp\/v2\/product_brand?post=57073"},{"taxonomy":"product_cat","embeddable":true,"href":"https:\/\/secureus.se\/fi\/wp-json\/wp\/v2\/product_cat?post=57073"},{"taxonomy":"product_tag","embeddable":true,"href":"https:\/\/secureus.se\/fi\/wp-json\/wp\/v2\/product_tag?post=57073"}],"curies":[{"name":"wp","href":"https:\/\/api.w.org\/{rel}","templated":true}]}}