{"id":57082,"date":"2022-03-10T15:42:00","date_gmt":"2022-03-10T14:42:00","guid":{"rendered":"https:\/\/secureus.se\/produkt\/las-till-kapsling-2-nycklar\/"},"modified":"2025-12-31T19:54:41","modified_gmt":"2025-12-31T18:54:41","slug":"las-till-kapsling-2-nycklar-neo","status":"publish","type":"product","link":"https:\/\/secureus.se\/fi\/las-till-kapsling-2-nycklar-neo\/","title":{"rendered":"Lukko koteloon - 2 avainta NEO"},"content":{"rendered":"<h1>Kotelon lukko \u2013 2 avainta NEO \u2013 Suojaa ja suojaa turvaj\u00e4rjestelm\u00e4si<\/h1>\n<p>Suojaa herkki\u00e4 komponenttejasi ja turvaj\u00e4rjestelmi\u00e4si <strong>Lukko koteloon - 2 avainta NEO<\/strong>.<\/p>\n<p>T\u00e4m\u00e4 ratkaisu on suunniteltu tarjoamaan maksimaalista turvallisuutta koteloillesi ja se on yhteensopiva <strong>DSC NEO<\/strong>, <strong>Paradoksi<\/strong>, ja <strong>Risko j\u00e4rjestelm\u00e4<\/strong>.<\/p>\n<p>Kahden mukana tulevan avaimen ansiosta t\u00e4m\u00e4 lukko tarjoaa sek\u00e4 turvallisuuden ett\u00e4 helpon p\u00e4\u00e4syn.<\/p>\n<p>Se on ihanteellinen ratkaisu kaikille, jotka haluavat varmistaa, ett\u00e4 heid\u00e4n turvalaitteistonsa pysyv\u00e4t suojattuina ja ehjin\u00e4.<\/p>\n<h5>P\u00e4\u00e4toiminnot<\/h5>\n<ul>\n<li><strong>Maksimaalinen suojaus<\/strong>: Sulje kotelot ja suojaa herk\u00e4t komponentit luvattomalta k\u00e4yt\u00f6lt\u00e4.<\/li>\n<li><strong>Joustavuus<\/strong>: Yhteensopiva DSC NEO-, Paradox- ja Risco-j\u00e4rjestelmien kanssa.<\/li>\n<li><strong>K\u00e4yt\u00e4nn\u00f6llinen k\u00e4ytt\u00f6<\/strong>: Mukana kaksi avainta helpon p\u00e4\u00e4syn ja turvallisuuden takaamiseksi.<\/li>\n<li><strong>Luotettava muotoilu<\/strong>: Laadukas materiaali, joka kest\u00e4\u00e4 p\u00e4ivitt\u00e4ist\u00e4 k\u00e4ytt\u00f6\u00e4 ja varmistaa pitk\u00e4n k\u00e4ytt\u00f6i\u00e4n.<\/li>\n<\/ul>\n<h5>Edut<\/h5>\n<ul>\n<li><strong>Helppo asennus<\/strong>: Nopea asentaa yhteensopiviin koteloihin.<\/li>\n<li><strong>Lis\u00e4turvaa<\/strong>: Kaksi n\u00e4pp\u00e4int\u00e4 tarjoavat joustavuutta ja k\u00e4ytt\u00f6mukavuutta.<\/li>\n<li><strong>Universaali yhteensopivuus<\/strong>: Sopii useisiin j\u00e4rjestelmiin laajaan k\u00e4ytt\u00f6\u00f6n.<\/li>\n<\/ul>\n<h5>K\u00e4ytt\u00f6alueet<\/h5>\n<ul>\n<li><strong>Liikerakennukset<\/strong>: T\u00e4ydellinen toimistoihin ja liikkeisiin, joiden on suojattava turvaj\u00e4rjestelm\u00e4ns\u00e4.<\/li>\n<li><strong>Asuinkiinteist\u00f6t<\/strong>: Turvalliset kotelot kodeissa ja kerrostaloissa.<\/li>\n<li><strong>Julkiset paikat<\/strong>: Ihanteellinen kouluihin, sairaaloihin ja muihin herkkiin ymp\u00e4rist\u00f6ihin.<\/li>\n<\/ul>\n<p>Kanssa <strong>Lukko koteloon - 2 avainta NEO<\/strong> saat yksinkertaisen, turvallisen ja luotettavan ratkaisun suojausasennuksesi suojaamiseen.<\/p>","protected":false},"excerpt":{"rendered":"<p>Lukitse koteloon kahdella avaimella, t\u00e4ydellinen turvaj\u00e4rjestelmien suojaamiseen.<\/p>\n<p>Yhteensopiva DSC NEO-, Paradox- ja Risco-koteloiden kanssa.<\/p>","protected":false},"featured_media":144983,"template":"","meta":{"_acf_changed":false},"product_brand":[],"product_cat":[3323,1322,4186],"product_tag":[3311,3022,3031],"class_list":{"0":"post-57082","1":"product","2":"type-product","3":"status-publish","4":"has-post-thumbnail","6":"product_cat-kapsling","7":"product_cat-dsc-larm-neo-power-hybridlarm","8":"product_cat-skaplas-industrilas","9":"product_tag-dsc-neo-svensk-manual","10":"product_tag-neo-central-kapslingar","11":"product_tag-neo-ovriga-tillbehor","12":"product_shipping_class-postnord-varubrev","13":"pa_brands-4dsc","14":"pa_dsc-neo-hybridlarm-ovriga-tillbehor","15":"tm-has-options","17":"first","18":"instock","19":"featured","20":"taxable","21":"shipping-taxable","22":"purchasable","23":"product-type-simple"},"acf":[],"_links":{"self":[{"href":"https:\/\/secureus.se\/fi\/wp-json\/wp\/v2\/product\/57082","targetHints":{"allow":["GET"]}}],"collection":[{"href":"https:\/\/secureus.se\/fi\/wp-json\/wp\/v2\/product"}],"about":[{"href":"https:\/\/secureus.se\/fi\/wp-json\/wp\/v2\/types\/product"}],"wp:featuredmedia":[{"embeddable":true,"href":"https:\/\/secureus.se\/fi\/wp-json\/wp\/v2\/media\/144983"}],"wp:attachment":[{"href":"https:\/\/secureus.se\/fi\/wp-json\/wp\/v2\/media?parent=57082"}],"wp:term":[{"taxonomy":"product_brand","embeddable":true,"href":"https:\/\/secureus.se\/fi\/wp-json\/wp\/v2\/product_brand?post=57082"},{"taxonomy":"product_cat","embeddable":true,"href":"https:\/\/secureus.se\/fi\/wp-json\/wp\/v2\/product_cat?post=57082"},{"taxonomy":"product_tag","embeddable":true,"href":"https:\/\/secureus.se\/fi\/wp-json\/wp\/v2\/product_tag?post=57082"}],"curies":[{"name":"wp","href":"https:\/\/api.w.org\/{rel}","templated":true}]}}