{"id":57106,"date":"2022-03-10T15:42:00","date_gmt":"2022-03-10T14:42:00","guid":{"rendered":"https:\/\/secureus.se\/produkt\/dsc-neo-knappsats-tradbunden-hs2lcd-engelsk-text\/"},"modified":"2026-04-15T13:59:52","modified_gmt":"2026-04-15T11:59:52","slug":"dsc-hardwired-keypad-hs2lcd-eng","status":"publish","type":"product","link":"https:\/\/secureus.se\/fi\/dsc-hardwired-keypad-hs2lcd-eng\/","title":{"rendered":"DSC:n kiinte\u00e4 n\u00e4pp\u00e4imist\u00f6 HS2LCD tukee englantia, ranskaa, italiaa, saksaa, hollantia ja puolaa."},"content":{"rendered":"<h1>DSC Hardwired Keypad HS2LCD \u2013 Moderni ja k\u00e4ytt\u00e4j\u00e4yst\u00e4v\u00e4llinen n\u00e4pp\u00e4imist\u00f6 DSC NEO:lle<\/h1>\n<p><strong>DSC HS2LCD<\/strong> on yksi <strong>langallinen n\u00e4pp\u00e4imist\u00f6<\/strong> suunniteltu tarjoamaan yksinkertainen ja tehokas valvonta <strong>DSC NEO h\u00e4lytysj\u00e4rjestelm\u00e4<\/strong>.<\/p>\n<p>Moderni LCD-n\u00e4ytt\u00f6 ja tuki <strong>6 eri kielt\u00e4<\/strong>, mukaan lukien englanti, se on ihanteellinen sek\u00e4 asuin- ett\u00e4 kaupallisiin asennuksiin.<\/p>\n<h5>P\u00e4\u00e4toiminnot<\/h5>\n<ul>\n<li><strong>Kirkas LCD-n\u00e4ytt\u00f6<\/strong>: N\u00e4ytt\u00e4\u00e4 j\u00e4rjestelm\u00e4n tilan ja h\u00e4lytystiedot englannin, ranskan, italian, saksan, hollannin ja puolan tuella.<\/li>\n<li><strong>Ohjelmoitavat tekstit<\/strong>: Mukauta tekstit osioihin ja h\u00e4lytysalueisiin henkil\u00f6kohtaisen k\u00e4ytt\u00f6kokemuksen saamiseksi.<\/li>\n<li><strong>Toiminton\u00e4pp\u00e4imet<\/strong>: Viisi pikan\u00e4pp\u00e4int\u00e4 ja kolme h\u00e4t\u00e4n\u00e4pp\u00e4int\u00e4 t\u00e4rkeiden toimintojen nopeaan k\u00e4ytt\u00f6\u00f6n.<\/li>\n<li><strong>Ohut muotoilu<\/strong>: Sopii kaikkiin ymp\u00e4rist\u00f6ihin modernin ja huomaamattoman muotoilunsa ansiosta.<\/li>\n<li><strong>Valkoiset n\u00e4pp\u00e4imet<\/strong>: Helppo k\u00e4ytt\u00e4\u00e4 h\u00e4m\u00e4r\u00e4ss\u00e4.<\/li>\n<\/ul>\n<h5>Edut<\/h5>\n<ul>\n<li><strong>Kansainv\u00e4linen k\u00e4ytt\u00f6<\/strong>: T\u00e4ydellinen k\u00e4ytt\u00e4jille, jotka tarvitsevat monikielisi\u00e4 toimintoja.<\/li>\n<li><strong>Helppok\u00e4ytt\u00f6isyys<\/strong>: Intuitiivinen k\u00e4ytt\u00f6liittym\u00e4 ja ohjelmoitavat toiminnot helpottavat k\u00e4ytt\u00f6\u00e4.<\/li>\n<li><strong>Elegantti muotoilu<\/strong>: Tyylik\u00e4s ja kompakti, sopii sek\u00e4 kotiin ett\u00e4 toimistoon.<\/li>\n<\/ul>\n<h5>K\u00e4ytt\u00f6alueet<\/h5>\n<ul>\n<li><strong>Asunnot<\/strong>: Kodin turvavalvontaan.<\/li>\n<li><strong>Liiketoimintaa<\/strong>: Ihanteellinen liikerakennuksiin ja toimistoihin.<\/li>\n<li><strong>Julkiset tilat<\/strong>: T\u00e4ydellinen kouluille ja muille oppilaitoksille, joissa on monikielisi\u00e4 k\u00e4ytt\u00e4ji\u00e4.<\/li>\n<\/ul>\n<p>Kanssa <strong>DSC kiinte\u00e4 n\u00e4pp\u00e4imist\u00f6 HS2LCD<\/strong> saat k\u00e4ytt\u00e4j\u00e4yst\u00e4v\u00e4llisen ja <strong>tyylik\u00e4s ratkaisu<\/strong> hallita ja valvoa turvaj\u00e4rjestelmi\u00e4si.<\/p>","protected":false},"excerpt":{"rendered":"<p>DSC Hardwired Keypad HS2LCD on langallinen n\u00e4pp\u00e4imist\u00f6 LCD-n\u00e4yt\u00f6ll\u00e4 ja tukee 6 kielt\u00e4.<\/p>\n<p>T\u00e4ydellinen DSC NEO -h\u00e4lytysj\u00e4rjestelmien ohjaamiseen ja valvontaan.<\/p>","protected":false},"featured_media":145086,"template":"","meta":{"_acf_changed":false},"product_brand":[],"product_cat":[3329,1322],"product_tag":[3311,3028,3029],"class_list":{"0":"post-57106","1":"product","2":"type-product","3":"status-publish","4":"has-post-thumbnail","6":"product_cat-knappsats-kod","7":"product_cat-dsc-larm-neo-power-hybridlarm","8":"product_tag-dsc-neo-svensk-manual","9":"product_tag-neo-knappsats-manoverpaneler","10":"product_tag-neo-dsc-knappsats-manoverpaneler","11":"product_shipping_class-tunga-paket","12":"pa_brands-4dsc","13":"pa_dsc-neo-hybridlarm-knappsatser","14":"tm-has-options","16":"first","17":"instock","18":"sale","19":"featured","20":"taxable","21":"shipping-taxable","22":"purchasable","23":"product-type-simple"},"acf":[],"_links":{"self":[{"href":"https:\/\/secureus.se\/fi\/wp-json\/wp\/v2\/product\/57106","targetHints":{"allow":["GET"]}}],"collection":[{"href":"https:\/\/secureus.se\/fi\/wp-json\/wp\/v2\/product"}],"about":[{"href":"https:\/\/secureus.se\/fi\/wp-json\/wp\/v2\/types\/product"}],"wp:featuredmedia":[{"embeddable":true,"href":"https:\/\/secureus.se\/fi\/wp-json\/wp\/v2\/media\/145086"}],"wp:attachment":[{"href":"https:\/\/secureus.se\/fi\/wp-json\/wp\/v2\/media?parent=57106"}],"wp:term":[{"taxonomy":"product_brand","embeddable":true,"href":"https:\/\/secureus.se\/fi\/wp-json\/wp\/v2\/product_brand?post=57106"},{"taxonomy":"product_cat","embeddable":true,"href":"https:\/\/secureus.se\/fi\/wp-json\/wp\/v2\/product_cat?post=57106"},{"taxonomy":"product_tag","embeddable":true,"href":"https:\/\/secureus.se\/fi\/wp-json\/wp\/v2\/product_tag?post=57106"}],"curies":[{"name":"wp","href":"https:\/\/api.w.org\/{rel}","templated":true}]}}