{"id":57109,"date":"2022-03-10T15:42:00","date_gmt":"2022-03-10T14:42:00","guid":{"rendered":"https:\/\/secureus.se\/produkt\/kapsling-small-till-neo-multi-40-va-trafo\/"},"modified":"2026-04-16T12:10:15","modified_gmt":"2026-04-16T10:10:15","slug":"dsc-kapsling-small-40-va","status":"publish","type":"product","link":"https:\/\/secureus.se\/fi\/dsc-kapsling-small-40-va\/","title":{"rendered":"Kotelo Multi pieni 40 VA muuntaja DSC:lle \u2013 Paradox ja Risco AWO150"},"content":{"rendered":"<h1><strong>DSC-kotelo Multi (pieni) 40 VA<\/strong> on monipuolinen ja k\u00e4yt\u00e4nn\u00f6llinen ratkaisu h\u00e4lytysj\u00e4rjestelm\u00e4n elektroniikan asennukseen ja suojaamiseen.<\/h1>\n<p>T\u00e4m\u00e4 kotelo on suunniteltu 40 VA muuntajalle ja tarjoaa luotettavan virtal\u00e4hteen useille turvalaitteille, mukaan lukien DSC NEO, Paradox ja Risco.<\/p>\n<p>Kompaktin kokonsa (280 x 290 x 80 mm) ansiosta se on ihanteellinen sek\u00e4 koti- ett\u00e4 yritysymp\u00e4rist\u00f6ihin, joissa tilaa voi olla v\u00e4h\u00e4n.<\/p>\n<p>Kotelo on valmistettu kest\u00e4v\u00e4st\u00e4 metallilevyst\u00e4 ja sen IP-suojausluokka on IP 20, mik\u00e4 tarkoittaa, ett\u00e4 se soveltuu sis\u00e4asennukseen.<\/p>\n<p>Se on my\u00f6s varustettu peukalointikoskettimella, joka tarjoaa lis\u00e4suojaa luvattomalta k\u00e4yt\u00f6lt\u00e4. Mukana kahdella avaimella voit helposti lukita kotelon suojaamaan sis\u00e4ll\u00e4 olevia herkki\u00e4 laitteita.<\/p>\n<p>Muuntajan virtakapasiteetti on 2,2A\/16VAC ja 2A\/18VAC, joten se on tehokas ja tehokas virtal\u00e4hdekomponentti.<\/p>\n<p>Kotelo tukee my\u00f6s 7 Ah:n vara-akkua, joka varmistaa, ett\u00e4 j\u00e4rjestelm\u00e4 pysyy aktiivisena my\u00f6s s\u00e4hk\u00f6katkon sattuessa.<\/p>\n<p>Asensitpa h\u00e4lytysj\u00e4rjestelm\u00e4\u00e4 asuin- tai liikekiinteist\u00f6\u00f6n, DSC Enclosure Multi (Small) tarjoaa luotettavan ja turvallisen ratkaisun elektronisten laitteiden ja turvaratkaisujen suojaamiseen.<\/p>","protected":false},"excerpt":{"rendered":"<p>DSC-kotelo lukolla ja muuntajalla on universaali ja sopii kaikkiin h\u00e4lytysj\u00e4rjestelmiin tai laitteisiin, jotka tarvitsevat virtaa.<\/p>\n<p>T\u00e4m\u00e4 kotelo on suunniteltu suojaamaan ja valvomaan elektroniikkaa erilaisissa asennusymp\u00e4rist\u00f6iss\u00e4.<\/p>","protected":false},"featured_media":145206,"template":"","meta":{"_acf_changed":false},"product_brand":[],"product_cat":[3323,1322],"product_tag":[3311,3022],"class_list":{"0":"post-57109","1":"product","2":"type-product","3":"status-publish","4":"has-post-thumbnail","6":"product_cat-kapsling","7":"product_cat-dsc-larm-neo-power-hybridlarm","8":"product_tag-dsc-neo-svensk-manual","9":"product_tag-neo-central-kapslingar","10":"product_shipping_class-postnord-varubrev","11":"pa_brands-pulsar","12":"pa_dsc-neo-hybridlarm-kapslingar-boxar","13":"tm-has-options","15":"first","16":"instock","17":"sale","18":"featured","19":"taxable","20":"shipping-taxable","21":"purchasable","22":"product-type-simple"},"acf":[],"_links":{"self":[{"href":"https:\/\/secureus.se\/fi\/wp-json\/wp\/v2\/product\/57109","targetHints":{"allow":["GET"]}}],"collection":[{"href":"https:\/\/secureus.se\/fi\/wp-json\/wp\/v2\/product"}],"about":[{"href":"https:\/\/secureus.se\/fi\/wp-json\/wp\/v2\/types\/product"}],"wp:featuredmedia":[{"embeddable":true,"href":"https:\/\/secureus.se\/fi\/wp-json\/wp\/v2\/media\/145206"}],"wp:attachment":[{"href":"https:\/\/secureus.se\/fi\/wp-json\/wp\/v2\/media?parent=57109"}],"wp:term":[{"taxonomy":"product_brand","embeddable":true,"href":"https:\/\/secureus.se\/fi\/wp-json\/wp\/v2\/product_brand?post=57109"},{"taxonomy":"product_cat","embeddable":true,"href":"https:\/\/secureus.se\/fi\/wp-json\/wp\/v2\/product_cat?post=57109"},{"taxonomy":"product_tag","embeddable":true,"href":"https:\/\/secureus.se\/fi\/wp-json\/wp\/v2\/product_tag?post=57109"}],"curies":[{"name":"wp","href":"https:\/\/api.w.org\/{rel}","templated":true}]}}