{"id":57110,"date":"2022-03-10T15:42:00","date_gmt":"2022-03-10T14:42:00","guid":{"rendered":"https:\/\/secureus.se\/produkt\/dsc-neo-knappsats-tradbunden-hs2lcdrf-med-powerg-transceiver-engelsk-text\/"},"modified":"2026-05-04T14:25:57","modified_gmt":"2026-05-04T12:25:57","slug":"dsc-hardwired-keypad-powerg-hs2lcdrf-eng","status":"publish","type":"product","link":"https:\/\/secureus.se\/fi\/dsc-hardwired-keypad-powerg-hs2lcdrf-eng\/","title":{"rendered":"DSC langallinen n\u00e4pp\u00e4imist\u00f6 PowerG HS2LCDRF -radio tukee englantia, ranskaa, italiaa, saksaa, hollantia ja puolaa."},"content":{"rendered":"<p><strong>DSC:n kiinte\u00e4 n\u00e4pp\u00e4imist\u00f6 PowerG HS2LCDRF<\/strong> on edistyksellinen langallinen n\u00e4pp\u00e4imist\u00f6, joka sopii t\u00e4ydellisesti DSC NEO -h\u00e4lytysj\u00e4rjestelmiin.<\/p>\n<p>T\u00e4m\u00e4 n\u00e4pp\u00e4imist\u00f6 on varustettu selke\u00e4ll\u00e4 LCD-n\u00e4yt\u00f6ll\u00e4, joka n\u00e4ytt\u00e4\u00e4 tiedot englanniksi sek\u00e4 tukee viitt\u00e4 muuta kielt\u00e4: ranskaa, italiaa, saksaa, hollantia ja puolaa.<\/p>\n<p>Sis\u00e4\u00e4nrakennetulla radiovastaanottimella HS2LCDRF mahdollistaa langattomien antureiden ja muiden NEO-tuotteiden liitt\u00e4misen, mik\u00e4 tarjoaa suurta joustavuutta asennuksessa ja k\u00e4yt\u00f6ss\u00e4.<\/p>\n<p>N\u00e4pp\u00e4imist\u00f6ss\u00e4 on vapaasti ohjelmoitavat tekstit osioihin ja h\u00e4lytysalueisiin ja helpottaa tapahtumamuistin lukemista suoraan n\u00e4yt\u00f6lt\u00e4.<\/p>\n<p>Siin\u00e4 on viisi toiminton\u00e4pp\u00e4int\u00e4 pikavalinnoille ja kolme h\u00e4t\u00e4n\u00e4pp\u00e4int\u00e4 t\u00e4rkeiden toimintojen nopeaa k\u00e4ytt\u00f6\u00e4 varten.<\/p>\n<p>Virrankulutus on 55-105 mA, mik\u00e4 tekee siit\u00e4 energiatehokkaan.<\/p>\n<p>Lis\u00e4ksi n\u00e4pp\u00e4imist\u00f6ss\u00e4 on intuitiiviset ohjelmointivaihtoehdot ja k\u00e4ytt\u00e4j\u00e4yst\u00e4v\u00e4llinen muotoilu, joten se on ihanteellinen ratkaisu sek\u00e4 koteihin ett\u00e4 yrityksille, jotka etsiv\u00e4t luotettavaa ja joustavaa turvallisuutta.<\/p>","protected":false},"excerpt":{"rendered":"<p>DSC Hardwired Keypad PowerG HS2LCDRF on langallinen n\u00e4pp\u00e4imist\u00f6 radiolla, tukee englantia ja viitt\u00e4 kielt\u00e4 ja tarjoaa joustavia turvaratkaisuja NEO-h\u00e4lytysj\u00e4rjestelm\u00e4\u00e4n.<\/p>","protected":false},"featured_media":145220,"template":"","meta":{"_acf_changed":false},"product_brand":[],"product_cat":[3329,1322],"product_tag":[3311,3028,3029],"class_list":{"0":"post-57110","1":"product","2":"type-product","3":"status-publish","4":"has-post-thumbnail","6":"product_cat-knappsats-kod","7":"product_cat-dsc-larm-neo-power-hybridlarm","8":"product_tag-dsc-neo-svensk-manual","9":"product_tag-neo-knappsats-manoverpaneler","10":"product_tag-neo-dsc-knappsats-manoverpaneler","11":"product_shipping_class-postnord-varubrev","12":"pa_brands-4dsc","13":"pa_dsc-neo-hybridlarm-knappsatser","14":"tm-has-options","16":"first","17":"instock","18":"sale","19":"featured","20":"taxable","21":"shipping-taxable","22":"purchasable","23":"product-type-simple"},"acf":[],"_links":{"self":[{"href":"https:\/\/secureus.se\/fi\/wp-json\/wp\/v2\/product\/57110","targetHints":{"allow":["GET"]}}],"collection":[{"href":"https:\/\/secureus.se\/fi\/wp-json\/wp\/v2\/product"}],"about":[{"href":"https:\/\/secureus.se\/fi\/wp-json\/wp\/v2\/types\/product"}],"wp:featuredmedia":[{"embeddable":true,"href":"https:\/\/secureus.se\/fi\/wp-json\/wp\/v2\/media\/145220"}],"wp:attachment":[{"href":"https:\/\/secureus.se\/fi\/wp-json\/wp\/v2\/media?parent=57110"}],"wp:term":[{"taxonomy":"product_brand","embeddable":true,"href":"https:\/\/secureus.se\/fi\/wp-json\/wp\/v2\/product_brand?post=57110"},{"taxonomy":"product_cat","embeddable":true,"href":"https:\/\/secureus.se\/fi\/wp-json\/wp\/v2\/product_cat?post=57110"},{"taxonomy":"product_tag","embeddable":true,"href":"https:\/\/secureus.se\/fi\/wp-json\/wp\/v2\/product_tag?post=57110"}],"curies":[{"name":"wp","href":"https:\/\/api.w.org\/{rel}","templated":true}]}}