{"id":57112,"date":"2022-03-10T15:42:00","date_gmt":"2022-03-10T14:42:00","guid":{"rendered":"https:\/\/secureus.se\/produkt\/kapsling-large-till-neo-multi-80-va-trafo\/"},"modified":"2026-04-01T14:36:17","modified_gmt":"2026-04-01T12:36:17","slug":"dsc-kapsling-multi-80-va","status":"publish","type":"product","link":"https:\/\/secureus.se\/fi\/dsc-kapsling-multi-80-va\/","title":{"rendered":"Kotelo Multi (suuri) sis\u00e4\u00e4nrakennetulla 80 VA Trafo Multilla DSC:lle \u2013 Paradox ja Risco AWO300"},"content":{"rendered":"<h1><strong>DSC-kotelo, jossa on sis\u00e4\u00e4nrakennettu 80 VA<\/strong> muuntaja on vankka ja monipuolinen ratkaisu kaikkiin h\u00e4lytys- ja tietoliikenneasennuksiin.<\/h1>\n<p>Se on suunniteltu yhteensopivaksi Risco-, DSC NEO- ja Paradox-j\u00e4rjestelmien kanssa, joten se on erinomainen valinta k\u00e4ytt\u00e4jille, jotka etsiv\u00e4t luotettavaa ja turvallista virtal\u00e4hdett\u00e4.<\/p>\n<p>Kotelo on metallilevy\u00e4 ja siin\u00e4 on IP-suojaus (IP20), mik\u00e4 tarkoittaa, ett\u00e4 se on tarkoitettu sis\u00e4k\u00e4ytt\u00f6\u00f6n.<\/p>\n<p>Muuntajan l\u00e4ht\u00f6teho on 80 VA ja se sy\u00f6tt\u00e4\u00e4 jopa 5 A virtaa eri j\u00e4nnitteill\u00e4 (16VAC, 18VAC, 20VAC).<\/p>\n<p>Koteloon mahtuu 7 Ah tai 17 Ah akku ja sen mitat ovat 320 x 400 x 120 mm (\u00b1 2 mm). Se on my\u00f6s varustettu peukalointikoskettimella, joka varmistaa lis\u00e4suojan luvattomalta k\u00e4yt\u00f6lt\u00e4. Kotelo voidaan asentaa pintaan, mik\u00e4 helpottaa asennusta erilaisiin ymp\u00e4rist\u00f6ihin.<\/p>\n<p><strong>Tekniset tiedot:<\/strong><\/p>\n<ul>\n<li><strong>Nykyinen:<\/strong> 5A \/ 16VAC, 4,5A \/ 18VAC, 4A \/ 20VAC<\/li>\n<li><strong>Akun kapasiteetti:<\/strong> 1 x 7 Ah \/ 1 x 17 Ah<\/li>\n<li><strong>Mitata:<\/strong> 320 x 400 x 120 mm (+\/- 2 mm)<\/li>\n<li><strong>Materiaali:<\/strong> Levy<\/li>\n<li><strong>IP-suojaus:<\/strong> IP20 (sis\u00e4asennus)<\/li>\n<\/ul>\n<p>Kotelo on tehokas ja turvallinen ratkaisu korkeaa laatua ja luotettavuutta vaativiin asennuksiin.<\/p>\n<p>Se on osa DSC:n sitoutumista tarjota ylivoimaisia turvaratkaisuja sek\u00e4 koteihin ett\u00e4 yrityksille.<\/p>","protected":false},"excerpt":{"rendered":"<p>DSC Enclosure Multi on suuri kotelo, jossa on sis\u00e4\u00e4nrakennettu 80 VA muuntaja, joka sopii ihanteellisesti DSC-, Paradox- ja Risco-asennuksiin.<\/p>\n<p>Se tarjoaa luotettavan virransy\u00f6t\u00f6n ja sopii erinomaisesti sek\u00e4 h\u00e4lytys- ett\u00e4 tietoliikenneasennuksiin.<\/p>","protected":false},"featured_media":145079,"template":"","meta":{"_acf_changed":false},"product_brand":[],"product_cat":[3323,1322],"product_tag":[3311,3022],"class_list":{"0":"post-57112","1":"product","2":"type-product","3":"status-publish","4":"has-post-thumbnail","6":"product_cat-kapsling","7":"product_cat-dsc-larm-neo-power-hybridlarm","8":"product_tag-dsc-neo-svensk-manual","9":"product_tag-neo-central-kapslingar","10":"product_shipping_class-postnord-varubrev","11":"pa_brands-pulsar","12":"pa_dsc-neo-hybridlarm-kapslingar-boxar","13":"tm-has-options","15":"first","16":"instock","17":"sale","18":"featured","19":"taxable","20":"shipping-taxable","21":"purchasable","22":"product-type-simple"},"acf":[],"_links":{"self":[{"href":"https:\/\/secureus.se\/fi\/wp-json\/wp\/v2\/product\/57112","targetHints":{"allow":["GET"]}}],"collection":[{"href":"https:\/\/secureus.se\/fi\/wp-json\/wp\/v2\/product"}],"about":[{"href":"https:\/\/secureus.se\/fi\/wp-json\/wp\/v2\/types\/product"}],"wp:featuredmedia":[{"embeddable":true,"href":"https:\/\/secureus.se\/fi\/wp-json\/wp\/v2\/media\/145079"}],"wp:attachment":[{"href":"https:\/\/secureus.se\/fi\/wp-json\/wp\/v2\/media?parent=57112"}],"wp:term":[{"taxonomy":"product_brand","embeddable":true,"href":"https:\/\/secureus.se\/fi\/wp-json\/wp\/v2\/product_brand?post=57112"},{"taxonomy":"product_cat","embeddable":true,"href":"https:\/\/secureus.se\/fi\/wp-json\/wp\/v2\/product_cat?post=57112"},{"taxonomy":"product_tag","embeddable":true,"href":"https:\/\/secureus.se\/fi\/wp-json\/wp\/v2\/product_tag?post=57112"}],"curies":[{"name":"wp","href":"https:\/\/api.w.org\/{rel}","templated":true}]}}