{"id":57113,"date":"2022-03-10T15:42:00","date_gmt":"2022-03-10T14:42:00","guid":{"rendered":"https:\/\/secureus.se\/produkt\/dsc-neo-knappsats-tradbunden-hs2lcdp-prox-engelsk-text\/"},"modified":"2026-02-20T11:29:52","modified_gmt":"2026-02-20T10:29:52","slug":"dsc-hs2lcdp-hardwired-keypad-prox-eng","status":"publish","type":"product","link":"https:\/\/secureus.se\/fi\/dsc-hs2lcdp-hardwired-keypad-prox-eng\/","title":{"rendered":"DSC HS2LCDP Kiinte\u00e4 n\u00e4pp\u00e4imist\u00f6 + Proxreader tukee englantia, ranskaa, italiaa, saksaa, hollantia ja puolaa."},"content":{"rendered":"<p><strong>DSC HS2LCDP Kiinte\u00e4 n\u00e4pp\u00e4imist\u00f6 Noin<\/strong> on laadukas n\u00e4pp\u00e4imist\u00f6, joka on suunniteltu DSC NEO -h\u00e4lytysj\u00e4rjestelm\u00e4\u00e4n.<\/p>\n<p>Se on varustettu selke\u00e4ll\u00e4 LCD-n\u00e4yt\u00f6ll\u00e4, joka n\u00e4ytt\u00e4\u00e4 tiedot englanniksi sek\u00e4 tuen viidelle muulle kielelle: ranskaksi, italiaksi, saksaksi, hollanniksi ja puolaksi.<\/p>\n<p>T\u00e4ss\u00e4 n\u00e4pp\u00e4imist\u00f6ss\u00e4 on sis\u00e4\u00e4nrakennettu PROX\/EM-lukija, joka mahdollistaa l\u00e4heisyyskorttien k\u00e4yt\u00f6n helpon ja turvallisen k\u00e4yt\u00f6n takaamiseksi.<\/p>\n<p>HS2LCDP:ss\u00e4 on vapaasti ohjelmoitavat tekstit osioihin ja h\u00e4lytysalueisiin, mik\u00e4 antaa k\u00e4ytt\u00e4jille mahdollisuuden mukauttaa j\u00e4rjestelm\u00e4\u00e4 omiin tarpeisiinsa. Tapahtumamuisti on helposti luettavissa n\u00e4yt\u00f6lt\u00e4.<\/p>\n<p>Viidell\u00e4 pikatoiminton\u00e4pp\u00e4imell\u00e4 ja kolmella h\u00e4t\u00e4n\u00e4pp\u00e4imell\u00e4 n\u00e4pp\u00e4imist\u00f6 tarjoaa nopean ja tehokkaan p\u00e4\u00e4syn t\u00e4rkeisiin toimintoihin.<\/p>\n<p>Virrankulutus on 55-105 mA, mik\u00e4 tekee siit\u00e4 energiatehokkaan ja luotettavan.<\/p>\n<p>DSC HS2LCDP ei ole vain k\u00e4ytt\u00e4j\u00e4yst\u00e4v\u00e4llinen, vaan my\u00f6s kest\u00e4v\u00e4, joten se on erinomainen valinta niin koteihin kuin yrityksille, jotka etsiv\u00e4t joustavaa ja luotettavaa turvaratkaisua.<\/p>","protected":false},"excerpt":{"rendered":"<p>DSC HS2LCDP Hardwired Keypad Prox on langallinen n\u00e4pp\u00e4imist\u00f6 PROX-lukijalla, tukee englantia ja viitt\u00e4 kielt\u00e4, t\u00e4ydellinen DSC NEO -h\u00e4lytysj\u00e4rjestelm\u00e4\u00e4n.<\/p>","protected":false},"featured_media":145225,"template":"","meta":{"_acf_changed":false},"product_brand":[],"product_cat":[3329,1322],"product_tag":[3311,3028,3029],"class_list":{"0":"post-57113","1":"product","2":"type-product","3":"status-publish","4":"has-post-thumbnail","6":"product_cat-knappsats-kod","7":"product_cat-dsc-larm-neo-power-hybridlarm","8":"product_tag-dsc-neo-svensk-manual","9":"product_tag-neo-knappsats-manoverpaneler","10":"product_tag-neo-dsc-knappsats-manoverpaneler","11":"product_shipping_class-postnord-varubrev","12":"pa_brands-4dsc","13":"pa_dsc-neo-hybridlarm-knappsatser","14":"tm-has-options","16":"first","17":"instock","18":"sale","19":"featured","20":"taxable","21":"shipping-taxable","22":"purchasable","23":"product-type-simple"},"acf":[],"_links":{"self":[{"href":"https:\/\/secureus.se\/fi\/wp-json\/wp\/v2\/product\/57113","targetHints":{"allow":["GET"]}}],"collection":[{"href":"https:\/\/secureus.se\/fi\/wp-json\/wp\/v2\/product"}],"about":[{"href":"https:\/\/secureus.se\/fi\/wp-json\/wp\/v2\/types\/product"}],"wp:featuredmedia":[{"embeddable":true,"href":"https:\/\/secureus.se\/fi\/wp-json\/wp\/v2\/media\/145225"}],"wp:attachment":[{"href":"https:\/\/secureus.se\/fi\/wp-json\/wp\/v2\/media?parent=57113"}],"wp:term":[{"taxonomy":"product_brand","embeddable":true,"href":"https:\/\/secureus.se\/fi\/wp-json\/wp\/v2\/product_brand?post=57113"},{"taxonomy":"product_cat","embeddable":true,"href":"https:\/\/secureus.se\/fi\/wp-json\/wp\/v2\/product_cat?post=57113"},{"taxonomy":"product_tag","embeddable":true,"href":"https:\/\/secureus.se\/fi\/wp-json\/wp\/v2\/product_tag?post=57113"}],"curies":[{"name":"wp","href":"https:\/\/api.w.org\/{rel}","templated":true}]}}