{"id":57116,"date":"2022-03-10T15:42:00","date_gmt":"2022-03-10T14:42:00","guid":{"rendered":"https:\/\/secureus.se\/produkt\/dsc-neo-knappsats-tradbunden-hs2lcdrfp-med-powerg-transceiver-prox-engelsk-text\/"},"modified":"2025-12-31T19:55:02","modified_gmt":"2025-12-31T18:55:02","slug":"dsc-hardwired-keypad-prox-hs2lcdrfp-e","status":"publish","type":"product","link":"https:\/\/secureus.se\/fi\/dsc-hardwired-keypad-prox-hs2lcdrfp-e\/","title":{"rendered":"DSC Hardwired Keypad Prox HS2LCDRFP Prox ja Radio tukevat englantia, ranskaa, italiaa, saksaa, hollantia ja puolaa."},"content":{"rendered":"<p><strong>DSC kiinte\u00e4 n\u00e4pp\u00e4imist\u00f6 Prox HS2LCDRFP<\/strong> on edistyksellinen n\u00e4pp\u00e4imist\u00f6, joka on suunniteltu DSC NEO -h\u00e4lytysj\u00e4rjestelm\u00e4\u00e4n.<\/p>\n<p>Selke\u00e4 ja ter\u00e4v\u00e4 LCD-n\u00e4ytt\u00f6 n\u00e4ytt\u00e4\u00e4 tiedot englanniksi, ranskaksi, italiaksi, saksaksi, hollanniksi ja puolaksi, joten t\u00e4m\u00e4 n\u00e4pp\u00e4imist\u00f6 on t\u00e4ydellinen k\u00e4ytt\u00e4jille monikielisiss\u00e4 ymp\u00e4rist\u00f6iss\u00e4.<\/p>\n<p>Siin\u00e4 on sis\u00e4\u00e4nrakennettu PROX\/EM-lukija, joka mahdollistaa helpon ja turvallisen k\u00e4yt\u00f6n l\u00e4hikorttien kautta.<\/p>\n<p>HS2LCDRFP tarjoaa vapaasti ohjelmoitavia tekstej\u00e4 osioihin ja h\u00e4lytysalueisiin, joiden avulla k\u00e4ytt\u00e4j\u00e4t voivat mukauttaa j\u00e4rjestelm\u00e4n erityistarpeisiinsa.<\/p>\n<p>Tapahtumamuisti on helposti luettavissa n\u00e4yt\u00f6lt\u00e4.<\/p>\n<p>N\u00e4pp\u00e4imist\u00f6ss\u00e4 on viisi toiminton\u00e4pp\u00e4int\u00e4 pikan\u00e4pp\u00e4imi\u00e4 varten ja kolme h\u00e4t\u00e4n\u00e4pp\u00e4int\u00e4, jotka mahdollistavat nopean p\u00e4\u00e4syn t\u00e4rkeisiin toimintoihin.<\/p>\n<p>Virrankulutus on 55-105 mA, mik\u00e4 tekee siit\u00e4 sek\u00e4 energiatehokkaan ett\u00e4 luotettavan.<\/p>\n<p>T\u00e4m\u00e4 tuote sopii erinomaisesti niin koteihin kuin yrityksille, jotka etsiv\u00e4t joustavaa ja k\u00e4ytt\u00e4j\u00e4yst\u00e4v\u00e4llist\u00e4 turvaratkaisua.<\/p>","protected":false},"excerpt":{"rendered":"<p>DSC Hardwired Keypad Prox HS2LCDRFP on langallinen n\u00e4pp\u00e4imist\u00f6 PROX-lukijalla ja sis\u00e4\u00e4nrakennetulla radiovastaanottimella, tukee englantia ja viitt\u00e4 muuta kielt\u00e4.<\/p>","protected":false},"featured_media":140994,"template":"","meta":{"_acf_changed":false},"product_brand":[],"product_cat":[3329,1322],"product_tag":[3311,3028,3029],"class_list":{"0":"post-57116","1":"product","2":"type-product","3":"status-publish","4":"has-post-thumbnail","6":"product_cat-knappsats-kod","7":"product_cat-dsc-larm-neo-power-hybridlarm","8":"product_tag-dsc-neo-svensk-manual","9":"product_tag-neo-knappsats-manoverpaneler","10":"product_tag-neo-dsc-knappsats-manoverpaneler","11":"product_shipping_class-postnord-varubrev","12":"pa_brands-4dsc","13":"pa_dsc-neo-hybridlarm-knappsatser","14":"tm-has-options","16":"first","17":"instock","18":"sale","19":"featured","20":"taxable","21":"shipping-taxable","22":"purchasable","23":"product-type-simple"},"acf":[],"_links":{"self":[{"href":"https:\/\/secureus.se\/fi\/wp-json\/wp\/v2\/product\/57116","targetHints":{"allow":["GET"]}}],"collection":[{"href":"https:\/\/secureus.se\/fi\/wp-json\/wp\/v2\/product"}],"about":[{"href":"https:\/\/secureus.se\/fi\/wp-json\/wp\/v2\/types\/product"}],"wp:featuredmedia":[{"embeddable":true,"href":"https:\/\/secureus.se\/fi\/wp-json\/wp\/v2\/media\/140994"}],"wp:attachment":[{"href":"https:\/\/secureus.se\/fi\/wp-json\/wp\/v2\/media?parent=57116"}],"wp:term":[{"taxonomy":"product_brand","embeddable":true,"href":"https:\/\/secureus.se\/fi\/wp-json\/wp\/v2\/product_brand?post=57116"},{"taxonomy":"product_cat","embeddable":true,"href":"https:\/\/secureus.se\/fi\/wp-json\/wp\/v2\/product_cat?post=57116"},{"taxonomy":"product_tag","embeddable":true,"href":"https:\/\/secureus.se\/fi\/wp-json\/wp\/v2\/product_tag?post=57116"}],"curies":[{"name":"wp","href":"https:\/\/api.w.org\/{rel}","templated":true}]}}