{"id":57122,"date":"2022-03-10T15:42:00","date_gmt":"2022-03-10T14:42:00","guid":{"rendered":"https:\/\/secureus.se\/produkt\/dsc-neo-knappsats-tradlos-hs2lcd-wf-p-prox-engelsk-text\/"},"modified":"2026-01-21T09:37:38","modified_gmt":"2026-01-21T08:37:38","slug":"dsc-hs2lcdwfp-wireless-prox-powerg","status":"publish","type":"product","link":"https:\/\/secureus.se\/fi\/dsc-hs2lcdwfp-wireless-prox-powerg\/","title":{"rendered":"DSC HS2LCDWFP langaton LCD-n\u00e4pp\u00e4imist\u00f6 + Prox tukee englantia, ranskaa, italiaa, saksaa, hollantia ja puolaa."},"content":{"rendered":"<p><strong>DSC HS2LCDWFP<\/strong> on langaton LCD-n\u00e4pp\u00e4imist\u00f6, joka on suunniteltu toimimaan DSC Neo -h\u00e4lytysj\u00e4rjestelm\u00e4n kanssa.<\/p>\n<p>Siin\u00e4 on kirkas ja selke\u00e4 LCD-n\u00e4ytt\u00f6, joka n\u00e4ytt\u00e4\u00e4 tiedot englanniksi ja tukee viitt\u00e4 muuta kielt\u00e4: ranskaa, italiaa, saksaa, hollantia ja puolaa.<\/p>\n<p>Tuotteen mukana tulevat k\u00e4ytt\u00f6ohjeet ovat saatavilla englanniksi, italiaksi, hollanniksi ja puolaksi.<\/p>\n<p>T\u00e4m\u00e4 n\u00e4pp\u00e4imist\u00f6 tarjoaa vaikuttavan langattoman kantaman jopa 2000 metriin ulkona, ja siin\u00e4 on sis\u00e4\u00e4nrakennettu radiovastaanotin langattomien antureiden ja muiden Neo-tuotteiden yhdist\u00e4miseen.<\/p>\n<p>Lis\u00e4ksi HS2LCDWFP on varustettu PROX\/EM-lukijalla, joka mahdollistaa helpon ja nopean p\u00e4\u00e4syn tunnisteiden kautta.<\/p>\n<p>N\u00e4pp\u00e4imist\u00f6ss\u00e4 on vapaasti ohjelmoitavat tekstit eri osioihin ja h\u00e4lytysalueisiin sek\u00e4 n\u00e4yt\u00f6lt\u00e4 luettava tapahtumamuisti.<\/p>\n<p>Se on varustettu viidell\u00e4 pikan\u00e4pp\u00e4intoimintopainikkeella ja kolmella h\u00e4t\u00e4painikkeella, mik\u00e4 tekee siit\u00e4 eritt\u00e4in k\u00e4ytt\u00e4j\u00e4yst\u00e4v\u00e4llisen.<\/p>\n<p>Virrankulutus on 55-105 mA, mik\u00e4 tekee siit\u00e4 energiatehokkaan ja luotettavan.<\/p>\n<p>DSC HS2LCDWFP on t\u00e4ydellinen sek\u00e4 koteihin ett\u00e4 yrityksille, jotka etsiv\u00e4t modernia ja joustavaa turvaratkaisua.<\/p>","protected":false},"excerpt":{"rendered":"<p>DSC HS2LCDWFP on t\u00e4ysin langaton LCD-n\u00e4pp\u00e4imist\u00f6, jossa on sis\u00e4\u00e4nrakennettu Prox-lukija, englannin ja viiden muun kielen tuki.<\/p>","protected":false},"featured_media":141643,"template":"","meta":{"_acf_changed":false},"product_brand":[],"product_cat":[3329,1322],"product_tag":[3311,3028,3029],"class_list":{"0":"post-57122","1":"product","2":"type-product","3":"status-publish","4":"has-post-thumbnail","6":"product_cat-knappsats-kod","7":"product_cat-dsc-larm-neo-power-hybridlarm","8":"product_tag-dsc-neo-svensk-manual","9":"product_tag-neo-knappsats-manoverpaneler","10":"product_tag-neo-dsc-knappsats-manoverpaneler","11":"product_shipping_class-postnord-varubrev","12":"pa_brands-4dsc","13":"pa_dsc-neo-hybridlarm-knappsatser","14":"tm-has-options","16":"first","17":"instock","18":"sale","19":"featured","20":"taxable","21":"shipping-taxable","22":"purchasable","23":"product-type-simple"},"acf":[],"_links":{"self":[{"href":"https:\/\/secureus.se\/fi\/wp-json\/wp\/v2\/product\/57122","targetHints":{"allow":["GET"]}}],"collection":[{"href":"https:\/\/secureus.se\/fi\/wp-json\/wp\/v2\/product"}],"about":[{"href":"https:\/\/secureus.se\/fi\/wp-json\/wp\/v2\/types\/product"}],"wp:featuredmedia":[{"embeddable":true,"href":"https:\/\/secureus.se\/fi\/wp-json\/wp\/v2\/media\/141643"}],"wp:attachment":[{"href":"https:\/\/secureus.se\/fi\/wp-json\/wp\/v2\/media?parent=57122"}],"wp:term":[{"taxonomy":"product_brand","embeddable":true,"href":"https:\/\/secureus.se\/fi\/wp-json\/wp\/v2\/product_brand?post=57122"},{"taxonomy":"product_cat","embeddable":true,"href":"https:\/\/secureus.se\/fi\/wp-json\/wp\/v2\/product_cat?post=57122"},{"taxonomy":"product_tag","embeddable":true,"href":"https:\/\/secureus.se\/fi\/wp-json\/wp\/v2\/product_tag?post=57122"}],"curies":[{"name":"wp","href":"https:\/\/api.w.org\/{rel}","templated":true}]}}