{"id":57164,"date":"2022-03-10T15:28:00","date_gmt":"2022-03-10T14:28:00","guid":{"rendered":"https:\/\/secureus.se\/produkt\/nyckelband-15-mm-visitor-sakerhetsspanne-j-klamma-i-plast-100-pack-farg-rod\/"},"modified":"2025-12-31T19:53:49","modified_gmt":"2025-12-31T18:53:49","slug":"nyckelband-15-mm-visitor-sakerhetsspanne-j-klamma-i-plast-100-pack-farg-rod","status":"publish","type":"product","link":"https:\/\/secureus.se\/fi\/nyckelband-15-mm-visitor-sakerhetsspanne-j-klamma-i-plast-100-pack-farg-rod\/","title":{"rendered":"Avaimenper\u00e4 15 mm Visitor Red Turvasolki J-klipsi muovissa 100 kpl"},"content":{"rendered":"<p>Avaimenper\u00e4 15mm &quot;Visitor&quot; Turvasolki ja J-klipsi muovia (100 kpl)<\/p>\n<p>15 mm kaulanauha viimeistellyll\u00e4 valkoisella tekstill\u00e4 &quot;VISITOR&quot;<\/p>","protected":false},"excerpt":{"rendered":"<p>Avaimenper\u00e4 15mm &quot;Visitor&quot; Muovinen turvasolki ja J-klipsi (100 kpl) 15mm kaulanauha viimeistellyll\u00e4 valkoisella tekstill\u00e4 &quot;VISITOR&quot;<\/p>","protected":false},"featured_media":145260,"template":"","meta":{"_acf_changed":false},"product_brand":[],"product_cat":[1875],"product_tag":[4360,4358,2958],"class_list":{"0":"post-57164","1":"product","2":"type-product","3":"status-publish","4":"has-post-thumbnail","6":"product_cat-nyckelband","7":"product_tag-15mm","8":"product_tag-roda-nyckelband","9":"product_tag-stonehouse-produkt","10":"product_shipping_class-tunga-paket","11":"pa_brands-stonehouse-security","12":"pa_farg-rod","13":"pa_farg-nyckelband-rod","14":"pa_rfid-tillbehor-nyckelband-halsband","15":"tm-no-options","17":"first","18":"instock","19":"sale","20":"featured","21":"taxable","22":"shipping-taxable","23":"purchasable","24":"product-type-simple"},"acf":[],"_links":{"self":[{"href":"https:\/\/secureus.se\/fi\/wp-json\/wp\/v2\/product\/57164","targetHints":{"allow":["GET"]}}],"collection":[{"href":"https:\/\/secureus.se\/fi\/wp-json\/wp\/v2\/product"}],"about":[{"href":"https:\/\/secureus.se\/fi\/wp-json\/wp\/v2\/types\/product"}],"wp:featuredmedia":[{"embeddable":true,"href":"https:\/\/secureus.se\/fi\/wp-json\/wp\/v2\/media\/145260"}],"wp:attachment":[{"href":"https:\/\/secureus.se\/fi\/wp-json\/wp\/v2\/media?parent=57164"}],"wp:term":[{"taxonomy":"product_brand","embeddable":true,"href":"https:\/\/secureus.se\/fi\/wp-json\/wp\/v2\/product_brand?post=57164"},{"taxonomy":"product_cat","embeddable":true,"href":"https:\/\/secureus.se\/fi\/wp-json\/wp\/v2\/product_cat?post=57164"},{"taxonomy":"product_tag","embeddable":true,"href":"https:\/\/secureus.se\/fi\/wp-json\/wp\/v2\/product_tag?post=57164"}],"curies":[{"name":"wp","href":"https:\/\/api.w.org\/{rel}","templated":true}]}}