{"id":57179,"date":"2022-03-10T15:28:00","date_gmt":"2022-03-10T14:28:00","guid":{"rendered":"https:\/\/secureus.se\/produkt\/nyckelband-staff-hummerklamma-sakerhetspanne-i-metall-100-pack-farg-ljusgra-ton\/"},"modified":"2025-12-31T19:45:40","modified_gmt":"2025-12-31T18:45:40","slug":"nyckelband-staff-hummerklamma-sakerhetspanne-i-metall-100-pack-farg-ljusgra-ton","status":"publish","type":"product","link":"https:\/\/secureus.se\/fi\/nyckelband-staff-hummerklamma-sakerhetspanne-i-metall-100-pack-farg-ljusgra-ton\/","title":{"rendered":"Keychain Staff Harmaa hummeripidike Turvasolki 100 kpl"},"content":{"rendered":"<p>Deluxe Royal Blue 15mm polyesteriremmi, jossa &quot;STAFF&quot; kirjoitettu valkoisella tekstill\u00e4.<\/p>\n<p>Sis\u00e4lt\u00e4\u00e4 turvasoljen ja metallisen hummeripidikkeen.<\/p>\n<p>Nauha on helppo kiinnitt\u00e4\u00e4 takaisin irrotuksen j\u00e4lkeen.<\/p>\n<p>T\u00e4ydellinen henkil\u00f6korttien, k\u00e4yntikorttien n\u00e4ytt\u00e4miseen tai muiden esineiden, kuten matkapuhelimien, pillien, USB-tikkujen jne., kiinnitt\u00e4miseen.<\/p>\n<p>&nbsp;<\/p>","protected":false},"excerpt":{"rendered":"<p>Deluxe Royal Blue 15mm polyesteriremmi, jossa &quot;STAFF&quot; kirjoitettu valkoisella tekstill\u00e4. Sis\u00e4lt\u00e4\u00e4 turvasoljen ja metallisen hummeripidikkeen. Nauha on helppo kiinnitt\u00e4\u00e4 takaisin irrotuksen j\u00e4lkeen. T\u00e4ydellinen henkil\u00f6korttien n\u00e4ytt\u00e4miseen,<\/p>","protected":false},"featured_media":145248,"template":"","meta":{"_acf_changed":false},"product_brand":[],"product_cat":[1875],"product_tag":[4360,4351,2958],"class_list":{"0":"post-57179","1":"product","2":"type-product","3":"status-publish","4":"has-post-thumbnail","6":"product_cat-nyckelband","7":"product_tag-15mm","8":"product_tag-gra-nyckelband","9":"product_tag-stonehouse-produkt","10":"product_shipping_class-tunga-paket","11":"pa_brands-stonehouse-security","12":"pa_farg-gra","13":"pa_farg-nyckelband-gra","14":"pa_rfid-tillbehor-nyckelband-halsband","15":"tm-no-options","17":"first","18":"instock","19":"sale","20":"featured","21":"taxable","22":"shipping-taxable","23":"purchasable","24":"product-type-simple"},"acf":[],"_links":{"self":[{"href":"https:\/\/secureus.se\/fi\/wp-json\/wp\/v2\/product\/57179","targetHints":{"allow":["GET"]}}],"collection":[{"href":"https:\/\/secureus.se\/fi\/wp-json\/wp\/v2\/product"}],"about":[{"href":"https:\/\/secureus.se\/fi\/wp-json\/wp\/v2\/types\/product"}],"wp:featuredmedia":[{"embeddable":true,"href":"https:\/\/secureus.se\/fi\/wp-json\/wp\/v2\/media\/145248"}],"wp:attachment":[{"href":"https:\/\/secureus.se\/fi\/wp-json\/wp\/v2\/media?parent=57179"}],"wp:term":[{"taxonomy":"product_brand","embeddable":true,"href":"https:\/\/secureus.se\/fi\/wp-json\/wp\/v2\/product_brand?post=57179"},{"taxonomy":"product_cat","embeddable":true,"href":"https:\/\/secureus.se\/fi\/wp-json\/wp\/v2\/product_cat?post=57179"},{"taxonomy":"product_tag","embeddable":true,"href":"https:\/\/secureus.se\/fi\/wp-json\/wp\/v2\/product_tag?post=57179"}],"curies":[{"name":"wp","href":"https:\/\/api.w.org\/{rel}","templated":true}]}}