{"id":57193,"date":"2022-03-10T15:27:00","date_gmt":"2022-03-10T14:27:00","guid":{"rendered":"https:\/\/secureus.se\/produkt\/nyckelband-eko-regnbage-med-j-klamma-i-metall-100-pack\/"},"modified":"2025-12-31T19:39:02","modified_gmt":"2025-12-31T18:39:02","slug":"nyckelband-eko-regnbage-med-j-klamma-i-metall-100-pack","status":"publish","type":"product","link":"https:\/\/secureus.se\/fi\/nyckelband-eko-regnbage-med-j-klamma-i-metall-100-pack\/","title":{"rendered":"Avaimenper\u00e4 Eco Rainbow J-klipsill\u00e4 metallissa 100 kpl"},"content":{"rendered":"<div>\n<div id=\"Product-Description\">\n<p>&quot;Rainbow&quot; kaulanauhat saatavana joko &quot;metallisella hummerilukolla&quot; tai muovisella J-koukulla.<\/p>\n<p>N\u00e4iss\u00e4 sateenkaarinauhoissa on samat v\u00e4rit kuin Pride-lipussa, ja niiden avulla asiakkaat voivat tukea LGBT+-yhteis\u00f6\u00e4 vahvistaen tasa-arvoa ja monimuotoisuutta.<\/p>\n<p>N\u00e4m\u00e4 kaulanauhat on valmistettu rPET:st\u00e4, joka on kierr\u00e4tetyist\u00e4 muovipulloista valmistettua materiaalia, mik\u00e4 tekee niist\u00e4 ymp\u00e4rist\u00f6yst\u00e4v\u00e4llisemm\u00e4n vaihtoehdon polyesterille.<\/p>\n<\/div>\n<\/div>","protected":false},"excerpt":{"rendered":"<p>&quot;Rainbow&quot; kaulanauhat saatavana joko &quot;metallisella hummerilukolla&quot; tai muovisella J-koukulla. N\u00e4ill\u00e4 sateenkaarinauhoilla on samat v\u00e4rit kuin Pride-lipussa, ja ne antavat asiakkaillesi mahdollisuuden tukea LGBT+:ta<\/p>","protected":false},"featured_media":145289,"template":"","meta":{"_acf_changed":false},"product_brand":[],"product_cat":[1875],"product_tag":[2958],"class_list":{"0":"post-57193","1":"product","2":"type-product","3":"status-publish","4":"has-post-thumbnail","6":"product_cat-nyckelband","7":"product_tag-stonehouse-produkt","8":"product_shipping_class-tunga-paket","9":"pa_brands-stonehouse-security","10":"pa_farg-regnbage","11":"pa_farg-nyckelband-regnbage","12":"pa_rfid-tillbehor-nyckelband-halsband","13":"tm-no-options","15":"first","16":"instock","17":"sale","18":"featured","19":"taxable","20":"shipping-taxable","21":"purchasable","22":"product-type-simple"},"acf":[],"_links":{"self":[{"href":"https:\/\/secureus.se\/fi\/wp-json\/wp\/v2\/product\/57193","targetHints":{"allow":["GET"]}}],"collection":[{"href":"https:\/\/secureus.se\/fi\/wp-json\/wp\/v2\/product"}],"about":[{"href":"https:\/\/secureus.se\/fi\/wp-json\/wp\/v2\/types\/product"}],"wp:featuredmedia":[{"embeddable":true,"href":"https:\/\/secureus.se\/fi\/wp-json\/wp\/v2\/media\/145289"}],"wp:attachment":[{"href":"https:\/\/secureus.se\/fi\/wp-json\/wp\/v2\/media?parent=57193"}],"wp:term":[{"taxonomy":"product_brand","embeddable":true,"href":"https:\/\/secureus.se\/fi\/wp-json\/wp\/v2\/product_brand?post=57193"},{"taxonomy":"product_cat","embeddable":true,"href":"https:\/\/secureus.se\/fi\/wp-json\/wp\/v2\/product_cat?post=57193"},{"taxonomy":"product_tag","embeddable":true,"href":"https:\/\/secureus.se\/fi\/wp-json\/wp\/v2\/product_tag?post=57193"}],"curies":[{"name":"wp","href":"https:\/\/api.w.org\/{rel}","templated":true}]}}