{"id":57199,"date":"2022-03-10T15:27:00","date_gmt":"2022-03-10T14:27:00","guid":{"rendered":"https:\/\/secureus.se\/produkt\/ensidig-eko-serie-id-korthallare-liggande-for-cr80-kort-100-pack-farg-vit\/"},"modified":"2025-12-31T19:51:00","modified_gmt":"2025-12-31T18:51:00","slug":"id-korthallare-passerkortshallare-transparent-enkel-liggande-100-pack","status":"publish","type":"product","link":"https:\/\/secureus.se\/fi\/id-korthallare-passerkortshallare-transparent-enkel-liggande-100-pack\/","title":{"rendered":"Korttikotelo kulkukorteille \/ henkil\u00f6korteille \u2013 Eko BioBadge CR80 Landscape, yksipuolinen, l\u00e4pin\u00e4kyv\u00e4 (100 kpl)"},"content":{"rendered":"<div id=\"Product-Description\">\n<p>L\u00e4pin\u00e4kyv\u00e4 yksipuolinen vaakasuuntainen henkil\u00f6korttikotelomme on kest\u00e4v\u00e4 valinta, joka on valmistettu oksohajoavasta muovista ja auttaa yrityksi\u00e4 pienent\u00e4m\u00e4\u00e4n hiilijalanj\u00e4lke\u00e4\u00e4n. Korttitelineen \u00e4lyk\u00e4s muotoilu muotoilluilla reunoilla suojaa kortteja taipumiselta tai halkeilulta, mik\u00e4 v\u00e4hent\u00e4\u00e4 korttien vaihtotarvetta ja s\u00e4\u00e4st\u00e4\u00e4 sek\u00e4 aikaa ett\u00e4 rahaa.<\/p>\n<ul>\n<li><strong>Myyd\u00e4\u00e4n 100 kappaleen pakkauksissa<\/strong><\/li>\n<li><strong>Mitata:<\/strong> 86 x 54 mm<\/li>\n<li><strong>Sopii tavallisille CR80-kokoisille korteille<\/strong><\/li>\n<li><strong>Yksipuolinen yksinkertainen ja selke\u00e4 korttin\u00e4ytt\u00f6<\/strong><\/li>\n<li>T\u00e4ydellinen henkil\u00f6korteille, p\u00e4\u00e4sykorteille ja muille saman muotoisille korteille.<\/li>\n<\/ul>\n<p>Erinomainen vaihtoehto toimistoihin, tapahtumiin ja muihin ymp\u00e4rist\u00f6ihin, joissa kortteja ja kulkukortteja k\u00e4ytet\u00e4\u00e4n usein.<\/p>\n<p>Ota yhteytt\u00e4 saadaksesi lis\u00e4\u00e4 v\u00e4rej\u00e4 ja malleja! Yhdist\u00e4 meid\u00e4n kanssamme <strong>kaulanauha<\/strong> t\u00e4ydelliseen ratkaisuun!<\/p>\n<\/div>","protected":false},"excerpt":{"rendered":"<p>L\u00e4pin\u00e4kyv\u00e4 yksipuolinen vaakasuuntainen henkil\u00f6korttiteline, valmistettu oksohajoavasta muovista. T\u00e4ydellinen CR80-koon (86x54mm) tavallisten passikorttien n\u00e4ytt\u00e4miseen. Toimitetaan 100 kappaleen pakkauksissa.<\/p>","protected":false},"featured_media":145468,"template":"","meta":{"_acf_changed":false},"product_brand":[],"product_cat":[4886,1667],"product_tag":[4523,2847,4524,2958,4525],"class_list":{"0":"post-57199","1":"product","2":"type-product","3":"status-publish","4":"has-post-thumbnail","6":"product_cat-enkelsidig-liggande-korthallare","7":"product_cat-korthallare-passerkort-idkort","8":"product_tag-enkelsidig-korthallare","9":"product_tag-korthallare-liggande-eko","10":"product_tag-liggande-korthallare","11":"product_tag-stonehouse-produkt","12":"product_tag-transparent-korthallare","13":"product_shipping_class-tunga-paket","14":"pa_brands-stonehouse-security","15":"pa_farg-transparent","16":"pa_rfid-tillbehor-korthallare","17":"tm-no-options","19":"first","20":"instock","21":"sale","22":"taxable","23":"shipping-taxable","24":"purchasable","25":"product-type-simple"},"acf":[],"_links":{"self":[{"href":"https:\/\/secureus.se\/fi\/wp-json\/wp\/v2\/product\/57199","targetHints":{"allow":["GET"]}}],"collection":[{"href":"https:\/\/secureus.se\/fi\/wp-json\/wp\/v2\/product"}],"about":[{"href":"https:\/\/secureus.se\/fi\/wp-json\/wp\/v2\/types\/product"}],"wp:featuredmedia":[{"embeddable":true,"href":"https:\/\/secureus.se\/fi\/wp-json\/wp\/v2\/media\/145468"}],"wp:attachment":[{"href":"https:\/\/secureus.se\/fi\/wp-json\/wp\/v2\/media?parent=57199"}],"wp:term":[{"taxonomy":"product_brand","embeddable":true,"href":"https:\/\/secureus.se\/fi\/wp-json\/wp\/v2\/product_brand?post=57199"},{"taxonomy":"product_cat","embeddable":true,"href":"https:\/\/secureus.se\/fi\/wp-json\/wp\/v2\/product_cat?post=57199"},{"taxonomy":"product_tag","embeddable":true,"href":"https:\/\/secureus.se\/fi\/wp-json\/wp\/v2\/product_tag?post=57199"}],"curies":[{"name":"wp","href":"https:\/\/api.w.org\/{rel}","templated":true}]}}