{"id":57216,"date":"2022-03-10T15:27:00","date_gmt":"2022-03-10T14:27:00","guid":{"rendered":"https:\/\/secureus.se\/produkt\/ensidig-eko-serie-id-korthallare-liggande-for-cr80-kort-100-pack-farg-ljus-bla\/"},"modified":"2025-12-31T19:51:53","modified_gmt":"2025-12-31T18:51:53","slug":"id-korthallare-passerkortshallare-ljusbla-enkel-liggande-100-pack","status":"publish","type":"product","link":"https:\/\/secureus.se\/fi\/id-korthallare-passerkortshallare-ljusbla-enkel-liggande-100-pack\/","title":{"rendered":"Korttikotelo kulkukorteille \/ henkil\u00f6korteille \u2013 Eko BioBadge CR80 Landscape, yksipuolinen, vaaleansininen (100 kpl)"},"content":{"rendered":"<div id=\"Product-Description\">\n<p>Vaaleansininen vaakasuuntainen yksipuolinen henkil\u00f6korttiteline on ymp\u00e4rist\u00f6yst\u00e4v\u00e4llinen ja kest\u00e4v\u00e4 valinta, valmistettu oksohajoavasta muovista. Huolellinen muotoilu muotoilluilla reunoilla suojaa kortteja taipumiselta tai halkeilulta, mik\u00e4 s\u00e4\u00e4st\u00e4\u00e4 aikaa ja rahaa v\u00e4hent\u00e4m\u00e4ll\u00e4 korttien vaihtotarvetta.<\/p>\n<ul>\n<li><strong>Myyd\u00e4\u00e4n 100 kappaleen pakkauksissa<\/strong><\/li>\n<li><strong>Mitata:<\/strong> 86 x 54 mm<\/li>\n<li><strong>Sopii tavallisille CR80-kokoisille korteille<\/strong><\/li>\n<li><strong>Yksipuolinen muotoilu korttien selke\u00e4\u00e4n esittelyyn<\/strong><\/li>\n<li>T\u00e4ydellinen henkil\u00f6korteille, p\u00e4\u00e4sykorteille ja muille saman muotoisille korteille.<\/li>\n<\/ul>\n<p>\u00c4lyk\u00e4s ja ymp\u00e4rist\u00f6yst\u00e4v\u00e4llinen valinta ty\u00f6paikoille, tapahtumiin ja muihin ymp\u00e4rist\u00f6ihin, joissa henkil\u00f6- ja kulkukortteja k\u00e4ytet\u00e4\u00e4n p\u00e4ivitt\u00e4in.<\/p>\n<p>Ota yhteytt\u00e4 saadaksesi lis\u00e4\u00e4 v\u00e4rej\u00e4 ja malleja! T\u00e4ydenn\u00e4 avaimenper\u00e4mme ollaksesi t\u00e4ydellinen!<\/p>\n<\/div>","protected":false},"excerpt":{"rendered":"<p>Vaaleansininen vaakasuuntainen yksipuolinen henkil\u00f6korttiteline, valmistettu oksohajoavasta muovista. T\u00e4ydellinen CR80-koon (86x54mm) tavallisten passikorttien n\u00e4ytt\u00e4miseen. Toimitetaan 100 kappaleen pakkauksissa.<\/p>","protected":false},"featured_media":145110,"template":"","meta":{"_acf_changed":false},"product_brand":[],"product_cat":[4886,1667],"product_tag":[4523,2847,4524,2958],"class_list":{"0":"post-57216","1":"product","2":"type-product","3":"status-publish","4":"has-post-thumbnail","6":"product_cat-enkelsidig-liggande-korthallare","7":"product_cat-korthallare-passerkort-idkort","8":"product_tag-enkelsidig-korthallare","9":"product_tag-korthallare-liggande-eko","10":"product_tag-liggande-korthallare","11":"product_tag-stonehouse-produkt","12":"product_shipping_class-tunga-paket","13":"pa_brands-stonehouse-security","14":"pa_farg-bla","15":"pa_rfid-tillbehor-korthallare","16":"tm-no-options","18":"first","19":"instock","20":"sale","21":"taxable","22":"shipping-taxable","23":"purchasable","24":"product-type-simple"},"acf":[],"_links":{"self":[{"href":"https:\/\/secureus.se\/fi\/wp-json\/wp\/v2\/product\/57216","targetHints":{"allow":["GET"]}}],"collection":[{"href":"https:\/\/secureus.se\/fi\/wp-json\/wp\/v2\/product"}],"about":[{"href":"https:\/\/secureus.se\/fi\/wp-json\/wp\/v2\/types\/product"}],"wp:featuredmedia":[{"embeddable":true,"href":"https:\/\/secureus.se\/fi\/wp-json\/wp\/v2\/media\/145110"}],"wp:attachment":[{"href":"https:\/\/secureus.se\/fi\/wp-json\/wp\/v2\/media?parent=57216"}],"wp:term":[{"taxonomy":"product_brand","embeddable":true,"href":"https:\/\/secureus.se\/fi\/wp-json\/wp\/v2\/product_brand?post=57216"},{"taxonomy":"product_cat","embeddable":true,"href":"https:\/\/secureus.se\/fi\/wp-json\/wp\/v2\/product_cat?post=57216"},{"taxonomy":"product_tag","embeddable":true,"href":"https:\/\/secureus.se\/fi\/wp-json\/wp\/v2\/product_tag?post=57216"}],"curies":[{"name":"wp","href":"https:\/\/api.w.org\/{rel}","templated":true}]}}