{"id":57220,"date":"2022-03-10T15:27:00","date_gmt":"2022-03-10T14:27:00","guid":{"rendered":"https:\/\/secureus.se\/produkt\/ensidig-eko-serie-id-korthallare-liggande-for-cr80-kort-100-pack-farg-svart\/"},"modified":"2026-01-02T12:20:29","modified_gmt":"2026-01-02T11:20:29","slug":"id-korthallare-passerkortshallare-svart-enkelsidig-liggande-100-pack","status":"publish","type":"product","link":"https:\/\/secureus.se\/fi\/id-korthallare-passerkortshallare-svart-enkelsidig-liggande-100-pack\/","title":{"rendered":"Korttikotelo kulkukorteille \/ henkil\u00f6korteille \u2013 Eko BioBadge CR80 Landscape, yksipuolinen, musta (100 kpl)"},"content":{"rendered":"<div id=\"Product-Description\">\n<p>Henkil\u00f6korttikotelomme ja p\u00e4\u00e4sykorttikotelomme on valmistettu Oxo-biohajoavasta muovimateriaalista ymp\u00e4rist\u00f6vaikutusten v\u00e4hent\u00e4miseksi. Yksipuolisessa telineess\u00e4 on vaakasuora muotoilu ja se sopii erinomaisesti henkil\u00f6korttien ja passikorttien suojaamiseen CR80-standardissa (86 x 54 mm). Valettu selk\u00e4rakenne est\u00e4\u00e4 korttien taipumisen ja halkeilun, mik\u00e4 s\u00e4\u00e4st\u00e4\u00e4 aikaa ja rahaa, koska korttien vaihto on v\u00e4hentynyt.<\/p>\n<ul>\n<li><strong>Ymp\u00e4rist\u00f6yst\u00e4v\u00e4llinen muotoilu:<\/strong> Valmistettu Oxo-biohajoavasta muovimateriaalista.<\/li>\n<li><strong>Vakiokoko:<\/strong> Sopii kaikille CR80-korteille (86 x 54 mm).<\/li>\n<li><strong>Turvallinen s\u00e4ilytys:<\/strong> Suojaa lyhytt\u00e4 taipumista ja halkeamia vastaan.<\/li>\n<li><strong>Myyd\u00e4\u00e4n 100 kappaleen pakkauksissa:<\/strong> T\u00e4ydellinen yrityksille ja organisaatioille.<\/li>\n<li><strong>V\u00e4hent\u00e4\u00e4 ilmastovaikutuksia:<\/strong> Edist\u00e4\u00e4 kest\u00e4v\u00e4mp\u00e4\u00e4 liiketoimintaa.<\/li>\n<\/ul>\n<p><strong>T\u00e4ydellinen:<\/strong><\/p>\n<ul>\n<li>henkil\u00f6kortti<\/li>\n<li>P\u00e4\u00e4sykortti<\/li>\n<li>Turvatunnisteet<\/li>\n<\/ul>\n<p>Yhdist\u00e4 meid\u00e4n kanssamme <strong>kaulanauha<\/strong> t\u00e4ydelliseen ratkaisuun!<\/p>\n<\/div>","protected":false},"excerpt":{"rendered":"<p>Ymp\u00e4rist\u00f6yst\u00e4v\u00e4llinen henkil\u00f6korttiteline Oxo-biohajoavasta muovista. Sopii CR80-standardin kulkukorteille ja henkil\u00f6korteille. Vaakasuuntainen muotoilu suojalla taipumista ja halkeilua vastaan. T\u00e4ydellinen yrityksille, jotka haluavat v\u00e4hent\u00e4\u00e4 ilmastovaikutuksiaan. Myyd\u00e4\u00e4n 100 kappaleen pakkauksissa.<\/p>","protected":false},"featured_media":145318,"template":"","meta":{"_acf_changed":false},"product_brand":[],"product_cat":[4886,1667],"product_tag":[4523,2847,4524,2958,4526],"class_list":{"0":"post-57220","1":"product","2":"type-product","3":"status-publish","4":"has-post-thumbnail","6":"product_cat-enkelsidig-liggande-korthallare","7":"product_cat-korthallare-passerkort-idkort","8":"product_tag-enkelsidig-korthallare","9":"product_tag-korthallare-liggande-eko","10":"product_tag-liggande-korthallare","11":"product_tag-stonehouse-produkt","12":"product_tag-svart-korthallare","13":"product_shipping_class-tunga-paket","14":"pa_brands-stonehouse-security","15":"pa_farg-svart","16":"pa_rfid-tillbehor-korthallare","17":"tm-no-options","19":"first","20":"instock","21":"sale","22":"taxable","23":"shipping-taxable","24":"purchasable","25":"product-type-simple"},"acf":[],"_links":{"self":[{"href":"https:\/\/secureus.se\/fi\/wp-json\/wp\/v2\/product\/57220","targetHints":{"allow":["GET"]}}],"collection":[{"href":"https:\/\/secureus.se\/fi\/wp-json\/wp\/v2\/product"}],"about":[{"href":"https:\/\/secureus.se\/fi\/wp-json\/wp\/v2\/types\/product"}],"wp:featuredmedia":[{"embeddable":true,"href":"https:\/\/secureus.se\/fi\/wp-json\/wp\/v2\/media\/145318"}],"wp:attachment":[{"href":"https:\/\/secureus.se\/fi\/wp-json\/wp\/v2\/media?parent=57220"}],"wp:term":[{"taxonomy":"product_brand","embeddable":true,"href":"https:\/\/secureus.se\/fi\/wp-json\/wp\/v2\/product_brand?post=57220"},{"taxonomy":"product_cat","embeddable":true,"href":"https:\/\/secureus.se\/fi\/wp-json\/wp\/v2\/product_cat?post=57220"},{"taxonomy":"product_tag","embeddable":true,"href":"https:\/\/secureus.se\/fi\/wp-json\/wp\/v2\/product_tag?post=57220"}],"curies":[{"name":"wp","href":"https:\/\/api.w.org\/{rel}","templated":true}]}}