{"id":57227,"date":"2022-03-10T15:27:00","date_gmt":"2022-03-10T14:27:00","guid":{"rendered":"https:\/\/secureus.se\/produkt\/ensidig-eko-serie-id-korthallare-staende-for-cr80-kort-100-pack-farg-svart\/"},"modified":"2026-04-16T10:20:00","modified_gmt":"2026-04-16T08:20:00","slug":"id-korthallare-passerkortshallare-svart-enkel-staende-100-pack","status":"publish","type":"product","link":"https:\/\/secureus.se\/fi\/id-korthallare-passerkortshallare-svart-enkel-staende-100-pack\/","title":{"rendered":"Korttikotelo kulkukorteille \/ henkil\u00f6korteille \u2013 Eko BioBadge CR80 Vertical, yksipuolinen, musta (100 kpl)"},"content":{"rendered":"<p>Musta yksipuolinen muotokuva henkil\u00f6korttiteline on kest\u00e4v\u00e4 ja ymp\u00e4rist\u00f6yst\u00e4v\u00e4llinen vaihtoehto henkil\u00f6korttien, passikorttien ja muiden t\u00e4rkeiden korttien esillepanoon. T\u00e4m\u00e4 oksohajoavasta muovista valmistettu korttiteline auttaa pienent\u00e4m\u00e4\u00e4n hiilijalanj\u00e4lke\u00e4 tinkim\u00e4tt\u00e4 laadusta tai toimivuudesta.<\/p>\n<ul>\n<li><strong>Myyd\u00e4\u00e4n 100 kappaleen pakkauksissa<\/strong><\/li>\n<li><strong>Mitata:<\/strong> 86 x 54 mm<\/li>\n<li><strong>Sopii tavallisille CR80-kokoisille korteille<\/strong><\/li>\n<li><strong>Yksipuolinen muotoilu selke\u00e4\u00e4n ja turvalliseen korttiesitykseen<\/strong><\/li>\n<li>Valetut reunat suojaavat kortteja taipumiselta ja halkeilulta<\/li>\n<\/ul>\n<p>T\u00e4ydellinen ty\u00f6paikoille, tapahtumiin ja muihin ymp\u00e4rist\u00f6ihin, joissa tarvitaan k\u00e4yt\u00e4nn\u00f6llinen ja kest\u00e4v\u00e4 korttiteline. Tee ymp\u00e4rist\u00f6tietoinen valinta tinkim\u00e4tt\u00e4 toimivuudesta.<\/p>\n<p><strong>Valitse t\u00e4m\u00e4 kest\u00e4v\u00e4 ja ymp\u00e4rist\u00f6yst\u00e4v\u00e4llinen korttiteline tarpeisiisi jo t\u00e4n\u00e4\u00e4n!<\/strong><\/p>","protected":false},"excerpt":{"rendered":"<p>Musta yksipuolinen henkil\u00f6korttiteline, muotokuva, valmistettu oksohajoavasta muovista. Sopii CR80-koon vakiokorteille (86\u00d754 mm). Toimitetaan 100 kappaleen pakkauksissa.<\/p>","protected":false},"featured_media":145229,"template":"","meta":{"_acf_changed":false},"product_brand":[],"product_cat":[4888,1667],"product_tag":[4523,2869,2851,4526],"class_list":{"0":"post-57227","1":"product","2":"type-product","3":"status-publish","4":"has-post-thumbnail","6":"product_cat-enkelsidig-staende-korthallare","7":"product_cat-korthallare-passerkort-idkort","8":"product_tag-enkelsidig-korthallare","9":"product_tag-korthallare-staende","10":"product_tag-korthallare-staende-eko","11":"product_tag-svart-korthallare","12":"product_shipping_class-tunga-paket","13":"pa_brands-stonehouse-security","14":"pa_farg-svart","15":"pa_rfid-tillbehor-korthallare","16":"tm-no-options","18":"first","19":"instock","20":"sale","21":"taxable","22":"shipping-taxable","23":"purchasable","24":"product-type-simple"},"acf":[],"_links":{"self":[{"href":"https:\/\/secureus.se\/fi\/wp-json\/wp\/v2\/product\/57227","targetHints":{"allow":["GET"]}}],"collection":[{"href":"https:\/\/secureus.se\/fi\/wp-json\/wp\/v2\/product"}],"about":[{"href":"https:\/\/secureus.se\/fi\/wp-json\/wp\/v2\/types\/product"}],"wp:featuredmedia":[{"embeddable":true,"href":"https:\/\/secureus.se\/fi\/wp-json\/wp\/v2\/media\/145229"}],"wp:attachment":[{"href":"https:\/\/secureus.se\/fi\/wp-json\/wp\/v2\/media?parent=57227"}],"wp:term":[{"taxonomy":"product_brand","embeddable":true,"href":"https:\/\/secureus.se\/fi\/wp-json\/wp\/v2\/product_brand?post=57227"},{"taxonomy":"product_cat","embeddable":true,"href":"https:\/\/secureus.se\/fi\/wp-json\/wp\/v2\/product_cat?post=57227"},{"taxonomy":"product_tag","embeddable":true,"href":"https:\/\/secureus.se\/fi\/wp-json\/wp\/v2\/product_tag?post=57227"}],"curies":[{"name":"wp","href":"https:\/\/api.w.org\/{rel}","templated":true}]}}