{"id":57228,"date":"2022-03-10T15:27:00","date_gmt":"2022-03-10T14:27:00","guid":{"rendered":"https:\/\/secureus.se\/produkt\/dubbelsidig-eko-serie-id-korthallare-staende-for-cr80-kort-100-pack-farg-genomskinlig\/"},"modified":"2025-12-31T19:44:01","modified_gmt":"2025-12-31T18:44:01","slug":"id-korthallare-passerkortshallare-transparent-dubbel-staende-100-pack","status":"publish","type":"product","link":"https:\/\/secureus.se\/fi\/id-korthallare-passerkortshallare-transparent-dubbel-staende-100-pack\/","title":{"rendered":"Korttikotelo kulkukorteille \/ henkil\u00f6korteille \u2013 Eko BioBadge CR80 pystysuora, kaksipuolinen, l\u00e4pin\u00e4kyv\u00e4 (100 kpl pakkaus)"},"content":{"rendered":"<div id=\"Product-Description\">\n<p>L\u00e4pin\u00e4kyv\u00e4 kaksipuolinen pystymuotoinen henkil\u00f6korttiteline on t\u00e4ydellinen valinta henkil\u00f6korttien, passikorttien ja muiden t\u00e4rkeiden korttien turvalliseen ja kest\u00e4v\u00e4\u00e4n esitt\u00e4miseen. T\u00e4m\u00e4 oksohajoavasta muovista valmistettu korttiteline auttaa v\u00e4hent\u00e4m\u00e4\u00e4n hiilijalanj\u00e4lke\u00e4 ja tarjoaa samalla korkeinta laatua ja toimivuutta.<\/p>\n<ul>\n<li><strong>Myyd\u00e4\u00e4n 100 kappaleen pakkauksissa<\/strong><\/li>\n<li><strong>Mitata:<\/strong> 86 x 54 mm<\/li>\n<li><strong>Sopii tavallisille CR80-kokoisille korteille<\/strong><\/li>\n<li><strong>Kaksoisrakenne joustavaan k\u00e4ytt\u00f6\u00f6n molemmilla puolilla<\/strong><\/li>\n<li>Valetut reunat, jotka v\u00e4hent\u00e4v\u00e4t lyhyen taipumisen ja halkeamien riski\u00e4<\/li>\n<\/ul>\n<p>T\u00e4m\u00e4 ymp\u00e4rist\u00f6yst\u00e4v\u00e4llinen korttikotelo on ihanteellinen ty\u00f6paikoille, tapahtumiin ja muihin tilanteisiin, joissa kest\u00e4vyys ja toimivuus ovat etusijalla. Pid\u00e4 korttisi suojattuina ja n\u00e4kyvin\u00e4 tehdess\u00e4si tietoisen valinnan ymp\u00e4rist\u00f6n kannalta.<\/p>\n<p><strong>Tilaa l\u00e4pin\u00e4kyv\u00e4 kaksipuolinen korttiteline jo t\u00e4n\u00e4\u00e4n!<\/strong><\/p>\n<\/div>","protected":false},"excerpt":{"rendered":"<p>L\u00e4pin\u00e4kyv\u00e4 kaksipuolinen henkil\u00f6korttiteline, muotokuva, valmistettu oksohajoavasta muovista. Sopii CR80-koon vakiokorteille (86\u00d754 mm). Toimitetaan 100 kappaleen pakkauksissa.<\/p>","protected":false},"featured_media":145337,"template":"","meta":{"_acf_changed":false},"product_brand":[],"product_cat":[1667,4887],"product_tag":[4528,2869,2851,2958,4525],"class_list":{"0":"post-57228","1":"product","2":"type-product","3":"status-publish","4":"has-post-thumbnail","6":"product_cat-korthallare-passerkort-idkort","7":"product_cat-dubbelsidig-staende-korthallare","8":"product_tag-dubbelsidig-korthallare","9":"product_tag-korthallare-staende","10":"product_tag-korthallare-staende-eko","11":"product_tag-stonehouse-produkt","12":"product_tag-transparent-korthallare","13":"product_shipping_class-tunga-paket","14":"pa_brands-stonehouse-security","15":"pa_farg-transparent","16":"pa_rfid-tillbehor-korthallare","17":"tm-no-options","19":"first","20":"instock","21":"sale","22":"taxable","23":"shipping-taxable","24":"purchasable","25":"product-type-simple"},"acf":[],"_links":{"self":[{"href":"https:\/\/secureus.se\/fi\/wp-json\/wp\/v2\/product\/57228","targetHints":{"allow":["GET"]}}],"collection":[{"href":"https:\/\/secureus.se\/fi\/wp-json\/wp\/v2\/product"}],"about":[{"href":"https:\/\/secureus.se\/fi\/wp-json\/wp\/v2\/types\/product"}],"wp:featuredmedia":[{"embeddable":true,"href":"https:\/\/secureus.se\/fi\/wp-json\/wp\/v2\/media\/145337"}],"wp:attachment":[{"href":"https:\/\/secureus.se\/fi\/wp-json\/wp\/v2\/media?parent=57228"}],"wp:term":[{"taxonomy":"product_brand","embeddable":true,"href":"https:\/\/secureus.se\/fi\/wp-json\/wp\/v2\/product_brand?post=57228"},{"taxonomy":"product_cat","embeddable":true,"href":"https:\/\/secureus.se\/fi\/wp-json\/wp\/v2\/product_cat?post=57228"},{"taxonomy":"product_tag","embeddable":true,"href":"https:\/\/secureus.se\/fi\/wp-json\/wp\/v2\/product_tag?post=57228"}],"curies":[{"name":"wp","href":"https:\/\/api.w.org\/{rel}","templated":true}]}}