{"id":57231,"date":"2022-03-10T15:27:00","date_gmt":"2022-03-10T14:27:00","guid":{"rendered":"https:\/\/secureus.se\/produkt\/ensidig-eko-serie-id-korthallare-liggande-for-cr80-kort-100-pack-farg-genomskinlig\/"},"modified":"2026-01-02T12:19:09","modified_gmt":"2026-01-02T11:19:09","slug":"ensidig-eko-serie-id-korthallare-liggande-for-cr80-kort-100-pack-farg-genomskinlig","status":"publish","type":"product","link":"https:\/\/secureus.se\/fi\/ensidig-eko-serie-id-korthallare-liggande-for-cr80-kort-100-pack-farg-genomskinlig\/","title":{"rendered":"Korttikotelo kulkukorteille \/ henkil\u00f6korteille \u2013 Eko BioBadge CR80 Landscape, yksipuolinen, musta (100 kpl)"},"content":{"rendered":"<div>\n<div id=\"Product-Description\">\n<div>\n<p>Uusi valikoimamme ekologisesti hajoavia yksipuolisia henkil\u00f6korttitelineit\u00e4, jotka on valmistettu biohajoavasta muovista.<\/p>\n<p>N\u00e4ill\u00e4 korttikoteloilla on valtava rooli auttaessaan meit\u00e4 kaikkia v\u00e4hent\u00e4m\u00e4\u00e4n hiilijalanj\u00e4lke\u00e4mme.<\/p>\n<p>Muotoiltu reunamuotoilu v\u00e4hent\u00e4\u00e4 korttien rasitusta ja halkeilua, mik\u00e4 v\u00e4hent\u00e4\u00e4 korttien julkaisuja, mik\u00e4 s\u00e4\u00e4st\u00e4\u00e4 asiakkaidesi aikaa ja rahaa.<\/p>\n<p>86mm x 54mm<\/p>\n<p>Sopii normaaliin CR80 luottokokoon<\/p>\n<p>Myyd\u00e4\u00e4n 100 kappaleen pakkauksissa<\/p>\n<\/div>\n<\/div>\n<\/div>","protected":false},"excerpt":{"rendered":"<p>Uusi valikoimamme ekologisesti hajoavia yksipuolisia henkil\u00f6korttitelineit\u00e4, jotka on valmistettu biohajoavasta muovista. N\u00e4ill\u00e4 korttikoteloilla on valtava rooli auttaessaan meit\u00e4 kaikkia v\u00e4hent\u00e4m\u00e4\u00e4n hiilijalanj\u00e4lke\u00e4mme. The<\/p>","protected":false},"featured_media":145457,"template":"","meta":{"_acf_changed":false},"product_brand":[],"product_cat":[1667],"product_tag":[2847],"class_list":{"0":"post-57231","1":"product","2":"type-product","3":"status-publish","4":"has-post-thumbnail","6":"product_cat-korthallare-passerkort-idkort","7":"product_tag-korthallare-liggande-eko","8":"product_shipping_class-tunga-paket","9":"pa_brands-stonehouse-security","10":"pa_farg-transparent","11":"pa_rfid-tillbehor-korthallare","12":"tm-no-options","14":"first","15":"instock","16":"sale","17":"taxable","18":"shipping-taxable","19":"purchasable","20":"product-type-simple"},"acf":[],"_links":{"self":[{"href":"https:\/\/secureus.se\/fi\/wp-json\/wp\/v2\/product\/57231","targetHints":{"allow":["GET"]}}],"collection":[{"href":"https:\/\/secureus.se\/fi\/wp-json\/wp\/v2\/product"}],"about":[{"href":"https:\/\/secureus.se\/fi\/wp-json\/wp\/v2\/types\/product"}],"wp:featuredmedia":[{"embeddable":true,"href":"https:\/\/secureus.se\/fi\/wp-json\/wp\/v2\/media\/145457"}],"wp:attachment":[{"href":"https:\/\/secureus.se\/fi\/wp-json\/wp\/v2\/media?parent=57231"}],"wp:term":[{"taxonomy":"product_brand","embeddable":true,"href":"https:\/\/secureus.se\/fi\/wp-json\/wp\/v2\/product_brand?post=57231"},{"taxonomy":"product_cat","embeddable":true,"href":"https:\/\/secureus.se\/fi\/wp-json\/wp\/v2\/product_cat?post=57231"},{"taxonomy":"product_tag","embeddable":true,"href":"https:\/\/secureus.se\/fi\/wp-json\/wp\/v2\/product_tag?post=57231"}],"curies":[{"name":"wp","href":"https:\/\/api.w.org\/{rel}","templated":true}]}}