{"id":57242,"date":"2022-03-10T15:27:00","date_gmt":"2022-03-10T14:27:00","guid":{"rendered":"https:\/\/secureus.se\/produkt\/ensidig-eko-serie-id-korthallare-staende-for-cr80-kort-100-pack-farg-genomskinlig\/"},"modified":"2026-01-20T14:36:48","modified_gmt":"2026-01-20T13:36:48","slug":"id-korthallare-passerkortshallare-transparent-enkel-staende-100-pack","status":"publish","type":"product","link":"https:\/\/secureus.se\/fi\/id-korthallare-passerkortshallare-transparent-enkel-staende-100-pack\/","title":{"rendered":"Korttikotelo kulkukorteille \/ henkil\u00f6korteille \u2013 Eko BioBadge CR80 pystysuora, yksipuolinen, l\u00e4pin\u00e4kyv\u00e4 (100 kpl)"},"content":{"rendered":"<p>L\u00e4pin\u00e4kyv\u00e4 yksipuolinen henkil\u00f6korttiteline pystykuvamuodossa yhdist\u00e4\u00e4 toimivuuden ja ymp\u00e4rist\u00f6tietoisuuden. T\u00e4m\u00e4 oksohajoavasta muovista valmistettu korttiteline tarjoaa kest\u00e4v\u00e4n ja luotettavan ratkaisun henkil\u00f6korttien ja kulkukorttien selke\u00e4\u00e4n n\u00e4ytt\u00e4miseen.<\/p>\n<ul>\n<li><strong>Myyd\u00e4\u00e4n 100 kappaleen pakkauksissa<\/strong><\/li>\n<li><strong>Mitata:<\/strong> 86 x 54 mm<\/li>\n<li><strong>Sopii tavallisille CR80-kokoisille korteille<\/strong><\/li>\n<li><strong>Yksipuolinen muotoilu optimaaliseen korttiesitykseen<\/strong><\/li>\n<li>Valetut reunat est\u00e4v\u00e4t lyhytt\u00e4 taipumista ja halkeilua<\/li>\n<\/ul>\n<p>T\u00e4ydellinen k\u00e4ytett\u00e4v\u00e4ksi ty\u00f6ymp\u00e4rist\u00f6iss\u00e4, tapahtumissa ja muissa paikoissa, joissa vaaditaan turvallista tunnistamista. K\u00e4yt\u00e4nn\u00f6llinen ja ymp\u00e4rist\u00f6yst\u00e4v\u00e4llinen valinta organisaatiollesi.<\/p>\n<p><strong>Valitse henkil\u00f6korttisi haltijoille luotettava ja ymp\u00e4rist\u00f6yst\u00e4v\u00e4llinen vaihtoehto jo t\u00e4n\u00e4\u00e4n!<\/strong><\/p>","protected":false},"excerpt":{"rendered":"<p>L\u00e4pin\u00e4kyv\u00e4 yksipuolinen henkil\u00f6korttiteline, muotokuva, valmistettu oksohajoavasta muovista. Sopii CR80-koon vakiokorteille (86\u00d754 mm). Toimitetaan 100 kappaleen pakkauksissa.<\/p>","protected":false},"featured_media":145184,"template":"","meta":{"_acf_changed":false},"product_brand":[],"product_cat":[4888,1667],"product_tag":[4523,2869,2851,4525],"class_list":{"0":"post-57242","1":"product","2":"type-product","3":"status-publish","4":"has-post-thumbnail","6":"product_cat-enkelsidig-staende-korthallare","7":"product_cat-korthallare-passerkort-idkort","8":"product_tag-enkelsidig-korthallare","9":"product_tag-korthallare-staende","10":"product_tag-korthallare-staende-eko","11":"product_tag-transparent-korthallare","12":"product_shipping_class-tunga-paket","13":"pa_brands-stonehouse-security","14":"pa_farg-transparent","15":"pa_rfid-tillbehor-korthallare","16":"tm-no-options","18":"first","19":"instock","20":"sale","21":"taxable","22":"shipping-taxable","23":"purchasable","24":"product-type-simple"},"acf":[],"_links":{"self":[{"href":"https:\/\/secureus.se\/fi\/wp-json\/wp\/v2\/product\/57242","targetHints":{"allow":["GET"]}}],"collection":[{"href":"https:\/\/secureus.se\/fi\/wp-json\/wp\/v2\/product"}],"about":[{"href":"https:\/\/secureus.se\/fi\/wp-json\/wp\/v2\/types\/product"}],"wp:featuredmedia":[{"embeddable":true,"href":"https:\/\/secureus.se\/fi\/wp-json\/wp\/v2\/media\/145184"}],"wp:attachment":[{"href":"https:\/\/secureus.se\/fi\/wp-json\/wp\/v2\/media?parent=57242"}],"wp:term":[{"taxonomy":"product_brand","embeddable":true,"href":"https:\/\/secureus.se\/fi\/wp-json\/wp\/v2\/product_brand?post=57242"},{"taxonomy":"product_cat","embeddable":true,"href":"https:\/\/secureus.se\/fi\/wp-json\/wp\/v2\/product_cat?post=57242"},{"taxonomy":"product_tag","embeddable":true,"href":"https:\/\/secureus.se\/fi\/wp-json\/wp\/v2\/product_tag?post=57242"}],"curies":[{"name":"wp","href":"https:\/\/api.w.org\/{rel}","templated":true}]}}