{"id":57251,"date":"2022-03-10T15:26:00","date_gmt":"2022-03-10T14:26:00","guid":{"rendered":"https:\/\/secureus.se\/produkt\/nyckelband-eko-10-mm-sakerhetsspanne-hummerklamma-i-metall-100-pack-farg-vit\/"},"modified":"2025-12-31T19:47:15","modified_gmt":"2025-12-31T18:47:15","slug":"nyckelband-10mm-vit-metallklamma-100-pack","status":"publish","type":"product","link":"https:\/\/secureus.se\/fi\/nyckelband-10mm-vit-metallklamma-100-pack\/","title":{"rendered":"Avaimenper\u00e4 10 mm valkoinen - metallinen hummeripidike ja turvasolki - 100 kpl"},"content":{"rendered":"<p>N\u00e4m\u00e4 valkoiset 10 mm leve\u00e4t kaulanauhat ovat tyylik\u00e4s ja toimiva valinta henkil\u00f6korttien, passikorttien tai avaimenper\u00e4n j\u00e4rjest\u00e4miseen ja esillepanoon. Kest\u00e4v\u00e4ll\u00e4 kierr\u00e4tetyll\u00e4 PET-materiaalilla ja k\u00e4yt\u00e4nn\u00f6llisill\u00e4 toiminnoilla niiss\u00e4 yhdistyv\u00e4t sek\u00e4 ymp\u00e4rist\u00f6tietoisuus ett\u00e4 mukavuus.<\/p>\n<ul>\n<li><strong>Kest\u00e4v\u00e4t materiaalit:<\/strong> Valmistettu kierr\u00e4tetyst\u00e4 PET-materiaalista ymp\u00e4rist\u00f6yst\u00e4v\u00e4lliseksi ja pitk\u00e4ik\u00e4iseksi ratkaisuksi.<\/li>\n<li><strong>Metallinen hummeripuristin:<\/strong> Tukeva ja turvallinen henkil\u00f6korttien, avaimenper\u00e4n tai p\u00e4\u00e4sykorttien kiinnitt\u00e4miseen.<\/li>\n<li><strong>Turvasolki:<\/strong> Suunniteltu nopeaan irrotukseen, mik\u00e4 parantaa k\u00e4ytt\u00e4j\u00e4n turvallisuutta.<\/li>\n<li><strong>Neutraali v\u00e4ri:<\/strong> Valkoinen v\u00e4ri antaa ammattimaisen ja tyylikk\u00e4\u00e4n vaikutelman.<\/li>\n<li><strong>Monipuolinen toiminnallisuus:<\/strong> T\u00e4ydellinen henkil\u00f6korttien, k\u00e4yntikorttien, avaimenper\u00e4n, USB-tikkujen ja matkapuhelimien n\u00e4ytt\u00e4miseen.<\/li>\n<\/ul>\n<p><strong>Tekniset tiedot:<\/strong><\/p>\n<ul>\n<li><strong>Leveys:<\/strong> 10 mm<\/li>\n<li><strong>Pituus:<\/strong> 90 cm (45 cm pudotuksen pituus)<\/li>\n<li><strong>Materiaali:<\/strong> Kierr\u00e4tetty PET-materiaali<\/li>\n<li><strong>Maali:<\/strong> Valkoinen<\/li>\n<li><strong>Pakkaus:<\/strong> 100 kpl per paketti<\/li>\n<li><strong>Paino:<\/strong> 1,20 kg<\/li>\n<\/ul>\n<p>Valitse n\u00e4m\u00e4 valkoiset kaulanauhat kest\u00e4v\u00e4ksi, turvalliseksi ja tyylikk\u00e4\u00e4ksi ratkaisuksi. T\u00e4ydellinen ty\u00f6paikoille, tapahtumiin tai p\u00e4ivitt\u00e4iseen k\u00e4ytt\u00f6\u00f6n - k\u00e4yt\u00e4nn\u00f6llinen ja luotettava!<\/p>","protected":false},"excerpt":{"rendered":"<p>Valkoiset 10 mm leve\u00e4t kaulanauhat, valmistettu kierr\u00e4tetyst\u00e4 PET-materiaalista. Varustettu turvasoljella ja metallisella hummerilukolla. Myyd\u00e4\u00e4n 100 kappaleen pakkauksissa.<\/p>","protected":false},"featured_media":145589,"template":"","meta":{"_acf_changed":false},"product_brand":[],"product_cat":[1875],"product_tag":[4348,4356],"class_list":{"0":"post-57251","1":"product","2":"type-product","3":"status-publish","4":"has-post-thumbnail","6":"product_cat-nyckelband","7":"product_tag-10mm","8":"product_tag-vita-nyckelband","9":"product_shipping_class-tunga-paket","10":"pa_brands-stonehouse-security","11":"pa_farg-vit","12":"pa_farg-nyckelband-vit","13":"pa_rfid-tillbehor-nyckelband-halsband","14":"tm-no-options","16":"first","17":"instock","18":"sale","19":"featured","20":"taxable","21":"shipping-taxable","22":"purchasable","23":"product-type-simple"},"acf":[],"_links":{"self":[{"href":"https:\/\/secureus.se\/fi\/wp-json\/wp\/v2\/product\/57251","targetHints":{"allow":["GET"]}}],"collection":[{"href":"https:\/\/secureus.se\/fi\/wp-json\/wp\/v2\/product"}],"about":[{"href":"https:\/\/secureus.se\/fi\/wp-json\/wp\/v2\/types\/product"}],"wp:featuredmedia":[{"embeddable":true,"href":"https:\/\/secureus.se\/fi\/wp-json\/wp\/v2\/media\/145589"}],"wp:attachment":[{"href":"https:\/\/secureus.se\/fi\/wp-json\/wp\/v2\/media?parent=57251"}],"wp:term":[{"taxonomy":"product_brand","embeddable":true,"href":"https:\/\/secureus.se\/fi\/wp-json\/wp\/v2\/product_brand?post=57251"},{"taxonomy":"product_cat","embeddable":true,"href":"https:\/\/secureus.se\/fi\/wp-json\/wp\/v2\/product_cat?post=57251"},{"taxonomy":"product_tag","embeddable":true,"href":"https:\/\/secureus.se\/fi\/wp-json\/wp\/v2\/product_tag?post=57251"}],"curies":[{"name":"wp","href":"https:\/\/api.w.org\/{rel}","templated":true}]}}