{"id":57257,"date":"2022-03-10T15:26:00","date_gmt":"2022-03-10T14:26:00","guid":{"rendered":"https:\/\/secureus.se\/produkt\/jojo-mini-gul\/"},"modified":"2026-04-08T09:01:08","modified_gmt":"2026-04-08T07:01:08","slug":"jojo-mini-gul","status":"publish","type":"product","link":"https:\/\/secureus.se\/fi\/jojo-mini-gul\/","title":{"rendered":"Sis\u00e4\u00e4nvedett\u00e4v\u00e4 avaimenper\u00e4 jojolla ja pidikkeell\u00e4 \u2013 keltainen"},"content":{"rendered":"<p>T\u00e4m\u00e4 suosittu joustava jojo on valmistettu kest\u00e4v\u00e4st\u00e4 ABS-muovista ja mukana tulee metallinen avaimenper\u00e4. Sen halkaisija on 30 mm ja paksuus 10 mm, joten se on kompakti mutta kest\u00e4v\u00e4, t\u00e4ydellinen p\u00e4ivitt\u00e4iseen k\u00e4ytt\u00f6\u00f6n. Varustettu kest\u00e4v\u00e4ll\u00e4 60 cm:n johdolla, se tarjoaa sek\u00e4 mukavuutta ett\u00e4 toimivuutta.<\/p>\n<h4>Ominaisuudet ja edut:<\/h4>\n<ul>\n<li><strong>Kest\u00e4v\u00e4 muotoilu:<\/strong> Valmistettu kest\u00e4v\u00e4st\u00e4 ABS-muovista pitk\u00e4kestoiseen k\u00e4ytt\u00f6\u00f6n.<\/li>\n<li><strong>Vahva vy\u00f6klipsi:<\/strong> Vakaa kiinnityslaite turvalliseen kiinnitykseen vy\u00f6h\u00f6n, taskuihin tai laukkuihin.<\/li>\n<li><strong>Vahva metallinen avaimenper\u00e4:<\/strong> Tukeva metallinen avaimenper\u00e4 lis\u00e4\u00e4 kest\u00e4vyytt\u00e4.<\/li>\n<li><strong>Useita v\u00e4rivaihtoehtoja:<\/strong> Saatavana mustana, keltaisena, valkoisena, sinisen\u00e4 ja vihre\u00e4n\u00e4 tyyliisi ja tarpeisiisi sopivana.<\/li>\n<li><strong>Pitk\u00e4n langan pituus:<\/strong> Varustettu 60 cm pitk\u00e4ll\u00e4 nylonjohdolla, joka helpottaa p\u00e4\u00e4sy\u00e4.<\/li>\n<\/ul>\n<h4>K\u00e4ytt\u00f6alueet:<\/h4>\n<ul>\n<li><strong>Toimiston henkil\u00f6kunta:<\/strong> T\u00e4ydellinen avainten tai henkil\u00f6korttien pit\u00e4miseen helposti saatavilla.<\/li>\n<li><strong>Turvahenkil\u00f6st\u00f6:<\/strong> Ihanteellinen turvalaitteiden tai avainten kuljettamiseen.<\/li>\n<li><strong>Tapahtuman henkil\u00f6kunta:<\/strong> K\u00e4tev\u00e4 pit\u00e4m\u00e4\u00e4n henkil\u00f6kortit tai p\u00e4\u00e4sykortit n\u00e4kyviss\u00e4 ja helposti saatavilla.<\/li>\n<li><strong>P\u00e4ivitt\u00e4inen k\u00e4ytt\u00f6:<\/strong> K\u00e4yt\u00e4nn\u00f6llinen ratkaisu kaikille, jotka tarvitsevat nopean ja helpon p\u00e4\u00e4syn avaimiinsa tai kortteihinsa.<\/li>\n<\/ul>\n<h4>Tekniset tiedot:<\/h4>\n<ul>\n<li><strong>Materiaali:<\/strong> ABS muovia<\/li>\n<li><strong>Koko:<\/strong> Halkaisija 30 mm, paksuus 10 mm<\/li>\n<li><strong>Johdon pituus:<\/strong> 60 cm<\/li>\n<li><strong>Maali:<\/strong> Musta, keltainen, valkoinen, sininen, vihre\u00e4<\/li>\n<\/ul>\n<h3>Jatkettavan avaimenper\u00e4n edut:<\/h3>\n<ul>\n<li>Yksinkertainen ja selke\u00e4 asennus<\/li>\n<li>Ei vaadi porausta<\/li>\n<li>Nopea asennus<\/li>\n<li>Ihanteellinen kiinte\u00e4lle katolle, kuten betonille, miss\u00e4 poraus voi olla vaikeaa tai ei-toivottua<\/li>\n<\/ul>","protected":false},"excerpt":{"rendered":"<p>T\u00e4m\u00e4 k\u00e4tev\u00e4 ulosvedett\u00e4v\u00e4 avainrengas, jossa on jojo ABS-muovista, on t\u00e4ydellinen helppoon ja turvalliseen avainten tai henkil\u00f6korttien k\u00e4siksi. Sen mukana tulee metallinen avainrengas ja kest\u00e4v\u00e4 klipsi turvalliseen kiinnitykseen.<\/p>","protected":false},"featured_media":147642,"template":"","meta":{"_acf_changed":false},"product_brand":[],"product_cat":[1676,2901,1324],"product_tag":[2958],"class_list":{"0":"post-57257","1":"product","2":"type-product","3":"status-publish","4":"has-post-thumbnail","6":"product_cat-jojos-och-nyckelringar","7":"product_cat-jojo-yoyo-alltid-i-lager","8":"product_cat-outlet","9":"product_tag-stonehouse-produkt","10":"product_shipping_class-postnord-varubrev","11":"pa_brands-stonehouse-security","12":"pa_farg-gul","13":"pa_rfid-tillbehor-jojo","14":"tm-no-options","16":"first","17":"instock","18":"sale","19":"featured","20":"taxable","21":"shipping-taxable","22":"purchasable","23":"product-type-simple"},"acf":[],"_links":{"self":[{"href":"https:\/\/secureus.se\/fi\/wp-json\/wp\/v2\/product\/57257","targetHints":{"allow":["GET"]}}],"collection":[{"href":"https:\/\/secureus.se\/fi\/wp-json\/wp\/v2\/product"}],"about":[{"href":"https:\/\/secureus.se\/fi\/wp-json\/wp\/v2\/types\/product"}],"wp:featuredmedia":[{"embeddable":true,"href":"https:\/\/secureus.se\/fi\/wp-json\/wp\/v2\/media\/147642"}],"wp:attachment":[{"href":"https:\/\/secureus.se\/fi\/wp-json\/wp\/v2\/media?parent=57257"}],"wp:term":[{"taxonomy":"product_brand","embeddable":true,"href":"https:\/\/secureus.se\/fi\/wp-json\/wp\/v2\/product_brand?post=57257"},{"taxonomy":"product_cat","embeddable":true,"href":"https:\/\/secureus.se\/fi\/wp-json\/wp\/v2\/product_cat?post=57257"},{"taxonomy":"product_tag","embeddable":true,"href":"https:\/\/secureus.se\/fi\/wp-json\/wp\/v2\/product_tag?post=57257"}],"curies":[{"name":"wp","href":"https:\/\/api.w.org\/{rel}","templated":true}]}}