{"id":57258,"date":"2022-03-10T15:26:00","date_gmt":"2022-03-10T14:26:00","guid":{"rendered":"https:\/\/secureus.se\/produkt\/plastficka-korthallare-transparent-113x92-liggande-5-pack\/"},"modified":"2025-12-31T19:36:13","modified_gmt":"2025-12-31T18:36:13","slug":"plastficka-korthallare-transparent-113x92-liggande-5-pack","status":"publish","type":"product","link":"https:\/\/secureus.se\/fi\/plastficka-korthallare-transparent-113x92-liggande-5-pack\/","title":{"rendered":"Muovinen tasku\/korttiteline L\u00e4pin\u00e4kyv\u00e4 113\u00d792 Vaaka"},"content":{"rendered":"<div>\n<p>Pehme\u00e4 muovitasku maisemakortille.<\/p>\n<p>Mik\u00e4 tahansa klipsi on helppo kiinnitt\u00e4\u00e4.<\/p>\n<p>V\u00e4ri: L\u00e4pin\u00e4kyv\u00e4<\/p>\n<p>Mitat: Sopii maksimimitoille 110\u00d774 mm sis\u00e4kkeille.<\/p>\n<p>Materiaali: Vinyyli<\/p>\n<\/div>","protected":false},"excerpt":{"rendered":"<p>Pehme\u00e4 muovitasku maisemakortille. Mik\u00e4 tahansa klipsi on helppo kiinnitt\u00e4\u00e4. V\u00e4ri: L\u00e4pin\u00e4kyv\u00e4 Mitat: Sopii maksimimitoille 110\u00d774 mm. Materiaali: Vinyyli<\/p>","protected":false},"featured_media":147655,"template":"","meta":{"_acf_changed":false},"product_brand":[],"product_cat":[1679],"product_tag":[],"class_list":{"0":"post-57258","1":"product","2":"type-product","3":"status-publish","4":"has-post-thumbnail","6":"product_cat-plastfickor","7":"product_shipping_class-postnord-varubrev","8":"pa_brands-stonehouse-security","9":"pa_rfid-tillbehor-plastfickor","10":"tm-no-options","12":"first","13":"instock","14":"sale","15":"featured","16":"taxable","17":"shipping-taxable","18":"purchasable","19":"product-type-simple"},"acf":[],"_links":{"self":[{"href":"https:\/\/secureus.se\/fi\/wp-json\/wp\/v2\/product\/57258","targetHints":{"allow":["GET"]}}],"collection":[{"href":"https:\/\/secureus.se\/fi\/wp-json\/wp\/v2\/product"}],"about":[{"href":"https:\/\/secureus.se\/fi\/wp-json\/wp\/v2\/types\/product"}],"wp:featuredmedia":[{"embeddable":true,"href":"https:\/\/secureus.se\/fi\/wp-json\/wp\/v2\/media\/147655"}],"wp:attachment":[{"href":"https:\/\/secureus.se\/fi\/wp-json\/wp\/v2\/media?parent=57258"}],"wp:term":[{"taxonomy":"product_brand","embeddable":true,"href":"https:\/\/secureus.se\/fi\/wp-json\/wp\/v2\/product_brand?post=57258"},{"taxonomy":"product_cat","embeddable":true,"href":"https:\/\/secureus.se\/fi\/wp-json\/wp\/v2\/product_cat?post=57258"},{"taxonomy":"product_tag","embeddable":true,"href":"https:\/\/secureus.se\/fi\/wp-json\/wp\/v2\/product_tag?post=57258"}],"curies":[{"name":"wp","href":"https:\/\/api.w.org\/{rel}","templated":true}]}}