{"id":57264,"date":"2022-03-10T15:26:00","date_gmt":"2022-03-10T14:26:00","guid":{"rendered":"https:\/\/secureus.se\/produkt\/nyckelband-eko-15-mm-med-jojo-50-pack-farg-rod\/"},"modified":"2026-02-23T09:43:56","modified_gmt":"2026-02-23T08:43:56","slug":"nyckelband-eko-15-mm-med-jojo-50-pack-farg-rod","status":"publish","type":"product","link":"https:\/\/secureus.se\/fi\/nyckelband-eko-15-mm-med-jojo-50-pack-farg-rod\/","title":{"rendered":"Avaimenper\u00e4 Eco Red 15 mm yo-yo 50-pakkauksella"},"content":{"rendered":"<p>Avaimenper\u00e4 15 mm PET jojolla, joka on valinta sinulle, joka haluat pienent\u00e4\u00e4 hiilijalanj\u00e4lke\u00e4mme ymp\u00e4rist\u00f6ss\u00e4.<\/p>\n<p>Avaimenper\u00e4t on valmistettu kierr\u00e4tetyist\u00e4 muovipulloista, mik\u00e4 tekee niist\u00e4 ymp\u00e4rist\u00f6yst\u00e4v\u00e4llisemm\u00e4n vaihtoehdon polyesterille.<\/p>\n<p>Sopii kulunvalvontaan<\/p>\n<p>Pakattu ei-PVC-maissit\u00e4rkkelyspusseihin<\/p>\n<p>&nbsp;<\/p>","protected":false},"excerpt":{"rendered":"<p>Avaimenper\u00e4 15 mm PET jojolla, joka on valinta sinulle, joka haluat pienent\u00e4\u00e4 hiilijalanj\u00e4lke\u00e4mme ymp\u00e4rist\u00f6ss\u00e4. Avaimenper\u00e4t on valmistettu kierr\u00e4tetyist\u00e4 muovipulloista, mik\u00e4 tekee niist\u00e4 yhden<\/p>","protected":false},"featured_media":145228,"template":"","meta":{"_acf_changed":false},"product_brand":[],"product_cat":[1676],"product_tag":[],"class_list":{"0":"post-57264","1":"product","2":"type-product","3":"status-publish","4":"has-post-thumbnail","6":"product_cat-jojos-och-nyckelringar","7":"product_shipping_class-tunga-paket","8":"pa_brands-stonehouse-security","9":"pa_farg-rod","10":"pa_farg-nyckelband-rod","11":"pa_rfid-tillbehor-nyckelband-halsband","12":"tm-no-options","14":"first","15":"instock","16":"sale","17":"featured","18":"taxable","19":"shipping-taxable","20":"purchasable","21":"product-type-simple"},"acf":[],"_links":{"self":[{"href":"https:\/\/secureus.se\/fi\/wp-json\/wp\/v2\/product\/57264","targetHints":{"allow":["GET"]}}],"collection":[{"href":"https:\/\/secureus.se\/fi\/wp-json\/wp\/v2\/product"}],"about":[{"href":"https:\/\/secureus.se\/fi\/wp-json\/wp\/v2\/types\/product"}],"wp:featuredmedia":[{"embeddable":true,"href":"https:\/\/secureus.se\/fi\/wp-json\/wp\/v2\/media\/145228"}],"wp:attachment":[{"href":"https:\/\/secureus.se\/fi\/wp-json\/wp\/v2\/media?parent=57264"}],"wp:term":[{"taxonomy":"product_brand","embeddable":true,"href":"https:\/\/secureus.se\/fi\/wp-json\/wp\/v2\/product_brand?post=57264"},{"taxonomy":"product_cat","embeddable":true,"href":"https:\/\/secureus.se\/fi\/wp-json\/wp\/v2\/product_cat?post=57264"},{"taxonomy":"product_tag","embeddable":true,"href":"https:\/\/secureus.se\/fi\/wp-json\/wp\/v2\/product_tag?post=57264"}],"curies":[{"name":"wp","href":"https:\/\/api.w.org\/{rel}","templated":true}]}}