{"id":57267,"date":"2022-03-10T15:26:00","date_gmt":"2022-03-10T14:26:00","guid":{"rendered":"https:\/\/secureus.se\/produkt\/nyckelband-standard-med-j-klamma-i-plast-100-pack-farg-svart\/"},"modified":"2026-01-02T12:12:20","modified_gmt":"2026-01-02T11:12:20","slug":"nyckelband-standard-med-j-klamma-i-plast-100-pack-farg-svart","status":"publish","type":"product","link":"https:\/\/secureus.se\/fi\/nyckelband-standard-med-j-klamma-i-plast-100-pack-farg-svart\/","title":{"rendered":"Avaimenper\u00e4 10 mm musta - muovinen J-kiinnike ja turvasolki - 100 kpl"},"content":{"rendered":"<p>N\u00e4m\u00e4 mustat 10 mm leve\u00e4t kaulanauhat ovat t\u00e4ydellinen valinta henkil\u00f6korttien, passikorttien tai avaimenper\u00e4n n\u00e4ytt\u00e4miseen. Kest\u00e4v\u00e4ss\u00e4 kierr\u00e4tetyss\u00e4 PET-materiaalissa ja k\u00e4yt\u00e4nn\u00f6llisess\u00e4 muovisessa J-puristimessa yhdistyv\u00e4t toimivuus ja ymp\u00e4rist\u00f6yst\u00e4v\u00e4llisyys.<\/p>\n<ul>\n<li><strong>Kest\u00e4v\u00e4t materiaalit:<\/strong> Valmistettu kest\u00e4v\u00e4st\u00e4, kierr\u00e4tetyst\u00e4 PET-materiaalista ymp\u00e4rist\u00f6yst\u00e4v\u00e4lliseksi ja luotettavaksi ratkaisuksi.<\/li>\n<li><strong>Muovinen J-puristin:<\/strong> Leve\u00e4 ja kulmikas korttien ja p\u00e4\u00e4sykorttien selke\u00e4 ja turvallinen n\u00e4ytt\u00f6.<\/li>\n<li><strong>Turvasolki:<\/strong> Suunniteltu nopeaan irrotukseen, mik\u00e4 parantaa k\u00e4ytt\u00f6turvallisuutta.<\/li>\n<li><strong>Ammattimainen suunnittelu:<\/strong> Musta v\u00e4ri antaa tyylikk\u00e4\u00e4n ja ammattimaisen vaikutelman.<\/li>\n<li><strong>Monipuolinen toiminnallisuus:<\/strong> Sopii henkil\u00f6korteille, avaimenper\u00e4lle, USB-tikulle, k\u00e4yntikorteille ja matkapuhelimille.<\/li>\n<\/ul>\n<p><strong>Tekniset tiedot:<\/strong><\/p>\n<ul>\n<li><strong>Leveys:<\/strong> 10 mm<\/li>\n<li><strong>Pituus:<\/strong> 90 cm (45 cm pudotuksen pituus)<\/li>\n<li><strong>Materiaali:<\/strong> Kierr\u00e4tetty PET-materiaali<\/li>\n<li><strong>Maali:<\/strong> Musta<\/li>\n<li><strong>Pakkaus:<\/strong> 100 kpl per paketti<\/li>\n<\/ul>\n<p>Valitse n\u00e4m\u00e4 mustat kaulanauhat kest\u00e4v\u00e4ksi ja k\u00e4yt\u00e4nn\u00f6lliseksi ratkaisuksi. T\u00e4ydellinen ty\u00f6paikoille, tapahtumiin ja p\u00e4ivitt\u00e4iseen k\u00e4ytt\u00f6\u00f6n - sek\u00e4 ymp\u00e4rist\u00f6yst\u00e4v\u00e4llinen ett\u00e4 luotettava!<\/p>","protected":false},"excerpt":{"rendered":"<p>Mustat 10 mm leve\u00e4t kaulanauhat, valmistettu kierr\u00e4tetyst\u00e4 PET-materiaalista. Varustettu muovisella J-kiristimell\u00e4 ja turvasoljella. Myyd\u00e4\u00e4n 100 kappaleen pakkauksissa.<\/p>","protected":false},"featured_media":145422,"template":"","meta":{"_acf_changed":false},"product_brand":[],"product_cat":[1875],"product_tag":[4348,4349],"class_list":{"0":"post-57267","1":"product","2":"type-product","3":"status-publish","4":"has-post-thumbnail","6":"product_cat-nyckelband","7":"product_tag-10mm","8":"product_tag-svart-nyckelband","9":"product_shipping_class-tunga-paket","10":"pa_brands-stonehouse-security","11":"pa_farg-svart","12":"pa_farg-nyckelband-svart","13":"pa_rfid-tillbehor-nyckelband-halsband","14":"tm-no-options","16":"first","17":"instock","18":"sale","19":"featured","20":"taxable","21":"shipping-taxable","22":"purchasable","23":"product-type-simple"},"acf":[],"_links":{"self":[{"href":"https:\/\/secureus.se\/fi\/wp-json\/wp\/v2\/product\/57267","targetHints":{"allow":["GET"]}}],"collection":[{"href":"https:\/\/secureus.se\/fi\/wp-json\/wp\/v2\/product"}],"about":[{"href":"https:\/\/secureus.se\/fi\/wp-json\/wp\/v2\/types\/product"}],"wp:featuredmedia":[{"embeddable":true,"href":"https:\/\/secureus.se\/fi\/wp-json\/wp\/v2\/media\/145422"}],"wp:attachment":[{"href":"https:\/\/secureus.se\/fi\/wp-json\/wp\/v2\/media?parent=57267"}],"wp:term":[{"taxonomy":"product_brand","embeddable":true,"href":"https:\/\/secureus.se\/fi\/wp-json\/wp\/v2\/product_brand?post=57267"},{"taxonomy":"product_cat","embeddable":true,"href":"https:\/\/secureus.se\/fi\/wp-json\/wp\/v2\/product_cat?post=57267"},{"taxonomy":"product_tag","embeddable":true,"href":"https:\/\/secureus.se\/fi\/wp-json\/wp\/v2\/product_tag?post=57267"}],"curies":[{"name":"wp","href":"https:\/\/api.w.org\/{rel}","templated":true}]}}