{"id":57282,"date":"2022-03-10T15:26:00","date_gmt":"2022-03-10T14:26:00","guid":{"rendered":"https:\/\/secureus.se\/produkt\/nyckelband-eko-10-mm-sakerhetsspanne-hummerklamma-i-metall-100-pack-farg-svart\/"},"modified":"2026-01-02T12:10:12","modified_gmt":"2026-01-02T11:10:12","slug":"nyckelband-10mm-svart-metallklamma-100-pack","status":"publish","type":"product","link":"https:\/\/secureus.se\/fi\/nyckelband-10mm-svart-metallklamma-100-pack\/","title":{"rendered":"Avaimenper\u00e4 10 mm musta Eco - metallinen hummeripidike ja turvasolki - 100 kpl"},"content":{"rendered":"<p>N\u00e4m\u00e4 10 mm leve\u00e4t kaulanauhat on suunniteltu kest\u00e4viksi ja toimiviksi. Ne on valmistettu kierr\u00e4tetyst\u00e4 PET-materiaalista, joten ne ovat sek\u00e4 ymp\u00e4rist\u00f6yst\u00e4v\u00e4llisi\u00e4 ett\u00e4 kest\u00e4vi\u00e4. Vakiopituudella 90 cm (45 cm pudotuspituus) ja turvasoljella n\u00e4m\u00e4 kaulanauhat sopivat t\u00e4ydellisesti jokap\u00e4iv\u00e4iseen k\u00e4ytt\u00f6\u00f6n ty\u00f6paikoilla, tapahtumissa tai koulussa.<\/p>\n<ul>\n<li><strong>Korkealaatuinen materiaali:<\/strong> Valmistettu kest\u00e4v\u00e4st\u00e4 kierr\u00e4tetyst\u00e4 PET-materiaalista.<\/li>\n<li><strong>Metallinen hummeripuristin:<\/strong> Tarjoaa turvallisen kiinnityksen henkil\u00f6korteille, avaimenper\u00e4lle tai USB-tikuille.<\/li>\n<li><strong>Turvasolki:<\/strong> Helppoa ja nopeaa poistoa varten.<\/li>\n<li><strong>Laaja k\u00e4ytt\u00f6:<\/strong> Sopii henkil\u00f6korteille, k\u00e4yntikorteille, avaimenper\u00e4lle, muistitikulle ja matkapuhelimille.<\/li>\n<li><strong>Laaja v\u00e4rivalikoima:<\/strong> Saatavana mustana, tummansinisen\u00e4, vaaleansinisen\u00e4, laivastonsinisen\u00e4, tummanvihre\u00e4n\u00e4, vaaleanvihre\u00e4n\u00e4, harmaana, oranssina, vaaleanpunaisena, violettina, punaisena, valkoisena ja keltaisena.<\/li>\n<\/ul>\n<p><strong>Tekniset tiedot:<\/strong><\/p>\n<ul>\n<li><strong>Leveys:<\/strong> 10 mm<\/li>\n<li><strong>Pituus:<\/strong> 90 cm (45 cm pudotuksen pituus)<\/li>\n<li><strong>Materiaali:<\/strong> Kierr\u00e4tetty PET-materiaali<\/li>\n<li><strong>Pakkaus:<\/strong> 100 kpl per paketti<\/li>\n<\/ul>\n<p>Investoi n\u00e4ihin k\u00e4yt\u00e4nn\u00f6llisiin ja ymp\u00e4rist\u00f6yst\u00e4v\u00e4llisiin kaulanauhoihin tehd\u00e4ksesi arjesta sujuvampaa ja j\u00e4rjest\u00e4ytynemp\u00e4\u00e4. T\u00e4ydellinen valinta yrityksille ja tapahtumaj\u00e4rjest\u00e4jille.<\/p>","protected":false},"excerpt":{"rendered":"<p>Kest\u00e4v\u00e4t kaulanauhat 10 mm kierr\u00e4tetyst\u00e4 PET-materiaalista, metallinen hummerilukko ja turvasolki. T\u00e4ydellinen henkil\u00f6korteille, avaimenper\u00e4lle ja muistitikuille. Myyd\u00e4\u00e4n 100 kappaleen pakkauksissa.<\/p>","protected":false},"featured_media":145278,"template":"","meta":{"_acf_changed":false},"product_brand":[],"product_cat":[1875],"product_tag":[4348,4349],"class_list":{"0":"post-57282","1":"product","2":"type-product","3":"status-publish","4":"has-post-thumbnail","6":"product_cat-nyckelband","7":"product_tag-10mm","8":"product_tag-svart-nyckelband","9":"product_shipping_class-tunga-paket","10":"pa_brands-stonehouse-security","11":"pa_farg-svart","12":"pa_farg-nyckelband-svart","13":"pa_rfid-tillbehor-nyckelband-halsband","14":"tm-no-options","16":"first","17":"instock","18":"sale","19":"featured","20":"taxable","21":"shipping-taxable","22":"purchasable","23":"product-type-simple"},"acf":[],"_links":{"self":[{"href":"https:\/\/secureus.se\/fi\/wp-json\/wp\/v2\/product\/57282","targetHints":{"allow":["GET"]}}],"collection":[{"href":"https:\/\/secureus.se\/fi\/wp-json\/wp\/v2\/product"}],"about":[{"href":"https:\/\/secureus.se\/fi\/wp-json\/wp\/v2\/types\/product"}],"wp:featuredmedia":[{"embeddable":true,"href":"https:\/\/secureus.se\/fi\/wp-json\/wp\/v2\/media\/145278"}],"wp:attachment":[{"href":"https:\/\/secureus.se\/fi\/wp-json\/wp\/v2\/media?parent=57282"}],"wp:term":[{"taxonomy":"product_brand","embeddable":true,"href":"https:\/\/secureus.se\/fi\/wp-json\/wp\/v2\/product_brand?post=57282"},{"taxonomy":"product_cat","embeddable":true,"href":"https:\/\/secureus.se\/fi\/wp-json\/wp\/v2\/product_cat?post=57282"},{"taxonomy":"product_tag","embeddable":true,"href":"https:\/\/secureus.se\/fi\/wp-json\/wp\/v2\/product_tag?post=57282"}],"curies":[{"name":"wp","href":"https:\/\/api.w.org\/{rel}","templated":true}]}}