{"id":57285,"date":"2022-03-10T15:26:00","date_gmt":"2022-03-10T14:26:00","guid":{"rendered":"https:\/\/secureus.se\/produkt\/nyckelband-eko-10-mm-sakerhetsspanne-hummerklamma-i-metall-100-pack-farg-gron\/"},"modified":"2026-02-19T14:34:53","modified_gmt":"2026-02-19T13:34:53","slug":"nyckelband-10mm-morkgron-metallklamma-100-pack","status":"publish","type":"product","link":"https:\/\/secureus.se\/fi\/nyckelband-10mm-morkgron-metallklamma-100-pack\/","title":{"rendered":"Avaimenper\u00e4 10 mm tummanvihre\u00e4 - metallinen hummeripidike ja turvasolki - 100 kpl"},"content":{"rendered":"<p>N\u00e4iss\u00e4 tummanvihreiss\u00e4 10 mm leveiss\u00e4 kaulanauhoissa yhdistyv\u00e4t kest\u00e4vyys ja k\u00e4yt\u00e4nn\u00f6llinen muotoilu sek\u00e4 ammatti- ett\u00e4 henkil\u00f6kohtaiseen k\u00e4ytt\u00f6\u00f6n. Ne on valmistettu kierr\u00e4tetyst\u00e4 PET-materiaalista, ja ne ovat ymp\u00e4rist\u00f6yst\u00e4v\u00e4llinen vaihtoehto, joka tarjoaa samalla korkean kest\u00e4vyyden ja luotettavuuden.<\/p>\n<ul>\n<li><strong>Kest\u00e4v\u00e4t materiaalit:<\/strong> Valmistettu kierr\u00e4tetyst\u00e4 PET-materiaalista ymp\u00e4rist\u00f6yst\u00e4v\u00e4lliseksi ratkaisuksi.<\/li>\n<li><strong>Metallinen hummeripuristin:<\/strong> Turvallinen ja kest\u00e4v\u00e4 henkil\u00f6korttien, avaimenper\u00e4n tai p\u00e4\u00e4sykorttien kiinnitt\u00e4miseen.<\/li>\n<li><strong>Turvasolki:<\/strong> Mahdollistaa nopean vapautuksen tarvittaessa ja lis\u00e4\u00e4 k\u00e4ytt\u00e4j\u00e4n turvallisuutta.<\/li>\n<li><strong>Tyylik\u00e4s muotoilu:<\/strong> Tummanvihre\u00e4 v\u00e4ri antaa ammattimaisen ilmeen ja on helppo yhdist\u00e4\u00e4 univormuihin tai ty\u00f6vaatteisiin.<\/li>\n<li><strong>Monipuoliset k\u00e4ytt\u00f6alueet:<\/strong> T\u00e4ydellinen henkil\u00f6korteille, k\u00e4yntikorteille, avaimenper\u00e4lle, muistitikulle ja matkapuhelimille.<\/li>\n<\/ul>\n<p><strong>Tekniset tiedot:<\/strong><\/p>\n<ul>\n<li><strong>Leveys:<\/strong> 10 mm<\/li>\n<li><strong>Pituus:<\/strong> 90 cm (45 cm pudotuksen pituus)<\/li>\n<li><strong>Materiaali:<\/strong> Kierr\u00e4tetty PET-materiaali<\/li>\n<li><strong>Maali:<\/strong> Tummanvihre\u00e4<\/li>\n<li><strong>Pakkaus:<\/strong> 100 kpl per paketti<\/li>\n<\/ul>\n<p>N\u00e4m\u00e4 tummanvihre\u00e4t kaulanauhat ovat sek\u00e4 toimivia ett\u00e4 kest\u00e4vi\u00e4 ja sopivat t\u00e4ydellisesti liike-, tapahtuma- tai jokap\u00e4iv\u00e4iseen k\u00e4ytt\u00f6\u00f6n. Tyylikk\u00e4\u00e4n muotoilunsa ja laadukkaiden materiaaliensa ansiosta ne ovat erinomainen valinta kaikkiin tarpeisiin.<\/p>","protected":false},"excerpt":{"rendered":"<p>Kest\u00e4v\u00e4t tummanvihre\u00e4t 10 mm leve\u00e4t kaulanauhat, jotka on valmistettu kierr\u00e4tetyst\u00e4 PET-materiaalista. Varustettu metallisella hummerilukolla ja turvasoljella. Myyd\u00e4\u00e4n 100 kappaleen pakkauksissa.<\/p>","protected":false},"featured_media":145570,"template":"","meta":{"_acf_changed":false},"product_brand":[],"product_cat":[1875],"product_tag":[4348,4350],"class_list":{"0":"post-57285","1":"product","2":"type-product","3":"status-publish","4":"has-post-thumbnail","6":"product_cat-nyckelband","7":"product_tag-10mm","8":"product_tag-grona-nyckelband","9":"product_shipping_class-tunga-paket","10":"pa_brands-stonehouse-security","11":"pa_farg-gron","12":"pa_farg-nyckelband-gron","13":"pa_rfid-tillbehor-nyckelband-halsband","14":"tm-no-options","16":"first","17":"instock","18":"sale","19":"featured","20":"taxable","21":"shipping-taxable","22":"purchasable","23":"product-type-simple"},"acf":[],"_links":{"self":[{"href":"https:\/\/secureus.se\/fi\/wp-json\/wp\/v2\/product\/57285","targetHints":{"allow":["GET"]}}],"collection":[{"href":"https:\/\/secureus.se\/fi\/wp-json\/wp\/v2\/product"}],"about":[{"href":"https:\/\/secureus.se\/fi\/wp-json\/wp\/v2\/types\/product"}],"wp:featuredmedia":[{"embeddable":true,"href":"https:\/\/secureus.se\/fi\/wp-json\/wp\/v2\/media\/145570"}],"wp:attachment":[{"href":"https:\/\/secureus.se\/fi\/wp-json\/wp\/v2\/media?parent=57285"}],"wp:term":[{"taxonomy":"product_brand","embeddable":true,"href":"https:\/\/secureus.se\/fi\/wp-json\/wp\/v2\/product_brand?post=57285"},{"taxonomy":"product_cat","embeddable":true,"href":"https:\/\/secureus.se\/fi\/wp-json\/wp\/v2\/product_cat?post=57285"},{"taxonomy":"product_tag","embeddable":true,"href":"https:\/\/secureus.se\/fi\/wp-json\/wp\/v2\/product_tag?post=57285"}],"curies":[{"name":"wp","href":"https:\/\/api.w.org\/{rel}","templated":true}]}}