{"id":57291,"date":"2022-03-10T15:26:00","date_gmt":"2022-03-10T14:26:00","guid":{"rendered":"https:\/\/secureus.se\/produkt\/nyckelband-eko-10-mm-sakerhetsspanne-hummerklamma-i-metall-100-pack-farg-bla\/"},"modified":"2025-12-31T19:37:30","modified_gmt":"2025-12-31T18:37:30","slug":"nyckelband-10mm-ljusbla-metallklamma-100-pack","status":"publish","type":"product","link":"https:\/\/secureus.se\/fi\/nyckelband-10mm-ljusbla-metallklamma-100-pack\/","title":{"rendered":"Avaimenper\u00e4 10 mm vaaleansininen Eco - metallinen hummeripidike ja turvasolki - 100 kpl"},"content":{"rendered":"<p>N\u00e4m\u00e4 vaaleansiniset 10 mm leve\u00e4t kaulanauhat ovat t\u00e4ydellinen valinta kest\u00e4vyyden ja k\u00e4yt\u00e4nn\u00f6llisyyden vuoksi. Ne on valmistettu kest\u00e4v\u00e4st\u00e4 kierr\u00e4tetyst\u00e4 PET-materiaalista, ja niiss\u00e4 yhdistyy ymp\u00e4rist\u00f6tietoisuus ja toimivuus. Vakiopituudella 90 cm (45 cm pudotuspituus aikuisilla) ja turvasoljellaan ne on suunniteltu sopimaan monenlaisiin k\u00e4ytt\u00f6tarkoituksiin, kuten ty\u00f6paikoille, tapahtumiin ja kouluihin.<\/p>\n<ul>\n<li><strong>Kierr\u00e4tysmateriaalit:<\/strong> Kest\u00e4v\u00e4\u00e4 PET-materiaalia, joka on hell\u00e4varainen ymp\u00e4rist\u00f6lle.<\/li>\n<li><strong>Metallinen hummeripuristin:<\/strong> Turvallinen ja kest\u00e4v\u00e4 henkil\u00f6korteille, avaimenper\u00e4lle tai kulkukorteille.<\/li>\n<li><strong>Turvasolki:<\/strong> Helppo irrottaa turvallisuuden ja mukavuuden lis\u00e4\u00e4miseksi.<\/li>\n<li><strong>K\u00e4ytt\u00f6alueet:<\/strong> T\u00e4ydellinen henkil\u00f6korteille, k\u00e4yntikorteille, avaimenper\u00e4lle, muistitikulle ja matkapuhelimille.<\/li>\n<li><strong>V\u00e4rit:<\/strong> Saatavana my\u00f6s muissa v\u00e4reiss\u00e4, kuten musta, sininen, vihre\u00e4, oranssi, pinkki, punainen, valkoinen ja keltainen.<\/li>\n<\/ul>\n<p><strong>Tekniset tiedot:<\/strong><\/p>\n<ul>\n<li><strong>Leveys:<\/strong> 10 mm<\/li>\n<li><strong>Pituus:<\/strong> 90 cm (45 cm pudotuksen pituus)<\/li>\n<li><strong>Materiaali:<\/strong> Kierr\u00e4tetty PET-materiaali<\/li>\n<li><strong>Pakkaus:<\/strong> 100 kpl per paketti<\/li>\n<\/ul>\n<p>N\u00e4m\u00e4 vaaleansiniset kaulanauhat tarjoavat yhdistelm\u00e4n tyyli\u00e4 ja toimivuutta, joten ne ovat t\u00e4ydellinen valinta organisaatioille, jotka asettavat etusijalle laadun ja kest\u00e4vyyden.<\/p>","protected":false},"excerpt":{"rendered":"<p>Kest\u00e4v\u00e4t vaaleansiniset 10 mm leve\u00e4t kaulanauhat, metallinen hummerilukko ja turvasolki. Valmistettu kierr\u00e4tetyst\u00e4 PET-materiaalista ja myyd\u00e4\u00e4n 100 kappaleen pakkauksissa.<\/p>","protected":false},"featured_media":145290,"template":"","meta":{"_acf_changed":false},"product_brand":[],"product_cat":[1875],"product_tag":[4348,4352],"class_list":{"0":"post-57291","1":"product","2":"type-product","3":"status-publish","4":"has-post-thumbnail","6":"product_cat-nyckelband","7":"product_tag-10mm","8":"product_tag-blaa-nyckelband","9":"product_shipping_class-tunga-paket","10":"pa_brands-stonehouse-security","11":"pa_farg-bla","12":"pa_farg-nyckelband-bla","13":"pa_rfid-tillbehor-nyckelband-halsband","14":"tm-no-options","16":"first","17":"instock","18":"sale","19":"featured","20":"taxable","21":"shipping-taxable","22":"purchasable","23":"product-type-simple"},"acf":[],"_links":{"self":[{"href":"https:\/\/secureus.se\/fi\/wp-json\/wp\/v2\/product\/57291","targetHints":{"allow":["GET"]}}],"collection":[{"href":"https:\/\/secureus.se\/fi\/wp-json\/wp\/v2\/product"}],"about":[{"href":"https:\/\/secureus.se\/fi\/wp-json\/wp\/v2\/types\/product"}],"wp:featuredmedia":[{"embeddable":true,"href":"https:\/\/secureus.se\/fi\/wp-json\/wp\/v2\/media\/145290"}],"wp:attachment":[{"href":"https:\/\/secureus.se\/fi\/wp-json\/wp\/v2\/media?parent=57291"}],"wp:term":[{"taxonomy":"product_brand","embeddable":true,"href":"https:\/\/secureus.se\/fi\/wp-json\/wp\/v2\/product_brand?post=57291"},{"taxonomy":"product_cat","embeddable":true,"href":"https:\/\/secureus.se\/fi\/wp-json\/wp\/v2\/product_cat?post=57291"},{"taxonomy":"product_tag","embeddable":true,"href":"https:\/\/secureus.se\/fi\/wp-json\/wp\/v2\/product_tag?post=57291"}],"curies":[{"name":"wp","href":"https:\/\/api.w.org\/{rel}","templated":true}]}}