{"id":57295,"date":"2022-03-10T15:26:00","date_gmt":"2022-03-10T14:26:00","guid":{"rendered":"https:\/\/secureus.se\/produkt\/nyckelband-eko-10-mm-sakerhetsspanne-hummerklamma-i-metall-100-pack-farg-orange\/"},"modified":"2026-01-02T12:11:16","modified_gmt":"2026-01-02T11:11:16","slug":"nyckelband-10mm-orange-metallklamma-100-pack","status":"publish","type":"product","link":"https:\/\/secureus.se\/fi\/nyckelband-10mm-orange-metallklamma-100-pack\/","title":{"rendered":"Avaimenper\u00e4 10 mm Oranssi Eco - Kierr\u00e4tysmateriaali - Metalliklipsi - 100 kpl"},"content":{"rendered":"<p>N\u00e4m\u00e4 oranssit 10 mm leve\u00e4t kaulanauhat tarjoavat t\u00e4ydellisen tasapainon toimivuuden ja kest\u00e4vyyden v\u00e4lill\u00e4. Ne on valmistettu kest\u00e4v\u00e4st\u00e4 kierr\u00e4tetyst\u00e4 PET-materiaalista, joten ne ovat sek\u00e4 ymp\u00e4rist\u00f6yst\u00e4v\u00e4llisi\u00e4 ett\u00e4 luotettavia. N\u00e4m\u00e4 kaulanauhat ovat 90 cm pitki\u00e4 (aikuisten pudotuspituus 45 cm) ja niiss\u00e4 on turvasolki sek\u00e4 kest\u00e4v\u00e4 metallinen hummerilukko, joten ne ovat ihanteellisia monenlaisiin k\u00e4ytt\u00f6tarkoituksiin.<\/p>\n<ul>\n<li><strong>Kierr\u00e4tysmateriaalit:<\/strong> Valmistettu kest\u00e4v\u00e4st\u00e4 ja ymp\u00e4rist\u00f6yst\u00e4v\u00e4llisest\u00e4 PET-materiaalista.<\/li>\n<li><strong>Metallinen hummeripuristin:<\/strong> Tarjoaa turvallisen kiinnityksen henkil\u00f6korteille, avaimenper\u00e4lle tai p\u00e4\u00e4sykorteille.<\/li>\n<li><strong>Turvasolki:<\/strong> Helppo ja nopea vapauttaa tarvittaessa.<\/li>\n<li><strong>V\u00e4ri ja n\u00e4kyvyys:<\/strong> Oranssin v\u00e4rin ansiosta avaimenper\u00e4t on helppo n\u00e4hd\u00e4 ja tunnistaa.<\/li>\n<li><strong>Joustavat k\u00e4ytt\u00f6alueet:<\/strong> T\u00e4ydellinen henkil\u00f6korteille, k\u00e4yntikorteille, avaimenper\u00e4lle, muistitikulle ja matkapuhelimille.<\/li>\n<\/ul>\n<p><strong>Tekniset tiedot:<\/strong><\/p>\n<ul>\n<li><strong>Leveys:<\/strong> 10 mm<\/li>\n<li><strong>Pituus:<\/strong> 90 cm (45 cm pudotuksen pituus)<\/li>\n<li><strong>Materiaali:<\/strong> Kierr\u00e4tetty PET-materiaali<\/li>\n<li><strong>Pakkaus:<\/strong> 100 kpl per paketti<\/li>\n<\/ul>\n<p>N\u00e4m\u00e4 oranssit kaulanauhat yhdist\u00e4v\u00e4t kest\u00e4vyyden ja tyylin, ja ne ovat erinomainen valinta kaikille, jotka etsiv\u00e4t luotettavaa ja ymp\u00e4rist\u00f6yst\u00e4v\u00e4llist\u00e4 ratkaisua henkil\u00f6korttien tai avaimenper\u00e4n kuljettamiseen.<\/p>","protected":false},"excerpt":{"rendered":"<p>Kest\u00e4v\u00e4t oranssit 10 mm leve\u00e4t kaulanauhat, jotka on valmistettu kierr\u00e4tetyst\u00e4 PET-materiaalista. Varustettu metallisella hummerilukolla ja turvasoljella. Myyd\u00e4\u00e4n 100 kappaleen pakkauksissa.<\/p>","protected":false},"featured_media":145577,"template":"","meta":{"_acf_changed":false},"product_brand":[],"product_cat":[1875],"product_tag":[4348,4353],"class_list":{"0":"post-57295","1":"product","2":"type-product","3":"status-publish","4":"has-post-thumbnail","6":"product_cat-nyckelband","7":"product_tag-10mm","8":"product_tag-orange-nyckelband","9":"product_shipping_class-tunga-paket","10":"pa_brands-stonehouse-security","11":"pa_farg-orange","12":"pa_farg-nyckelband-orange","13":"pa_rfid-tillbehor-nyckelband-halsband","14":"tm-no-options","16":"first","17":"instock","18":"sale","19":"featured","20":"taxable","21":"shipping-taxable","22":"purchasable","23":"product-type-simple"},"acf":[],"_links":{"self":[{"href":"https:\/\/secureus.se\/fi\/wp-json\/wp\/v2\/product\/57295","targetHints":{"allow":["GET"]}}],"collection":[{"href":"https:\/\/secureus.se\/fi\/wp-json\/wp\/v2\/product"}],"about":[{"href":"https:\/\/secureus.se\/fi\/wp-json\/wp\/v2\/types\/product"}],"wp:featuredmedia":[{"embeddable":true,"href":"https:\/\/secureus.se\/fi\/wp-json\/wp\/v2\/media\/145577"}],"wp:attachment":[{"href":"https:\/\/secureus.se\/fi\/wp-json\/wp\/v2\/media?parent=57295"}],"wp:term":[{"taxonomy":"product_brand","embeddable":true,"href":"https:\/\/secureus.se\/fi\/wp-json\/wp\/v2\/product_brand?post=57295"},{"taxonomy":"product_cat","embeddable":true,"href":"https:\/\/secureus.se\/fi\/wp-json\/wp\/v2\/product_cat?post=57295"},{"taxonomy":"product_tag","embeddable":true,"href":"https:\/\/secureus.se\/fi\/wp-json\/wp\/v2\/product_tag?post=57295"}],"curies":[{"name":"wp","href":"https:\/\/api.w.org\/{rel}","templated":true}]}}