{"id":57296,"date":"2022-03-10T15:26:00","date_gmt":"2022-03-10T14:26:00","guid":{"rendered":"https:\/\/secureus.se\/produkt\/nyckelband-standard-med-j-klamma-i-plast-100-pack-farg-gul\/"},"modified":"2025-12-31T19:48:23","modified_gmt":"2025-12-31T18:48:23","slug":"nyckelband-standard-med-j-klamma-i-plast-100-pack-farg-gul","status":"publish","type":"product","link":"https:\/\/secureus.se\/fi\/nyckelband-standard-med-j-klamma-i-plast-100-pack-farg-gul\/","title":{"rendered":"Avaimenper\u00e4 Keltainen standardi J-klipsill\u00e4 muovisessa 100 kpl pakkauksessa"},"content":{"rendered":"<p>Pakkauksessa 100 kpl, 10 mm leve\u00e4t muoviset J-klipsinauhat.<\/p>\n<p>&nbsp;<\/p>","protected":false},"excerpt":{"rendered":"<p>Pakkauksessa 100 kpl, 10 mm leve\u00e4t muoviset J-klipsinauhat. &nbsp;<\/p>","protected":false},"featured_media":145306,"template":"","meta":{"_acf_changed":false},"product_brand":[],"product_cat":[1875],"product_tag":[4348,4357],"class_list":{"0":"post-57296","1":"product","2":"type-product","3":"status-publish","4":"has-post-thumbnail","6":"product_cat-nyckelband","7":"product_tag-10mm","8":"product_tag-gula-nyckelband","9":"product_shipping_class-tunga-paket","10":"pa_brands-stonehouse-security","11":"pa_farg-gul","12":"pa_farg-nyckelband-gul","13":"pa_rfid-tillbehor-nyckelband-halsband","14":"tm-no-options","16":"first","17":"instock","18":"sale","19":"featured","20":"taxable","21":"shipping-taxable","22":"purchasable","23":"product-type-simple"},"acf":[],"_links":{"self":[{"href":"https:\/\/secureus.se\/fi\/wp-json\/wp\/v2\/product\/57296","targetHints":{"allow":["GET"]}}],"collection":[{"href":"https:\/\/secureus.se\/fi\/wp-json\/wp\/v2\/product"}],"about":[{"href":"https:\/\/secureus.se\/fi\/wp-json\/wp\/v2\/types\/product"}],"wp:featuredmedia":[{"embeddable":true,"href":"https:\/\/secureus.se\/fi\/wp-json\/wp\/v2\/media\/145306"}],"wp:attachment":[{"href":"https:\/\/secureus.se\/fi\/wp-json\/wp\/v2\/media?parent=57296"}],"wp:term":[{"taxonomy":"product_brand","embeddable":true,"href":"https:\/\/secureus.se\/fi\/wp-json\/wp\/v2\/product_brand?post=57296"},{"taxonomy":"product_cat","embeddable":true,"href":"https:\/\/secureus.se\/fi\/wp-json\/wp\/v2\/product_cat?post=57296"},{"taxonomy":"product_tag","embeddable":true,"href":"https:\/\/secureus.se\/fi\/wp-json\/wp\/v2\/product_tag?post=57296"}],"curies":[{"name":"wp","href":"https:\/\/api.w.org\/{rel}","templated":true}]}}