{"id":57297,"date":"2022-03-10T15:26:00","date_gmt":"2022-03-10T14:26:00","guid":{"rendered":"https:\/\/secureus.se\/produkt\/jojo-zink-abs-med-modern-design-rod\/"},"modified":"2026-02-23T09:50:11","modified_gmt":"2026-02-23T08:50:11","slug":"utdragbar-nyckelring-med-jojo-snore-och-clips-rod","status":"publish","type":"product","link":"https:\/\/secureus.se\/fi\/utdragbar-nyckelring-med-jojo-snore-och-clips-rod\/","title":{"rendered":"Sis\u00e4\u00e4nvedett\u00e4v\u00e4 avaimenper\u00e4, jossa on jojo-nauha ja klipsi \u2013 punainen"},"content":{"rendered":"<div>\n<p><strong>Sis\u00e4\u00e4nvedett\u00e4v\u00e4 avaimenper\u00e4 jojolla - sinkki\/ABS, moderni muotoilu, musta<\/strong><\/p>\n<p>T\u00e4m\u00e4 moderni jatkettava jojo-avainrengas on t\u00e4ydellinen turvallista ja helppoa p\u00e4\u00e4sy\u00e4 varten avaimillesi tai henkil\u00f6korteillesi. Valmistettu korkealaatuisesta sinkki- ja ABS-muovista, se tarjoaa vankan ja tyylikk\u00e4\u00e4n muotoilun. Vakaalla kiinnityslaitteella ja pidikkeill\u00e4 varustettuna se on helppo kiinnitt\u00e4\u00e4 vy\u00f6h\u00f6n, taskuihin tai laukkuihin.<\/p>\n<h4><strong>Ominaisuudet ja edut<\/strong><\/h4>\n<ul>\n<li><strong>Kest\u00e4v\u00e4 muotoilu:<\/strong> Valmistettu sinkist\u00e4 ja ABS-muovista pitk\u00e4kestoiseksi.<\/li>\n<li><strong>Vakaa kiinnityslaite:<\/strong> Klipsit turvalliseen kiinnitykseen vy\u00f6h\u00f6n, taskuihin tai laukkuihin.<\/li>\n<li><strong>Sis\u00e4\u00e4nvedett\u00e4v\u00e4 jojo:<\/strong> 70 cm pitk\u00e4 nylonjohto helpottaa ja nopeaa p\u00e4\u00e4sy\u00e4.<\/li>\n<li><strong>Moderni ja tyylik\u00e4s:<\/strong> Musta v\u00e4ri ja moderni muotoilu, joka sopii niin ammattik\u00e4ytt\u00f6\u00f6n kuin arkeenkin.<\/li>\n<li><strong>Muokattava:<\/strong> Saatavana my\u00f6s mustana.<\/li>\n<\/ul>\n<h4><strong>K\u00e4ytt\u00f6alueet<\/strong><\/h4>\n<ul>\n<li><strong>Toimiston henkil\u00f6kunta:<\/strong> T\u00e4ydellinen avainten tai henkil\u00f6korttien pit\u00e4miseen helposti saatavilla.<\/li>\n<li><strong>Turvahenkil\u00f6st\u00f6:<\/strong> Riitt\u00e4v\u00e4n tukeva kuljettamaan turvalaitteita tai avaimia.<\/li>\n<li><strong>Tapahtuman henkil\u00f6kunta:<\/strong> Ihanteellinen henkil\u00f6korttien tai p\u00e4\u00e4sykorttien pit\u00e4miseen n\u00e4kyviss\u00e4 ja helposti saatavilla.<\/li>\n<li><strong>P\u00e4ivitt\u00e4inen k\u00e4ytt\u00f6:<\/strong> K\u00e4yt\u00e4nn\u00f6llinen ratkaisu kaikille, jotka tarvitsevat nopean ja helpon p\u00e4\u00e4syn avaimiinsa tai kortteihinsa.<\/li>\n<\/ul>\n<h4><strong>Tekniset tiedot<\/strong><\/h4>\n<ul>\n<li><strong>Koko:<\/strong> 33\u00d752 mm<\/li>\n<li><strong>Johdon pituus:<\/strong> 70 cm<\/li>\n<li><strong>Materiaali:<\/strong> Sinkki\/ABS<\/li>\n<li><strong>Maali:<\/strong> Punainen (saatavana my\u00f6s mustana)<\/li>\n<\/ul>\n<\/div>","protected":false},"excerpt":{"rendered":"<p>Sis\u00e4\u00e4nvedett\u00e4v\u00e4 yo-yo-avainrengas korkealaatuisesta sinkki\/ABS-muovista, ihanteellinen avainten tai henkil\u00f6korttien turvalliseen ja helppoon k\u00e4ytt\u00f6\u00f6n. Tyylik\u00e4s punainen muotoilu vakaalla pidikkeell\u00e4 helppoa kiinnityst\u00e4 varten.<\/p>","protected":false},"featured_media":147648,"template":"","meta":{"_acf_changed":false},"product_brand":[],"product_cat":[1676,2901,1324],"product_tag":[2416,2958],"class_list":{"0":"post-57297","1":"product","2":"type-product","3":"status-publish","4":"has-post-thumbnail","6":"product_cat-jojos-och-nyckelringar","7":"product_cat-jojo-yoyo-alltid-i-lager","8":"product_cat-outlet","9":"product_tag-rel-rfid-tillbehor","10":"product_tag-stonehouse-produkt","11":"product_shipping_class-postnord-varubrev","12":"pa_brands-stonehouse-security","13":"pa_farg-rod","14":"pa_rfid-tillbehor-jojo","15":"tm-no-options","17":"first","18":"instock","19":"sale","20":"featured","21":"taxable","22":"shipping-taxable","23":"purchasable","24":"product-type-simple"},"acf":[],"_links":{"self":[{"href":"https:\/\/secureus.se\/fi\/wp-json\/wp\/v2\/product\/57297","targetHints":{"allow":["GET"]}}],"collection":[{"href":"https:\/\/secureus.se\/fi\/wp-json\/wp\/v2\/product"}],"about":[{"href":"https:\/\/secureus.se\/fi\/wp-json\/wp\/v2\/types\/product"}],"wp:featuredmedia":[{"embeddable":true,"href":"https:\/\/secureus.se\/fi\/wp-json\/wp\/v2\/media\/147648"}],"wp:attachment":[{"href":"https:\/\/secureus.se\/fi\/wp-json\/wp\/v2\/media?parent=57297"}],"wp:term":[{"taxonomy":"product_brand","embeddable":true,"href":"https:\/\/secureus.se\/fi\/wp-json\/wp\/v2\/product_brand?post=57297"},{"taxonomy":"product_cat","embeddable":true,"href":"https:\/\/secureus.se\/fi\/wp-json\/wp\/v2\/product_cat?post=57297"},{"taxonomy":"product_tag","embeddable":true,"href":"https:\/\/secureus.se\/fi\/wp-json\/wp\/v2\/product_tag?post=57297"}],"curies":[{"name":"wp","href":"https:\/\/api.w.org\/{rel}","templated":true}]}}