{"id":57298,"date":"2022-03-10T15:26:00","date_gmt":"2022-03-10T14:26:00","guid":{"rendered":"https:\/\/secureus.se\/produkt\/nyckelring-vit-10-pack\/"},"modified":"2025-12-31T19:46:18","modified_gmt":"2025-12-31T18:46:18","slug":"nyckelbricka-vit","status":"publish","type":"product","link":"https:\/\/secureus.se\/fi\/nyckelbricka-vit\/","title":{"rendered":"Avaimenper\u00e4 Valkoinen"},"content":{"rendered":"<div>\n<h4>Valkoinen avainlokero yksinkertaiseen ja j\u00e4rjestettyyn avainten s\u00e4ilytykseen<\/h4>\n<p>N\u00e4m\u00e4 valkoiset n\u00e4pp\u00e4intunnisteet tekev\u00e4t oikeiden avainten tai tunnisteiden j\u00e4rjest\u00e4misest\u00e4 ja l\u00f6yt\u00e4misest\u00e4 helppoa. Jokainen avaimenper\u00e4 on varustettu muovikotelolla ja tukevalla avainrenkaalla, joten ne sopivat t\u00e4ydellisesti sek\u00e4 henkil\u00f6kohtaiseen ett\u00e4 ammattik\u00e4ytt\u00f6\u00f6n.<\/p>\n<h3>Ominaisuudet ja edut<\/h3>\n<ul>\n<li><strong>Tyhjenn\u00e4 tunnistus<\/strong>: Punainen v\u00e4ri, jonka avulla on helppo l\u00f6yt\u00e4\u00e4 ja tunnistaa oikea avain nopeasti.<\/li>\n<li><strong>Kest\u00e4v\u00e4 rakenne<\/strong>: Valmistettu tukevasta muovitarjottimesta ja vahvasta avainrenkaasta pitk\u00e4aikaiseen k\u00e4ytt\u00f6\u00f6n.<\/li>\n<li><strong>Monipuolinen k\u00e4ytt\u00f6<\/strong>: T\u00e4ydellinen avainten, tunnisteiden ja muiden pienten esineiden j\u00e4rjest\u00e4miseen.<\/li>\n<li><strong>Helppo k\u00e4ytt\u00e4\u00e4<\/strong>: Helppo asentaa ja k\u00e4ytt\u00e4\u00e4 pit\u00e4m\u00e4\u00e4n avaimet tai tagit tukevasti paikoillaan.<\/li>\n<\/ul>\n<h3>Tekniset tiedot<\/h3>\n<ul>\n<li><strong>Maali<\/strong>: Punainen<\/li>\n<li><strong>Materiaali<\/strong>: Muovi ja metalli<\/li>\n<li><strong>K\u00e4ytt\u00f6alueet<\/strong>: Avaimet, tunnisteet, pienet esineet<\/li>\n<\/ul>\n<h3>K\u00e4ytt\u00f6alueet<\/h3>\n<ul>\n<li><strong>Koti ja toimisto<\/strong>: Ihanteellinen avainten j\u00e4rjest\u00e4miseen kotona tai toimistossa.<\/li>\n<li><strong>Koulut ja laitokset<\/strong>: T\u00e4ydellinen avainten ja tunnisteiden pit\u00e4miseen j\u00e4rjestyksess\u00e4 kouluissa ja muissa laitoksissa.<\/li>\n<li><strong>Yritys ja varasto<\/strong>: K\u00e4ytet\u00e4\u00e4n avainten ja tunnisteiden merkitsemiseen ja j\u00e4rjest\u00e4miseen yrityksiss\u00e4 ja varastoissa.<\/li>\n<\/ul>\n<\/div>\n<div class=\"addthis_toolbox\"><\/div>","protected":false},"excerpt":{"rendered":"<p><strong>Avaimenper\u00e4 Valkoinen<\/strong><\/p>\n<p>J\u00e4rjest\u00e4 ja l\u00f6yd\u00e4 avaimesi helposti n\u00e4iden mustien avainlappujen avulla. T\u00e4ydellinen sek\u00e4 henkil\u00f6kohtaiseen ett\u00e4 ammattik\u00e4ytt\u00f6\u00f6n.<\/p>","protected":false},"featured_media":145410,"template":"","meta":{"_acf_changed":false},"product_brand":[],"product_cat":[1895],"product_tag":[2958],"class_list":{"0":"post-57298","1":"product","2":"type-product","3":"status-publish","4":"has-post-thumbnail","6":"product_cat-nyckelbrickor","7":"product_tag-stonehouse-produkt","8":"product_shipping_class-postnord-varubrev","9":"pa_brands-stonehouse-security","10":"pa_farg-vit","11":"pa_rfid-tillbehor-nyckelringar","12":"tm-no-options","14":"first","15":"instock","16":"sale","17":"featured","18":"taxable","19":"shipping-taxable","20":"purchasable","21":"product-type-simple"},"acf":[],"_links":{"self":[{"href":"https:\/\/secureus.se\/fi\/wp-json\/wp\/v2\/product\/57298","targetHints":{"allow":["GET"]}}],"collection":[{"href":"https:\/\/secureus.se\/fi\/wp-json\/wp\/v2\/product"}],"about":[{"href":"https:\/\/secureus.se\/fi\/wp-json\/wp\/v2\/types\/product"}],"wp:featuredmedia":[{"embeddable":true,"href":"https:\/\/secureus.se\/fi\/wp-json\/wp\/v2\/media\/145410"}],"wp:attachment":[{"href":"https:\/\/secureus.se\/fi\/wp-json\/wp\/v2\/media?parent=57298"}],"wp:term":[{"taxonomy":"product_brand","embeddable":true,"href":"https:\/\/secureus.se\/fi\/wp-json\/wp\/v2\/product_brand?post=57298"},{"taxonomy":"product_cat","embeddable":true,"href":"https:\/\/secureus.se\/fi\/wp-json\/wp\/v2\/product_cat?post=57298"},{"taxonomy":"product_tag","embeddable":true,"href":"https:\/\/secureus.se\/fi\/wp-json\/wp\/v2\/product_tag?post=57298"}],"curies":[{"name":"wp","href":"https:\/\/api.w.org\/{rel}","templated":true}]}}