{"id":57366,"date":"2022-03-10T15:15:00","date_gmt":"2022-03-10T14:15:00","guid":{"rendered":"https:\/\/secureus.se\/produkt\/2-vags-tradlos-panda-keyfob-fjarrkontroll-agililty4-och-wicomm-pro\/"},"modified":"2026-03-14T12:52:33","modified_gmt":"2026-03-14T11:52:33","slug":"risco-fjarrkontroll-2-vags","status":"publish","type":"product","link":"https:\/\/secureus.se\/fi\/risco-fjarrkontroll-2-vags\/","title":{"rendered":"Risco Kaukos\u00e4\u00e4din 2-suuntainen"},"content":{"rendered":"<h1>Risco Kaukos\u00e4\u00e4din 2-suuntainen<\/h1>\n<p data-start=\"478\" data-end=\"845\">RISCO Panda 2-suuntainen kaukos\u00e4\u00e4din (malli RWX332KF800B) on RISCO Groupin uusin innovaatio, joka on suunniteltu tarjoamaan maksimaalista mukavuutta ja turvallisuutta RISCO-murtoh\u00e4lytysj\u00e4rjestelmien k\u00e4ytt\u00e4jille.<\/p>\n<p data-start=\"478\" data-end=\"845\">Kaukos\u00e4\u00e4din yhdist\u00e4\u00e4 modernin ja virtaviivaisen muotoilun edistyneeseen kaksisuuntaiseen langattomaan viestint\u00e4\u00e4n, mik\u00e4 tekee siit\u00e4 erinomaisen valinnan sek\u00e4 koteihin ett\u00e4 pieniin toimistoihin.<\/p>\n<p data-start=\"847\" data-end=\"1241\">Panda-kaksisuuntainen kaukos\u00e4\u00e4din on erityisen k\u00e4ytt\u00e4j\u00e4yst\u00e4v\u00e4llinen ja helppo konfiguroida.<\/p>\n<p data-start=\"847\" data-end=\"1241\">Se on yhteensopiva kaikkien RISCOn langattomien ja hybriditurvaj\u00e4rjestelmien kanssa ja tarjoaa k\u00e4ytt\u00e4jille k\u00e4tev\u00e4n tavan hallita h\u00e4lytys- ja turvaj\u00e4rjestelmi\u00e4\u00e4n.<\/p>\n<p data-start=\"847\" data-end=\"1241\">Kaukos\u00e4\u00e4timess\u00e4 on suuret n\u00e4pp\u00e4imet, joiden ansiosta j\u00e4rjestelm\u00e4n viritt\u00e4minen ja poiskytkent\u00e4 sek\u00e4 paniikkih\u00e4lytysten l\u00e4hett\u00e4minen on helppoa.<\/p>\n<p data-start=\"1243\" data-end=\"1561\">Yksi Panda-kaukos\u00e4\u00e4timen k\u00e4tevimmist\u00e4 ominaisuuksista on sen kaksisuuntainen langaton tiedonsiirto.<\/p>\n<p data-start=\"1243\" data-end=\"1561\">Kun paneeliin l\u00e4hetet\u00e4\u00e4n komento, k\u00e4ytt\u00e4j\u00e4 saa vahvistuksen tilasta kaukos\u00e4\u00e4timen LED-valon kautta.<\/p>\n<p data-start=\"1243\" data-end=\"1561\">T\u00e4m\u00e4 antaa varmuuden ja vahvistaa, ett\u00e4 turvaj\u00e4rjestelm\u00e4 on vastaanottanut ja k\u00e4sitellyt komennon.<\/p>\n<p data-start=\"1563\" data-end=\"1831\">Kaukos\u00e4\u00e4din on my\u00f6s helppo kuljettaa mukana, sill\u00e4 sen voi ripustaa ketjuun tai k\u00e4ytt\u00e4\u00e4 riipuksena, mik\u00e4 tekee siit\u00e4 k\u00e4yt\u00e4nn\u00f6llisen jokap\u00e4iv\u00e4iseen k\u00e4ytt\u00f6\u00f6n.<\/p>\n<p data-start=\"1563\" data-end=\"1831\">Helpon akunvaihdon ansiosta k\u00e4ytt\u00e4j\u00e4 voi helposti huoltaa laitetta ilman, ett\u00e4 h\u00e4nen tarvitsee huolehtia seisokeista tai ongelmista.<\/p>\n<p data-start=\"1833\" data-end=\"1863\"><strong data-start=\"1833\" data-end=\"1861\">T\u00e4rkeimm\u00e4t ominaisuudet:<\/strong><\/p>\n<ul data-start=\"1864\" data-end=\"2462\">\n<li data-start=\"1864\" data-end=\"1938\">\n<p data-start=\"1866\" data-end=\"1938\"><strong data-start=\"1866\" data-end=\"1900\">Kaksisuuntainen langaton tiedonsiirto:<\/strong> Vastaanottaa vahvistustilan j\u00e4rjestelm\u00e4lt\u00e4<\/p>\n<\/li>\n<li data-start=\"1939\" data-end=\"2022\">\n<p data-start=\"1941\" data-end=\"2022\"><strong data-start=\"1941\" data-end=\"1962\">Helppok\u00e4ytt\u00f6isyys:<\/strong> Suuret n\u00e4pp\u00e4imet j\u00e4rjestelm\u00e4n nopeaan ja helppoon k\u00e4ytt\u00f6\u00f6n<\/p>\n<\/li>\n<li data-start=\"2023\" data-end=\"2099\">\n<p data-start=\"2025\" data-end=\"2099\"><strong data-start=\"2025\" data-end=\"2043\">Paniikin hallinta:<\/strong> Mahdollisuus l\u00e4hett\u00e4\u00e4 paniikkih\u00e4lytyksi\u00e4 turvaj\u00e4rjestelm\u00e4\u00e4n<\/p>\n<\/li>\n<li data-start=\"2100\" data-end=\"2166\">\n<p data-start=\"2102\" data-end=\"2166\"><strong data-start=\"2102\" data-end=\"2113\">Kannettava:<\/strong> Voidaan ripustaa ketjuun tai k\u00e4ytt\u00e4\u00e4 riipuksena<\/p>\n<\/li>\n<li data-start=\"2167\" data-end=\"2251\">\n<p data-start=\"2169\" data-end=\"2251\"><strong data-start=\"2169\" data-end=\"2188\">Yhteensopivuus:<\/strong> Toimii kaikkien RISCO-langattomien ja hybridi-tunkeutumisj\u00e4rjestelmien kanssa<\/p>\n<\/li>\n<li data-start=\"2252\" data-end=\"2320\">\n<p data-start=\"2254\" data-end=\"2320\"><strong data-start=\"2254\" data-end=\"2270\">Pariston vaihto:<\/strong> Helppo pariston vaihto pitk\u00e4aikaista k\u00e4ytt\u00f6\u00e4 varten<\/p>\n<\/li>\n<li data-start=\"2321\" data-end=\"2407\">\n<p data-start=\"2323\" data-end=\"2407\"><strong data-start=\"2323\" data-end=\"2344\">LED-merkkivalo:<\/strong> Vahvistaa jokaisen paneelille l\u00e4hetetyn komennon tilan<\/p>\n<\/li>\n<li data-start=\"2408\" data-end=\"2462\">\n<p data-start=\"2410\" data-end=\"2462\"><strong data-start=\"2410\" data-end=\"2421\">Design:<\/strong> Moderni ja kompakti k\u00e4tev\u00e4\u00e4n k\u00e4ytt\u00f6\u00f6n<\/p>\n<\/li>\n<\/ul>\n<p data-start=\"2464\" data-end=\"2495\"><strong data-start=\"2464\" data-end=\"2493\">Tekniset tiedot:<\/strong><\/p>\n<ul data-start=\"2496\" data-end=\"2714\">\n<li data-start=\"2496\" data-end=\"2521\">\n<p data-start=\"2498\" data-end=\"2521\"><strong data-start=\"2498\" data-end=\"2511\">Taajuus:<\/strong> 868 MHz<\/p>\n<\/li>\n<li data-start=\"2522\" data-end=\"2581\">\n<p data-start=\"2524\" data-end=\"2581\"><strong data-start=\"2524\" data-end=\"2545\">Virtal\u00e4hde:<\/strong> Paristok\u00e4ytt\u00f6inen (helppo paristonvaihto)<\/p>\n<\/li>\n<li data-start=\"2582\" data-end=\"2649\">\n<p data-start=\"2584\" data-end=\"2649\"><strong data-start=\"2584\" data-end=\"2603\">Yhteensopivuus:<\/strong> Agility\u2122, WiComm Pro ja muut RISCO-j\u00e4rjestelm\u00e4t<\/p>\n<\/li>\n<li data-start=\"2650\" data-end=\"2714\">\n<p data-start=\"2652\" data-end=\"2714\"><strong data-start=\"2652\" data-end=\"2665\">Teht\u00e4v\u00e4:<\/strong> H\u00e4lytys p\u00e4\u00e4lle\/pois, paniikkih\u00e4lytys, kaksisuuntainen vahvistus tilasta<\/p>\n<\/li>\n<\/ul>\n<p data-start=\"2716\" data-end=\"2980\">T\u00e4m\u00e4 Panda 2-suuntainen kaukos\u00e4\u00e4din on t\u00e4ydellinen lis\u00e4varuste k\u00e4ytt\u00e4jille, jotka etsiv\u00e4t yksinkertaista mutta tehokasta tapaa hallita turvaj\u00e4rjestelmi\u00e4\u00e4n.<\/p>\n<p data-start=\"2716\" data-end=\"2980\">K\u00e4ytt\u00e4j\u00e4yst\u00e4v\u00e4llisten ominaisuuksiensa ja luotettavan tiedonsiirron ansiosta se tarjoaa turvallisen ja joustavan ratkaisun jokap\u00e4iv\u00e4iseen k\u00e4ytt\u00f6\u00f6n.<\/p>\n<p><a href=\"https:\/\/www.riscogroup.com\/products\/product\/52708\" target=\"_blank\" rel=\"noopener\">T\u00e4\u00e4lt\u00e4 voit lukea lis\u00e4\u00e4 WiCom Prosta Risco Groupin verkkosivuilla\u00a0<\/a><\/p>\n<p><iframe title=\"Wicomm Smart Hub USA\" width=\"1170\" height=\"658\" src=\"https:\/\/www.youtube.com\/embed\/5PHoH2dRjEs?feature=oembed\" frameborder=\"0\" allow=\"accelerometer; autoplay; clipboard-write; encrypted-media; gyroscope; picture-in-picture; web-share\" referrerpolicy=\"strict-origin-when-cross-origin\" allowfullscreen><\/iframe><\/p>","protected":false},"excerpt":{"rendered":"<p>Risco Panda -kaksisuuntainen kaukos\u00e4\u00e4din on kompakti ja moderni langaton avainohjain, joka antaa k\u00e4ytt\u00e4jille helpon p\u00e4\u00e4syn turvaj\u00e4rjestelmiins\u00e4.<\/p>\n<p>Se on helppo konfiguroida ja k\u00e4ytt\u00e4\u00e4 RISCOn hybridi- ja langattomien tunkeutumisj\u00e4rjestelmien kanssa.<\/p>\n<p>Vahvistustila LED-valolla ja kaksisuuntainen tiedonsiirto lis\u00e4\u00e4v\u00e4t turvallisuutta.<\/p>","protected":false},"featured_media":145660,"template":"","meta":{"_acf_changed":false},"product_brand":[],"product_cat":[2731,4881],"product_tag":[],"class_list":{"0":"post-57366","1":"product","2":"type-product","3":"status-publish","4":"has-post-thumbnail","6":"product_cat-risco-larm","7":"product_cat-overfallslarm-fjarrkontroll","8":"product_shipping_class-postnord-varubrev","9":"pa_brands-4risco","10":"pa_risco-produkter-agility-4","11":"pa_wicomm-pro-kategorier-manoverpaneler-knappar","12":"tm-no-options","14":"first","15":"instock","16":"sale","17":"featured","18":"taxable","19":"shipping-taxable","20":"purchasable","21":"product-type-simple"},"acf":[],"_links":{"self":[{"href":"https:\/\/secureus.se\/fi\/wp-json\/wp\/v2\/product\/57366","targetHints":{"allow":["GET"]}}],"collection":[{"href":"https:\/\/secureus.se\/fi\/wp-json\/wp\/v2\/product"}],"about":[{"href":"https:\/\/secureus.se\/fi\/wp-json\/wp\/v2\/types\/product"}],"wp:featuredmedia":[{"embeddable":true,"href":"https:\/\/secureus.se\/fi\/wp-json\/wp\/v2\/media\/145660"}],"wp:attachment":[{"href":"https:\/\/secureus.se\/fi\/wp-json\/wp\/v2\/media?parent=57366"}],"wp:term":[{"taxonomy":"product_brand","embeddable":true,"href":"https:\/\/secureus.se\/fi\/wp-json\/wp\/v2\/product_brand?post=57366"},{"taxonomy":"product_cat","embeddable":true,"href":"https:\/\/secureus.se\/fi\/wp-json\/wp\/v2\/product_cat?post=57366"},{"taxonomy":"product_tag","embeddable":true,"href":"https:\/\/secureus.se\/fi\/wp-json\/wp\/v2\/product_tag?post=57366"}],"curies":[{"name":"wp","href":"https:\/\/api.w.org\/{rel}","templated":true}]}}