{"id":57368,"date":"2022-03-10T15:15:00","date_gmt":"2022-03-10T14:15:00","guid":{"rendered":"https:\/\/secureus.se\/produkt\/2-vags-tradlos-slim-magnetkontakt-agility4-wicomm-pro\/"},"modified":"2026-01-30T08:07:41","modified_gmt":"2026-01-30T07:07:41","slug":"risco-slim-magnetkontakt-2-vags","status":"publish","type":"product","link":"https:\/\/secureus.se\/fi\/risco-slim-magnetkontakt-2-vags\/","title":{"rendered":"Risco Slim -magneettikytkin, 2-asentoinen"},"content":{"rendered":"<h1>Risco Slim -magneettikytkin, 2-asentoinen<\/h1>\n<p data-start=\"433\" data-end=\"783\">Risco 2-Way Slim Magnetic Contact (malli RWX780868M3B) on langaton ovi- ja ikkunakosketin, joka sopii t\u00e4ydellisesti k\u00e4ytett\u00e4v\u00e4ksi asuin- ja liikeymp\u00e4rist\u00f6iss\u00e4.<\/p>\n<p data-start=\"433\" data-end=\"783\">Langattomaan keh\u00e4suojaukseen suunniteltu laite tarjoaa parannetun suorituskyvyn ja korkean herkkyyden, joten se sopii erinomaisesti ikkunoiden ja ovien valvontaan erilaisissa turvaj\u00e4rjestelmiss\u00e4.<\/p>\n<p data-start=\"785\" data-end=\"1182\">T\u00e4m\u00e4 magneettinen kontakti on varustettu kaksisuuntaisella langattomalla viestinn\u00e4ll\u00e4, mik\u00e4 tarkoittaa, ett\u00e4 se ei ainoastaan l\u00e4het\u00e4 tietoja j\u00e4rjestelm\u00e4\u00e4n, vaan my\u00f6s vastaanottaa vahvistuksia. T\u00e4m\u00e4 parantaa turvallisuutta ja v\u00e4hent\u00e4\u00e4 muiden langattomien laitteiden aiheuttamien h\u00e4iri\u00f6iden riski\u00e4.<\/p>\n<p data-start=\"785\" data-end=\"1182\">T\u00e4m\u00e4n toiminnon avulla k\u00e4ytt\u00e4j\u00e4 saa vahvistuksen LED-valojen kautta, kun j\u00e4rjestelm\u00e4 on vastaanottanut komennon, mik\u00e4 lis\u00e4\u00e4 turvallisuutta.<\/p>\n<p data-start=\"1184\" data-end=\"1513\">Risco 2-suuntainen ohut magneettikytkin on helppo asentaa ja se voidaan kiinnitt\u00e4\u00e4 nopeasti sein\u00e4\u00e4n yksinkertaisen kiinnitystelineen avulla.<\/p>\n<p data-start=\"1184\" data-end=\"1513\">Se on my\u00f6s suunniteltu helposti yll\u00e4pidett\u00e4v\u00e4ksi yksinkertaisen akunvaihdon ansiosta, mik\u00e4 tekee siit\u00e4 k\u00e4ytt\u00e4j\u00e4yst\u00e4v\u00e4llisen vaihtoehdon sek\u00e4 uusiin asennuksiin ett\u00e4 olemassa olevien j\u00e4rjestelmien p\u00e4ivityksiin.<\/p>\n<p data-start=\"1515\" data-end=\"1876\">Magneettikontakti k\u00e4ytt\u00e4\u00e4 tavallista 3 V:n litiumparistoa ja toimii saumattomasti RISCOn kaksisuuntaisten langattomien j\u00e4rjestelmien, kuten Agility\u2122:n, LightSYS:n ja WiComm PRO:n, kanssa.<\/p>\n<p data-start=\"1515\" data-end=\"1876\">Lis\u00e4joustavuutta varten sit\u00e4 voidaan k\u00e4ytt\u00e4\u00e4 my\u00f6s yhteyden muodostamiseen muihin langallisiin antureihin tai magneettikontakteihin ylim\u00e4\u00e4r\u00e4isen vy\u00f6hyketulon kautta, mik\u00e4 tekee siit\u00e4 t\u00e4ydellisen r\u00e4\u00e4t\u00e4l\u00f6ityihin turvaratkaisuihin.<\/p>\n<p data-start=\"1878\" data-end=\"1908\"><strong data-start=\"1878\" data-end=\"1906\">T\u00e4rkeimm\u00e4t ominaisuudet:<\/strong><\/p>\n<ul data-start=\"1909\" data-end=\"2531\">\n<li data-start=\"1909\" data-end=\"1993\">\n<p data-start=\"1911\" data-end=\"1993\"><strong data-start=\"1911\" data-end=\"1944\">Kaksisuuntainen langaton tiedonsiirto:<\/strong> Parempaa turvallisuutta ja v\u00e4hemm\u00e4n langattomia h\u00e4iri\u00f6it\u00e4 varten<\/p>\n<\/li>\n<li data-start=\"1994\" data-end=\"2064\">\n<p data-start=\"1996\" data-end=\"2064\"><strong data-start=\"1996\" data-end=\"2015\">Yhteensopivuus:<\/strong> Toimii Agility\u2122:n, LightSYS:n ja WiComm PRO:n kanssa<\/p>\n<\/li>\n<li data-start=\"2065\" data-end=\"2170\">\n<p data-start=\"2067\" data-end=\"2170\"><strong data-start=\"2067\" data-end=\"2090\">Helppo asennus:<\/strong> Asennetaan helposti sein\u00e4lle ja ohjelmoidaan et\u00e4konfiguraation avulla<\/p>\n<\/li>\n<li data-start=\"2171\" data-end=\"2252\">\n<p data-start=\"2173\" data-end=\"2252\"><strong data-start=\"2173\" data-end=\"2199\">Parannettu herkkyys:<\/strong> Lis\u00e4\u00e4 ovien ja ikkunoiden tunnistuskyky\u00e4<\/p>\n<\/li>\n<li data-start=\"2253\" data-end=\"2307\">\n<p data-start=\"2255\" data-end=\"2307\"><strong data-start=\"2255\" data-end=\"2267\">Akku:<\/strong> 1 x 3 V litiumparisto, helppo vaihtaa<\/p>\n<\/li>\n<li data-start=\"2308\" data-end=\"2325\">\n<p data-start=\"2310\" data-end=\"2325\"><strong data-start=\"2310\" data-end=\"2319\">Maali:<\/strong> Valkoinen<\/p>\n<\/li>\n<li data-start=\"2326\" data-end=\"2410\">\n<p data-start=\"2328\" data-end=\"2410\"><strong data-start=\"2328\" data-end=\"2342\">Vy\u00f6hykkeen tulo:<\/strong> Voidaan liitt\u00e4\u00e4 muihin langallisiin antureihin joustavuuden lis\u00e4\u00e4miseksi<\/p>\n<\/li>\n<li data-start=\"2411\" data-end=\"2484\">\n<p data-start=\"2413\" data-end=\"2484\"><strong data-start=\"2413\" data-end=\"2425\">Koko:<\/strong> Kompakti muotoilu helpottaa asennusta ahtaisiin tiloihin<\/p>\n<\/li>\n<li data-start=\"2485\" data-end=\"2531\">\n<p data-start=\"2487\" data-end=\"2531\"><strong data-start=\"2487\" data-end=\"2516\">Toimittajan artikkelinumero:<\/strong> RWX780868M3B<\/p>\n<\/li>\n<\/ul>\n<p data-start=\"2533\" data-end=\"2564\"><strong data-start=\"2533\" data-end=\"2562\">Tekniset tiedot:<\/strong><\/p>\n<ul data-start=\"2565\" data-end=\"2824\">\n<li data-start=\"2565\" data-end=\"2590\">\n<p data-start=\"2567\" data-end=\"2590\"><strong data-start=\"2567\" data-end=\"2580\">Taajuus:<\/strong> 868 MHz<\/p>\n<\/li>\n<li data-start=\"2591\" data-end=\"2633\">\n<p data-start=\"2593\" data-end=\"2633\"><strong data-start=\"2593\" data-end=\"2614\">Virtal\u00e4hde:<\/strong> 3 V:n litiumparisto<\/p>\n<\/li>\n<li data-start=\"2634\" data-end=\"2680\">\n<p data-start=\"2636\" data-end=\"2680\"><strong data-start=\"2636\" data-end=\"2650\">Vy\u00f6hykkeen tulo:<\/strong> Kyll\u00e4, langallisille antureille<\/p>\n<\/li>\n<li data-start=\"2681\" data-end=\"2726\">\n<p data-start=\"2683\" data-end=\"2726\"><strong data-start=\"2683\" data-end=\"2707\">L\u00e4mp\u00f6tila-alue:<\/strong> -10\u00b0C - +40\u00b0C<\/p>\n<\/li>\n<li data-start=\"2727\" data-end=\"2771\">\n<p data-start=\"2729\" data-end=\"2771\"><strong data-start=\"2729\" data-end=\"2745\">Mitat:<\/strong> Kompakti ja ohut muotoilu<\/p>\n<\/li>\n<li data-start=\"2772\" data-end=\"2824\">\n<p data-start=\"2774\" data-end=\"2824\"><strong data-start=\"2774\" data-end=\"2783\">Paino:<\/strong> Kevyt ja joustava helppoon asennukseen<\/p>\n<\/li>\n<\/ul>\n<p data-start=\"2826\" data-end=\"3093\">Risco 2-Way Slim Magnetic Contact on t\u00e4ydellinen ratkaisu k\u00e4ytt\u00e4jille, jotka etsiv\u00e4t tehokasta ja langatonta turvaratkaisua ovien ja ikkunoiden suojaamiseen.<\/p>\n<p data-start=\"2826\" data-end=\"3093\">T\u00e4m\u00e4 laite tarjoaa sek\u00e4 korkean turvallisuuden ett\u00e4 helpon asennuksen ja toimii saumattomasti RISCOn edistyneiden j\u00e4rjestelmien kanssa.<\/p>\n<div class=\"field field-name-field-product-description field-type-text-long field-label-hidden\">\n<div class=\"field-items\">\n<p><a href=\"https:\/\/www.riscogroup.com\/products\/product\/52708\" target=\"_blank\" rel=\"noopener\">T\u00e4\u00e4lt\u00e4 voit lukea lis\u00e4\u00e4 WiCom Prosta Risco Groupin verkkosivuilla\u00a0<\/a><\/p>\n<p><iframe title=\"Wicomm Smart Hub USA\" width=\"1170\" height=\"658\" src=\"https:\/\/www.youtube.com\/embed\/5PHoH2dRjEs?feature=oembed\" frameborder=\"0\" allow=\"accelerometer; autoplay; clipboard-write; encrypted-media; gyroscope; picture-in-picture; web-share\" referrerpolicy=\"strict-origin-when-cross-origin\" allowfullscreen><\/iframe><\/p>\n<\/div>\n<\/div>","protected":false},"excerpt":{"rendered":"<p>Riscon kaksisuuntainen langaton Slim-magneettikontakti on ohut 868 MHz:n taajuudella toimiva ovi-\/ikkunakontakti, joka on suunniteltu tarjoamaan korkeaa turvallisuutta asuin- ja liikerakennuksissa.<\/p>\n<p>Se on yhteensopiva Agilityn, LightSYSin ja WiComm PROn kanssa ja tarjoaa helpon asennuksen ja akun vaihdon.<\/p>","protected":false},"featured_media":145453,"template":"","meta":{"_acf_changed":false},"product_brand":[],"product_cat":[2731,3188],"product_tag":[],"class_list":{"0":"post-57368","1":"product","2":"type-product","3":"status-publish","4":"has-post-thumbnail","6":"product_cat-risco-larm","7":"product_cat-larmenheter-risco-larm","8":"product_shipping_class-postnord-varubrev","9":"pa_brands-4risco","10":"pa_risco-produkter-agility-4","11":"pa_wicomm-pro-kategorier-magnetkontakter","12":"tm-no-options","14":"first","15":"instock","16":"sale","17":"featured","18":"taxable","19":"shipping-taxable","20":"purchasable","21":"product-type-simple"},"acf":[],"_links":{"self":[{"href":"https:\/\/secureus.se\/fi\/wp-json\/wp\/v2\/product\/57368","targetHints":{"allow":["GET"]}}],"collection":[{"href":"https:\/\/secureus.se\/fi\/wp-json\/wp\/v2\/product"}],"about":[{"href":"https:\/\/secureus.se\/fi\/wp-json\/wp\/v2\/types\/product"}],"wp:featuredmedia":[{"embeddable":true,"href":"https:\/\/secureus.se\/fi\/wp-json\/wp\/v2\/media\/145453"}],"wp:attachment":[{"href":"https:\/\/secureus.se\/fi\/wp-json\/wp\/v2\/media?parent=57368"}],"wp:term":[{"taxonomy":"product_brand","embeddable":true,"href":"https:\/\/secureus.se\/fi\/wp-json\/wp\/v2\/product_brand?post=57368"},{"taxonomy":"product_cat","embeddable":true,"href":"https:\/\/secureus.se\/fi\/wp-json\/wp\/v2\/product_cat?post=57368"},{"taxonomy":"product_tag","embeddable":true,"href":"https:\/\/secureus.se\/fi\/wp-json\/wp\/v2\/product_tag?post=57368"}],"curies":[{"name":"wp","href":"https:\/\/api.w.org\/{rel}","templated":true}]}}