{"id":57369,"date":"2022-03-10T15:15:00","date_gmt":"2022-03-10T14:15:00","guid":{"rendered":"https:\/\/secureus.se\/produkt\/riscontrol-ips-8-touchscreen-keypad\/"},"modified":"2025-12-31T19:43:47","modified_gmt":"2025-12-31T18:43:47","slug":"touchscreen-keypad-wicomm-pro-risco","status":"publish","type":"product","link":"https:\/\/secureus.se\/fi\/touchscreen-keypad-wicomm-pro-risco\/","title":{"rendered":"RisControl IPS -kosketusn\u00e4ytt\u00f6n\u00e4pp\u00e4imist\u00f6 Risco \u2013 ProsysPlus, LightSYS+"},"content":{"rendered":"<h1>Risco kosketusn\u00e4yt\u00f6llinen n\u00e4pp\u00e4imist\u00f6 ProsysPlus, LightSYS+<\/h1>\n<p data-start=\"436\" data-end=\"778\">Risco-kosketusn\u00e4ytt\u00f6n\u00e4pp\u00e4imist\u00f6 (RisControl) on RISCO Groupin uusin innovaatio, joka on suunniteltu tarjoamaan modernin ja intuitiivisen k\u00e4ytt\u00f6kokemuksen turvallisuuden hallintaan.<\/p>\n<p data-start=\"436\" data-end=\"778\">T\u00e4m\u00e4 tarkka 8-tuumainen kosketusn\u00e4ytt\u00f6n\u00e4pp\u00e4imist\u00f6 tarjoaa k\u00e4ytt\u00e4jille yksinkertaisen ja nopean tavan hallita h\u00e4lytys- ja pilvipohjaisia ratkaisujaan yhdest\u00e4 laitteesta.<\/p>\n<p data-start=\"780\" data-end=\"1087\">Responsiivisen n\u00e4yt\u00f6n ja helppok\u00e4ytt\u00f6isen k\u00e4ytt\u00f6liittym\u00e4n ansiosta RisControlin kanssa on helppo olla vuorovaikutuksessa j\u00e4rjestelm\u00e4n kanssa.<\/p>\n<p data-start=\"780\" data-end=\"1087\">Olipa kyseess\u00e4 sitten turvaj\u00e4rjestelm\u00e4n p\u00e4\u00e4lle- tai poiskytkent\u00e4, viestien vastaanottaminen tai j\u00e4rjestelm\u00e4n tilan valvonta, n\u00e4pp\u00e4imist\u00f6 on suunniteltu tekem\u00e4\u00e4n k\u00e4ytt\u00f6kokemuksesta sujuvan ja tehokkaan.<\/p>\n<p data-start=\"1089\" data-end=\"1447\">RisControl ei ole ainoastaan k\u00e4ytt\u00e4j\u00e4yst\u00e4v\u00e4llinen, vaan my\u00f6s monipuolinen. Se sopii t\u00e4ydellisesti sek\u00e4 asuin- ett\u00e4 liiketiloihin, ja sen elegantti muotoilu tekee siit\u00e4 ihanteellisen ratkaisun mihin tahansa tilaan.<\/p>\n<p data-start=\"1089\" data-end=\"1447\">N\u00e4pp\u00e4imist\u00f6 on helppo asentaa kiinnitystelineen ja irrotettavan liittimen avulla helppoa johdotusta varten, mik\u00e4 tekee asennuksesta nopeaa ja vaivatonta.<\/p>\n<p data-start=\"1449\" data-end=\"1835\">RisControl kommunikoi RS-485-liit\u00e4nn\u00e4n kautta ohjauspaneelin kanssa ja siin\u00e4 on WiFi-yhteys RISCO Cloud -pilvipalveluun, mink\u00e4 ansiosta k\u00e4ytt\u00e4j\u00e4 voi hallita ja valvoa j\u00e4rjestelm\u00e4\u00e4ns\u00e4 et\u00e4n\u00e4 pilven kautta.<\/p>\n<p data-start=\"1449\" data-end=\"1835\">Se on yhteensopiva RISCOn LightSYS 2:n (versio 6.05 ja uudemmat) ja ProSYS Plus\/GT Plusin (versio 1.4 ja uudemmat) kanssa, mik\u00e4 tekee siit\u00e4 joustavan ratkaisun erilaisiin tietoturvatarpeisiin.<\/p>\n<p data-start=\"1837\" data-end=\"1867\"><strong data-start=\"1837\" data-end=\"1865\">T\u00e4rkeimm\u00e4t ominaisuudet:<\/strong><\/p>\n<ul data-start=\"1868\" data-end=\"2515\">\n<li data-start=\"1868\" data-end=\"1959\">\n<p data-start=\"1870\" data-end=\"1959\"><strong data-start=\"1870\" data-end=\"1901\">Korkearesoluutioinen 8-tuumainen kosketusn\u00e4ytt\u00f6:<\/strong> Tarjoaa selke\u00e4n ja ytimekk\u00e4\u00e4n k\u00e4ytt\u00f6liittym\u00e4n j\u00e4rjestelm\u00e4n hallintaan<\/p>\n<\/li>\n<li data-start=\"1960\" data-end=\"2060\">\n<p data-start=\"1962\" data-end=\"2060\"><strong data-start=\"1962\" data-end=\"1988\">K\u00e4ytt\u00e4j\u00e4yst\u00e4v\u00e4llinen muotoilu:<\/strong> Intuitiivinen ja helppok\u00e4ytt\u00f6inen k\u00e4ytt\u00f6liittym\u00e4 nopeaan oppimiseen ja k\u00e4ytt\u00f6\u00f6n<\/p>\n<\/li>\n<li data-start=\"2061\" data-end=\"2159\">\n<p data-start=\"2063\" data-end=\"2159\"><strong data-start=\"2063\" data-end=\"2083\">WiFi-yhteys:<\/strong> Mahdollistaa RISCO Cloud -tiedonsiirron et\u00e4ohjausta ja -valvontaa varten<\/p>\n<\/li>\n<li data-start=\"2160\" data-end=\"2257\">\n<p data-start=\"2162\" data-end=\"2257\"><strong data-start=\"2162\" data-end=\"2185\">Helppo asennus:<\/strong> Asennusteline ja irrotettava liitin nopeaan ja helppoon asennukseen<\/p>\n<\/li>\n<li data-start=\"2258\" data-end=\"2370\">\n<p data-start=\"2260\" data-end=\"2370\"><strong data-start=\"2260\" data-end=\"2279\">Yhteensopivuus:<\/strong> Yhteensopiva LightSYS 2:n (versiosta 6.05 alkaen) ja ProSYS Plus\/GT Plusin (versiosta 1.4 alkaen) kanssa<\/p>\n<\/li>\n<li data-start=\"2371\" data-end=\"2436\">\n<p data-start=\"2373\" data-end=\"2436\"><strong data-start=\"2373\" data-end=\"2391\">Viestint\u00e4:<\/strong> Kommunikoi RS-485-liit\u00e4nn\u00e4n kautta ohjauspaneelin kanssa<\/p>\n<\/li>\n<li data-start=\"2437\" data-end=\"2515\">\n<p data-start=\"2439\" data-end=\"2515\"><strong data-start=\"2439\" data-end=\"2456\">Joustavuus:<\/strong> Hy\u00f6dyllinen sek\u00e4 asuin- ett\u00e4 liikek\u00e4ytt\u00f6\u00f6n<\/p>\n<\/li>\n<\/ul>\n<p data-start=\"2517\" data-end=\"2548\"><strong data-start=\"2517\" data-end=\"2546\">Tekniset tiedot:<\/strong><\/p>\n<ul data-start=\"2549\" data-end=\"2913\">\n<li data-start=\"2549\" data-end=\"2590\">\n<p data-start=\"2551\" data-end=\"2590\"><strong data-start=\"2551\" data-end=\"2561\">N\u00e4ytt\u00f6:<\/strong> 8-tuumainen korkearesoluutioinen kosketusn\u00e4ytt\u00f6<\/p>\n<\/li>\n<li data-start=\"2591\" data-end=\"2642\">\n<p data-start=\"2593\" data-end=\"2642\"><strong data-start=\"2593\" data-end=\"2611\">Viestint\u00e4:<\/strong> WiFi ja RS-485 (j\u00e4rjestelm\u00e4v\u00e4yl\u00e4)<\/p>\n<\/li>\n<li data-start=\"2643\" data-end=\"2737\">\n<p data-start=\"2645\" data-end=\"2737\"><strong data-start=\"2645\" data-end=\"2664\">Yhteensopivuus:<\/strong> LightSYS 2 (versiosta 6.05 alkaen), ProSYS Plus\/GT Plus (versiosta 1.4 alkaen)<\/p>\n<\/li>\n<li data-start=\"2738\" data-end=\"2821\">\n<p data-start=\"2740\" data-end=\"2821\"><strong data-start=\"2740\" data-end=\"2757\">Asennus:<\/strong> Asennusteline ja irrotettava liitin helppoa johdotusta varten<\/p>\n<\/li>\n<li data-start=\"2822\" data-end=\"2913\">\n<p data-start=\"2824\" data-end=\"2913\"><strong data-start=\"2824\" data-end=\"2839\">Ominaisuudet:<\/strong> Et\u00e4ohjaus RISCO Cloudin kautta, viesti-ilmoitukset ja j\u00e4rjestelm\u00e4n ohjaus<\/p>\n<\/li>\n<\/ul>\n<p data-start=\"2915\" data-end=\"3209\">Risco-kosketusn\u00e4ytt\u00f6n\u00e4pp\u00e4imist\u00f6 WiComm Pro (RisControl) tarjoaa tehokkaan ja k\u00e4ytt\u00e4j\u00e4yst\u00e4v\u00e4llisen ratkaisun kaikille, jotka etsiv\u00e4t modernia ja tehokasta tapaa hallita turvaj\u00e4rjestelmi\u00e4\u00e4n.<\/p>\n<p data-start=\"2915\" data-end=\"3209\">Edistyksellisten ominaisuuksiensa ja helpon asennuksensa ansiosta se on t\u00e4ydellinen valinta kaikenlaisiin turva-asennuksiin.<\/p>\n<p dir=\"ltr\" data-placeholder=\"\u00d6vers\u00e4ttning\" data-ved=\"2ahUKEwiA7fbX8b6DAxWmTaQEHfTSAXMQ3ewLegQIBRAQ\"><a href=\"https:\/\/www.riscogroup.com\/products\/product\/56111\" target=\"_blank\" rel=\"noopener\">T\u00e4\u00e4lt\u00e4 voit katsoa videon ja lukea lis\u00e4\u00e4 kosketuspaneelin lis\u00e4\u00e4misest\u00e4 helposti!<\/a><\/p>\n<h4>Lue lis\u00e4\u00e4 WiComm Prosta ja n\u00e4ist\u00e4 ominaisuuksista!<\/h4>\n<p><a href=\"https:\/\/www.riscogroup.com\/products\/product\/52708\" target=\"_blank\" rel=\"noopener\">T\u00e4\u00e4lt\u00e4 voit lukea lis\u00e4\u00e4 WiCom Prosta Risco Groupin verkkosivuilla\u00a0<\/a><\/p>\n<p><iframe title=\"Wicomm Smart Hub USA\" width=\"1170\" height=\"658\" src=\"https:\/\/www.youtube.com\/embed\/5PHoH2dRjEs?feature=oembed\" frameborder=\"0\" allow=\"accelerometer; autoplay; clipboard-write; encrypted-media; gyroscope; picture-in-picture; web-share\" referrerpolicy=\"strict-origin-when-cross-origin\" allowfullscreen><\/iframe><\/p>\n<p>&nbsp;<\/p>","protected":false},"excerpt":{"rendered":"<p data-start=\"114\" data-end=\"402\">Risco-kosketusn\u00e4ytt\u00f6n\u00e4pp\u00e4imist\u00f6 (RisControl) on tarkka 8-tuumainen kosketusn\u00e4ytt\u00f6n\u00e4pp\u00e4imist\u00f6, joka tarjoaa k\u00e4ytt\u00e4j\u00e4yst\u00e4v\u00e4llisen ja intuitiivisen k\u00e4ytt\u00f6liittym\u00e4n.<\/p>\n<p data-start=\"114\" data-end=\"402\">WiFi-yhteyden RISCO Cloudiin ja helpon asennuksen ansiosta se antaa k\u00e4ytt\u00e4jille t\u00e4yden hallinnan h\u00e4lytys- ja pilvipohjaisiin ratkaisuihinsa.<\/p>\n<p class=\"tw-data-text tw-text-large tw-ta\" dir=\"ltr\" data-placeholder=\"\u00d6vers\u00e4ttning\" data-ved=\"2ahUKEwiA7fbX8b6DAxWmTaQEHfTSAXMQ3ewLegQIBRAQ\">","protected":false},"featured_media":145662,"template":"","meta":{"_acf_changed":false},"product_brand":[],"product_cat":[3193],"product_tag":[],"class_list":{"0":"post-57369","1":"product","2":"type-product","3":"status-publish","4":"has-post-thumbnail","6":"product_cat-smarta-hem-risco-larm","7":"product_shipping_class-postnord-varubrev","8":"pa_brands-4risco","9":"pa_wicomm-pro-kategorier-manoverpaneler-knappar","10":"tm-no-options","12":"first","13":"instock","14":"sale","15":"featured","16":"taxable","17":"shipping-taxable","18":"purchasable","19":"product-type-simple"},"acf":[],"_links":{"self":[{"href":"https:\/\/secureus.se\/fi\/wp-json\/wp\/v2\/product\/57369","targetHints":{"allow":["GET"]}}],"collection":[{"href":"https:\/\/secureus.se\/fi\/wp-json\/wp\/v2\/product"}],"about":[{"href":"https:\/\/secureus.se\/fi\/wp-json\/wp\/v2\/types\/product"}],"wp:featuredmedia":[{"embeddable":true,"href":"https:\/\/secureus.se\/fi\/wp-json\/wp\/v2\/media\/145662"}],"wp:attachment":[{"href":"https:\/\/secureus.se\/fi\/wp-json\/wp\/v2\/media?parent=57369"}],"wp:term":[{"taxonomy":"product_brand","embeddable":true,"href":"https:\/\/secureus.se\/fi\/wp-json\/wp\/v2\/product_brand?post=57369"},{"taxonomy":"product_cat","embeddable":true,"href":"https:\/\/secureus.se\/fi\/wp-json\/wp\/v2\/product_cat?post=57369"},{"taxonomy":"product_tag","embeddable":true,"href":"https:\/\/secureus.se\/fi\/wp-json\/wp\/v2\/product_tag?post=57369"}],"curies":[{"name":"wp","href":"https:\/\/api.w.org\/{rel}","templated":true}]}}