{"id":57370,"date":"2022-03-10T15:15:00","date_gmt":"2022-03-10T14:15:00","guid":{"rendered":"https:\/\/secureus.se\/produkt\/2-way-wireless-repeater-868-869mhz\/"},"modified":"2025-12-31T19:39:09","modified_gmt":"2025-12-31T18:39:09","slug":"risco-2-vags-signalforstarkare","status":"publish","type":"product","link":"https:\/\/secureus.se\/fi\/risco-2-vags-signalforstarkare\/","title":{"rendered":"Risco 2-tie signaalivahvistin \u2013 LightSYS, WiComm Pro, Agility"},"content":{"rendered":"<div>\n<h1 class=\"tw-data-text tw-text-large tw-ta\" dir=\"ltr\" data-placeholder=\"\u00d6vers\u00e4ttning\" data-ved=\"2ahUKEwiA7fbX8b6DAxWmTaQEHfTSAXMQ3ewLegQIBRAQ\"><span class=\"Y2IQFc\" lang=\"sv\">Risco 2-tie signaalivahvistin<\/span><\/h1>\n<p data-start=\"536\" data-end=\"922\">Riscon 2-suuntainen signaalinvahvistin ja toistin WiComm Pro on tehokas ratkaisu langattoman turvaj\u00e4rjestelm\u00e4n signaalin vahvistamiseen ja sen varmistamiseen, ett\u00e4 kaikki laitteet toimivat tehokkaasti suuremmilla et\u00e4isyyksill\u00e4.<\/p>\n<p data-start=\"536\" data-end=\"922\">T\u00e4m\u00e4 868 MHz:n taajuudella toimiva toistin on suunniteltu k\u00e4ytett\u00e4v\u00e4ksi kaksisuuntaisesti yhteensopivien laitteiden kanssa, ja se sopii t\u00e4ydellisesti parantamaan kuuluvuutta sek\u00e4 pieniss\u00e4 ett\u00e4 suurissa asennuksissa.<\/p>\n<p data-start=\"924\" data-end=\"1404\">WiComm Pro -toistimen kantama on jopa 300 metri\u00e4 avoimessa tilassa, ja se tukee jopa 32 kaksisuuntaista ilmaisinta, mukaan lukien 8 valoilmaisinta, 3 sireeni\u00e4, 3 n\u00e4pp\u00e4imist\u00f6\u00e4 ja jopa 16 kaksisuuntaista kaukos\u00e4\u00e4dint\u00e4 (enint\u00e4\u00e4n 8 kaukos\u00e4\u00e4dint\u00e4 tuetaan Agility- ja WiComm Pro -j\u00e4rjestelmiss\u00e4).<\/p>\n<p data-start=\"924\" data-end=\"1404\">Yhteen ohjauspaneeliin voidaan liitt\u00e4\u00e4 enint\u00e4\u00e4n 4 toistinta, mik\u00e4 mahdollistaa turvaj\u00e4rjestelm\u00e4n kantaman laajentamisen ja varmistaa vakaan ja luotettavan tiedonsiirron kaikkien laitteiden v\u00e4lill\u00e4.<\/p>\n<p data-start=\"1406\" data-end=\"1789\">Toistin sopii erinomaisesti sek\u00e4 asuin- ett\u00e4 liikekiinteist\u00f6ihin, joissa signaalia on vahvistettava pidempien et\u00e4isyyksien saavuttamiseksi tai langattomia signaaleja est\u00e4vien esteiden l\u00e4pi p\u00e4\u00e4semiseksi.<\/p>\n<p data-start=\"1406\" data-end=\"1789\">Lis\u00e4ksi kaukos\u00e4\u00e4timi\u00e4 voidaan k\u00e4ytt\u00e4\u00e4 kaikissa toistimissa, ja kaikki laitteet n\u00e4kyv\u00e4t reaaliajassa ohjauspaneelissa, joten j\u00e4rjestelm\u00e4n valvonta ja hallinta mist\u00e4 tahansa on helppoa.<\/p>\n<p data-start=\"1791\" data-end=\"1995\">Repeater WiComm Pron asentamiseen ja k\u00e4ytt\u00f6\u00f6n vaaditaan laiteohjelmistoversio 5.62 ja Panda Wireless Keypad -n\u00e4pp\u00e4imist\u00f6n versio D (RW332KPP800), jotka takaavat toistimen optimaalisen toiminnan j\u00e4rjestelm\u00e4ss\u00e4si.<\/p>\n<p data-start=\"1997\" data-end=\"2027\"><strong data-start=\"1997\" data-end=\"2025\">T\u00e4rkeimm\u00e4t ominaisuudet:<\/strong><\/p>\n<ul data-start=\"2028\" data-end=\"2713\">\n<li data-start=\"2028\" data-end=\"2077\">\n<p data-start=\"2030\" data-end=\"2077\"><strong data-start=\"2030\" data-end=\"2043\">Laajuus:<\/strong> Jopa 300 metri\u00e4 avoimella kent\u00e4ll\u00e4<\/p>\n<\/li>\n<li data-start=\"2078\" data-end=\"2151\">\n<p data-start=\"2080\" data-end=\"2151\"><strong data-start=\"2080\" data-end=\"2099\">Yhteensopivuus:<\/strong> K\u00e4yt\u00e4 Agilityn ja WiComm Pro V5.62:n tai uudempien kanssa<\/p>\n<\/li>\n<li data-start=\"2152\" data-end=\"2272\">\n<p data-start=\"2154\" data-end=\"2272\"><strong data-start=\"2154\" data-end=\"2176\">Yksik\u00f6iden enimm\u00e4ism\u00e4\u00e4r\u00e4:<\/strong> Tukee jopa 32 kaksisuuntaista ilmaisinta, 3 sireeni\u00e4, 3 n\u00e4pp\u00e4imist\u00f6\u00e4 ja 16 kaksisuuntaista kaukos\u00e4\u00e4dint\u00e4<\/p>\n<\/li>\n<li data-start=\"2273\" data-end=\"2335\">\n<p data-start=\"2275\" data-end=\"2335\"><strong data-start=\"2275\" data-end=\"2301\">Toistimien enimm\u00e4ism\u00e4\u00e4r\u00e4:<\/strong> 4 toistinta keskusyksikk\u00f6\u00e4 kohden<\/p>\n<\/li>\n<li data-start=\"2336\" data-end=\"2439\">\n<p data-start=\"2338\" data-end=\"2439\"><strong data-start=\"2338\" data-end=\"2358\">Kaukos\u00e4\u00e4timet:<\/strong> Kaukos\u00e4\u00e4timet toimivat kaikissa toistimissa ja n\u00e4kyv\u00e4t reaaliajassa ohjauspaneelissa<\/p>\n<\/li>\n<li data-start=\"2440\" data-end=\"2506\">\n<p data-start=\"2442\" data-end=\"2506\"><strong data-start=\"2442\" data-end=\"2463\">Virtal\u00e4hde:<\/strong> Mukana tulee ladattava vara-akku<\/p>\n<\/li>\n<li data-start=\"2507\" data-end=\"2606\">\n<p data-start=\"2509\" data-end=\"2606\"><strong data-start=\"2509\" data-end=\"2531\">Asennusvaatimukset:<\/strong> Laiteohjelmistoversio 5.62 ja Panda Langattoman n\u00e4pp\u00e4imist\u00f6n versio D (RW332KPP800)<\/p>\n<\/li>\n<li data-start=\"2607\" data-end=\"2713\">\n<p data-start=\"2609\" data-end=\"2713\"><strong data-start=\"2609\" data-end=\"2637\">Parempi signaalin voimakkuus:<\/strong> Parantaa langattomien laitteiden kantamaa ja vakautta j\u00e4rjestelm\u00e4ss\u00e4<\/p>\n<\/li>\n<\/ul>\n<p data-start=\"2715\" data-end=\"2746\"><strong data-start=\"2715\" data-end=\"2744\">Tekniset tiedot:<\/strong><\/p>\n<ul data-start=\"2747\" data-end=\"3179\">\n<li data-start=\"2747\" data-end=\"2776\">\n<p data-start=\"2749\" data-end=\"2776\"><strong data-start=\"2749\" data-end=\"2762\">Taajuus:<\/strong> 868\/869 MHz<\/p>\n<\/li>\n<li data-start=\"2777\" data-end=\"2817\">\n<p data-start=\"2779\" data-end=\"2817\"><strong data-start=\"2779\" data-end=\"2792\">Laajuus:<\/strong> 300 metri\u00e4 avoimella kent\u00e4ll\u00e4<\/p>\n<\/li>\n<li data-start=\"2818\" data-end=\"2889\">\n<p data-start=\"2820\" data-end=\"2889\"><strong data-start=\"2820\" data-end=\"2839\">Yhteensopivuus:<\/strong> Agility ja WiComm Pro (versio 5.62 ja uudemmat)<\/p>\n<\/li>\n<li data-start=\"2890\" data-end=\"2989\">\n<p data-start=\"2892\" data-end=\"2989\"><strong data-start=\"2892\" data-end=\"2927\">Toistinyksik\u00f6iden enimm\u00e4ism\u00e4\u00e4r\u00e4:<\/strong> 32 ilmaisinta, 3 sireeni\u00e4, 3 n\u00e4pp\u00e4imist\u00f6\u00e4, 16 kaukos\u00e4\u00e4dint\u00e4<\/p>\n<\/li>\n<li data-start=\"2990\" data-end=\"3040\">\n<p data-start=\"2992\" data-end=\"3040\"><strong data-start=\"2992\" data-end=\"3032\">Toistimien m\u00e4\u00e4r\u00e4 keskusyksikk\u00f6\u00e4 kohden:<\/strong> Enint\u00e4\u00e4n 4<\/p>\n<\/li>\n<li data-start=\"3041\" data-end=\"3094\">\n<p data-start=\"3043\" data-end=\"3094\"><strong data-start=\"3043\" data-end=\"3055\">Akku:<\/strong> Sis\u00e4lt\u00e4\u00e4 ladattavan vara-akun<\/p>\n<\/li>\n<li data-start=\"3095\" data-end=\"3179\">\n<p data-start=\"3097\" data-end=\"3179\"><strong data-start=\"3097\" data-end=\"3119\">Asennusvaatimukset:<\/strong> Laiteohjelmistoversio 5.62 ja Panda Langattoman n\u00e4pp\u00e4imist\u00f6n versio D<\/p>\n<\/li>\n<\/ul>\n<p data-start=\"3181\" data-end=\"3435\">Riscon 2-suuntainen signaalinvahvistin-toistin WiComm Pro on erinomainen valinta langattoman turvaj\u00e4rjestelm\u00e4si toiminnan varmistamiseksi t\u00e4ydell\u00e4 kapasiteetilla, erityisesti silloin, kun sinun on lis\u00e4tt\u00e4v\u00e4 kantamaa tai vahvistettava signaalia kattaaksesi suuremman alueen.<\/p>\n<p><a href=\"https:\/\/www.riscogroup.com\/products\/product\/52708\" target=\"_blank\" rel=\"noopener\">T\u00e4\u00e4lt\u00e4 voit lukea lis\u00e4\u00e4 WiCom Prosta Risco Groupin verkkosivuilla\u00a0<\/a><\/p>\n<p><iframe title=\"Wicomm Smart Hub USA\" width=\"1170\" height=\"658\" src=\"https:\/\/www.youtube.com\/embed\/5PHoH2dRjEs?feature=oembed\" frameborder=\"0\" allow=\"accelerometer; autoplay; clipboard-write; encrypted-media; gyroscope; picture-in-picture; web-share\" referrerpolicy=\"strict-origin-when-cross-origin\" allowfullscreen><\/iframe><\/p>\n<p>&nbsp;<\/p>\n<\/div>","protected":false},"excerpt":{"rendered":"<p>Risco 2-suuntainen signaalivahvistin ja toistin WiComm Pro on langaton toistin, joka tukee jopa 32 kaksisuuntaista ilmaisinta, 3 sireeni\u00e4, 3 n\u00e4pp\u00e4imist\u00f6\u00e4 ja 16 kaksisuuntaista kaukos\u00e4\u00e4dint\u00e4.<\/p>\n<p>T\u00e4m\u00e4n toistimen kantama on 300 metri\u00e4 avoimessa kent\u00e4ss\u00e4, mik\u00e4 parantaa WiComm Pro- ja Agility-j\u00e4rjestelmien signaalinvoimakkuutta ja helpottaa langattomien turvakomponenttien asennusta entisest\u00e4\u00e4n.<\/p>","protected":false},"featured_media":145664,"template":"","meta":{"_acf_changed":false},"product_brand":[],"product_cat":[2731,3188,4671],"product_tag":[2426],"class_list":{"0":"post-57370","1":"product","2":"type-product","3":"status-publish","4":"has-post-thumbnail","6":"product_cat-risco-larm","7":"product_cat-larmenheter-risco-larm","8":"product_cat-signalforstarkare","9":"product_tag-rel-risco","10":"product_shipping_class-postnord-varubrev","11":"pa_brands-4risco","12":"pa_wicomm-pro-kategorier-repeater","13":"tm-no-options","15":"first","16":"instock","17":"sale","18":"featured","19":"taxable","20":"shipping-taxable","21":"purchasable","22":"product-type-simple"},"acf":[],"_links":{"self":[{"href":"https:\/\/secureus.se\/fi\/wp-json\/wp\/v2\/product\/57370","targetHints":{"allow":["GET"]}}],"collection":[{"href":"https:\/\/secureus.se\/fi\/wp-json\/wp\/v2\/product"}],"about":[{"href":"https:\/\/secureus.se\/fi\/wp-json\/wp\/v2\/types\/product"}],"wp:featuredmedia":[{"embeddable":true,"href":"https:\/\/secureus.se\/fi\/wp-json\/wp\/v2\/media\/145664"}],"wp:attachment":[{"href":"https:\/\/secureus.se\/fi\/wp-json\/wp\/v2\/media?parent=57370"}],"wp:term":[{"taxonomy":"product_brand","embeddable":true,"href":"https:\/\/secureus.se\/fi\/wp-json\/wp\/v2\/product_brand?post=57370"},{"taxonomy":"product_cat","embeddable":true,"href":"https:\/\/secureus.se\/fi\/wp-json\/wp\/v2\/product_cat?post=57370"},{"taxonomy":"product_tag","embeddable":true,"href":"https:\/\/secureus.se\/fi\/wp-json\/wp\/v2\/product_tag?post=57370"}],"curies":[{"name":"wp","href":"https:\/\/api.w.org\/{rel}","templated":true}]}}