{"id":57372,"date":"2022-03-10T15:15:00","date_gmt":"2022-03-10T14:15:00","guid":{"rendered":"https:\/\/secureus.se\/produkt\/wicomm-pro-kontrollpanel-32-tradlosa-och-4-tranbundna-sektioner\/"},"modified":"2026-01-05T13:27:38","modified_gmt":"2026-01-05T12:27:38","slug":"risco-centralenhet-wicomm-pro-32-tradlosa-sektioner-3-larmomraden","status":"publish","type":"product","link":"https:\/\/secureus.se\/fi\/risco-centralenhet-wicomm-pro-32-tradlosa-sektioner-3-larmomraden\/","title":{"rendered":"Risco-keskusyksikk\u00f6 WiComm Pro \u2013 32 langatonta osaa 3 H\u00e4lytysalueita"},"content":{"rendered":"<h1>Risco-keskusyksikk\u00f6 WiComm Pro \u2013 32 langatonta osaa 3 H\u00e4lytysalueita<\/h1>\n<p data-start=\"521\" data-end=\"1030\">Risco WiComm Pro -ohjauspaneeli (malli RW332M80000C) on tehokas ja joustava ratkaisu turvallisuustarpeisiin, jotka vaativat langatonta integraatiota ja edistyneit\u00e4 toimintoja.<\/p>\n<p data-start=\"521\" data-end=\"1030\">J\u00e4rjestelm\u00e4 tukee jopa 32 langatonta vy\u00f6hykett\u00e4, joten sit\u00e4 voidaan mukauttaa kattamaan laaja valikoima turvallisuusvaatimuksia.<\/p>\n<p data-start=\"521\" data-end=\"1030\">Se on yhteensopiva sek\u00e4 yksi- ett\u00e4 kaksisuuntaisten vy\u00f6hykkeiden kanssa ja tarjoaa mahdollisuuden liitt\u00e4\u00e4 jopa 8 langatonta kamerailmaisinta ja 3 langatonta sireeni\u00e4, joten se sopii ihanteellisesti sek\u00e4 pieniin ett\u00e4 suuriin asennuksiin.<\/p>\n<p data-start=\"1032\" data-end=\"1406\">T\u00e4m\u00e4 ohjauspaneeli tarjoaa joustavan tiedonsiirron Wi-Fi-, IP- ja GSM\/GPRS-yhteyksien (2G ja 3G) kautta varmistaen, ett\u00e4 j\u00e4rjestelm\u00e4si toimii keskeytyksett\u00e4.<\/p>\n<p data-start=\"1032\" data-end=\"1406\">Viestint\u00e4muotoa voidaan mukauttaa Contact ID:ll\u00e4, SIA-tasoilla 2 ja 3 tai IP\/GSM:ll\u00e4.<\/p>\n<p data-start=\"1032\" data-end=\"1406\">J\u00e4rjestelm\u00e4ss\u00e4 on my\u00f6s t\u00e4ysi paikallinen ohjelmointimahdollisuus RS232-portin tai LCD-n\u00e4yt\u00f6n kautta, ja se voidaan konfiguroida et\u00e4n\u00e4 GPRS:n tai IP:n kautta.<\/p>\n<p data-start=\"1408\" data-end=\"1843\">WiComm Pron avulla k\u00e4ytt\u00e4j\u00e4t saavat k\u00e4ytt\u00f6\u00f6ns\u00e4 my\u00f6s tehokkaan itsevalvontasovelluksen, jota voi hallita t\u00e4ysin \u00e4lypuhelimen tai verkkoselaimen kautta.<\/p>\n<p data-start=\"1408\" data-end=\"1843\">Sen avulla k\u00e4ytt\u00e4j\u00e4t voivat hallita j\u00e4rjestelm\u00e4\u00e4 et\u00e4n\u00e4, vastaanottaa tapahtumailmoituksia push-viestein\u00e4 tai tekstiviestein\u00e4 ja katsella videota reaaliajassa, mukaan lukien tallennusmahdollisuus.<\/p>\n<p data-start=\"1408\" data-end=\"1843\">J\u00e4rjestelm\u00e4 tarjoaa my\u00f6s kaksisuuntaisen \u00e4\u00e4nen (puhe\/kuuntelu), joka mahdollistaa suoran viestinn\u00e4n j\u00e4rjestelm\u00e4n kautta.<\/p>\n<p data-start=\"1845\" data-end=\"2207\">WiComm Prossa on laaja valikoima ominaisuuksia, jotka takaavat helppok\u00e4ytt\u00f6isyyden ja mukautettavuuden.<\/p>\n<p data-start=\"1845\" data-end=\"2207\">Se tarjoaa yksityiskohtaisen valikon, joka n\u00e4ytt\u00e4\u00e4 automaattisesti asiaankuuluvat vaihtoehdot asennetun laitteiston ja k\u00e4ytt\u00e4j\u00e4n oikeuksien perusteella.<\/p>\n<p data-start=\"1845\" data-end=\"2207\">Lis\u00e4ksi se tukee ohjelmointia jopa kahdeksalla ajastinasetuksella j\u00e4rjestelm\u00e4n r\u00e4\u00e4t\u00e4l\u00f6imiseksi tiettyihin tarpeisiin.<\/p>\n<p data-start=\"2209\" data-end=\"2505\">Turvallisuuden ja tarkan valvonnan takaamiseksi j\u00e4rjestelm\u00e4 tallentaa jopa 1000 tapahtumaa paikallisesti ja 2000 tapahtumaa RISCO Cloud -palvelimelle, mik\u00e4 helpottaa aiempien tapahtumien seurantaa ja analysointia.<\/p>\n<p data-start=\"2209\" data-end=\"2505\">Lis\u00e4ksi k\u00e4ytt\u00e4j\u00e4t voivat vastaanottaa \u00e4\u00e4niviestej\u00e4 ja \u00e4\u00e4niohjausta tapahtumiin reagoimiseksi nopeasti.<\/p>\n<p data-start=\"2507\" data-end=\"2537\"><strong data-start=\"2507\" data-end=\"2535\">T\u00e4rkeimm\u00e4t ominaisuudet:<\/strong><\/p>\n<ul data-start=\"2538\" data-end=\"3320\">\n<li data-start=\"2538\" data-end=\"2590\">\n<p data-start=\"2540\" data-end=\"2590\"><strong data-start=\"2540\" data-end=\"2558\">Viestint\u00e4:<\/strong> Wifi, IP ja GSM\/GPRS (2G\/3G)<\/p>\n<\/li>\n<li data-start=\"2591\" data-end=\"2669\">\n<p data-start=\"2593\" data-end=\"2669\"><strong data-start=\"2593\" data-end=\"2607\">Vy\u00f6hykkeiden lukum\u00e4\u00e4r\u00e4:<\/strong> Jopa 32 langatonta vy\u00f6hykett\u00e4 (yksi- tai kaksisuuntainen)<\/p>\n<\/li>\n<li data-start=\"2670\" data-end=\"2757\">\n<p data-start=\"2672\" data-end=\"2757\"><strong data-start=\"2672\" data-end=\"2695\">Liitett\u00e4v\u00e4t laitteet:<\/strong> Jopa 3 langatonta sireeni\u00e4 ja 8 langatonta kameratunnistinta<\/p>\n<\/li>\n<li data-start=\"2758\" data-end=\"2797\">\n<p data-start=\"2760\" data-end=\"2797\"><strong data-start=\"2760\" data-end=\"2778\">K\u00e4ytt\u00e4j\u00e4koodit:<\/strong> 32 k\u00e4ytt\u00e4j\u00e4koodia<\/p>\n<\/li>\n<li data-start=\"2798\" data-end=\"2832\">\n<p data-start=\"2800\" data-end=\"2832\"><strong data-start=\"2800\" data-end=\"2816\">V\u00e4lisein\u00e4t:<\/strong> 3 h\u00e4lytysaluetta<\/p>\n<\/li>\n<li data-start=\"2833\" data-end=\"2911\">\n<p data-start=\"2835\" data-end=\"2911\"><strong data-start=\"2835\" data-end=\"2853\">Mukautettu valikko:<\/strong> Mukautettu asennettuun laitteistoon ja k\u00e4ytt\u00f6oikeustasoon<\/p>\n<\/li>\n<li data-start=\"2912\" data-end=\"2996\">\n<p data-start=\"2914\" data-end=\"2996\"><strong data-start=\"2914\" data-end=\"2934\">Tapahtumien tallennus:<\/strong> Jopa 1000 tapahtumaa paikallisesti ja 2000 tapahtumaa pilvess\u00e4<\/p>\n<\/li>\n<li data-start=\"2997\" data-end=\"3064\">\n<p data-start=\"2999\" data-end=\"3064\"><strong data-start=\"2999\" data-end=\"3020\">Et\u00e4valvonta:<\/strong> RISCO Cloud -sovelluksen, verkon ja mobiililaitteen kautta<\/p>\n<\/li>\n<li data-start=\"3065\" data-end=\"3155\">\n<p data-start=\"3067\" data-end=\"3155\"><strong data-start=\"3067\" data-end=\"3091\">Sis\u00e4\u00e4nrakennetut ominaisuudet:<\/strong> Videovahvistus, kaksisuuntainen \u00e4\u00e4ni (puhe\/kuuntelu), push-ilmoitukset<\/p>\n<\/li>\n<li data-start=\"3156\" data-end=\"3223\">\n<p data-start=\"3158\" data-end=\"3223\"><strong data-start=\"3158\" data-end=\"3176\">Ohjelmointi:<\/strong> Paikallisesti RS232-liit\u00e4nn\u00e4n kautta tai pilven kautta (GPRS, IP)<\/p>\n<\/li>\n<li data-start=\"3224\" data-end=\"3286\">\n<p data-start=\"3226\" data-end=\"3286\"><strong data-start=\"3226\" data-end=\"3238\">Akku:<\/strong> Sis\u00e4lt\u00e4\u00e4 akun k\u00e4ytt\u00f6\u00e4 varten s\u00e4hk\u00f6katkosten aikana<\/p>\n<\/li>\n<li data-start=\"3287\" data-end=\"3320\">\n<p data-start=\"3289\" data-end=\"3320\"><strong data-start=\"3289\" data-end=\"3306\">Sertifiointi:<\/strong> H\u00e4lytysluokka R<\/p>\n<\/li>\n<\/ul>\n<p data-start=\"3322\" data-end=\"3353\"><strong data-start=\"3322\" data-end=\"3351\">Tekniset tiedot:<\/strong><\/p>\n<ul data-start=\"3354\" data-end=\"3621\">\n<li data-start=\"3354\" data-end=\"3396\">\n<p data-start=\"3356\" data-end=\"3396\"><strong data-start=\"3356\" data-end=\"3372\">Mitat:<\/strong> 197,5 \u00d7 152,2 \u00d7 52 mm<\/p>\n<\/li>\n<li data-start=\"3397\" data-end=\"3429\">\n<p data-start=\"3399\" data-end=\"3429\"><strong data-start=\"3399\" data-end=\"3420\">Virtal\u00e4hde:<\/strong> 12V DC<\/p>\n<\/li>\n<li data-start=\"3430\" data-end=\"3491\">\n<p data-start=\"3432\" data-end=\"3491\"><strong data-start=\"3432\" data-end=\"3454\">Tapahtumailmoitus:<\/strong> Tekstiviesti, Push-viesti, s\u00e4hk\u00f6posti, vastaajaviesti<\/p>\n<\/li>\n<li data-start=\"3492\" data-end=\"3545\">\n<p data-start=\"3494\" data-end=\"3545\"><strong data-start=\"3494\" data-end=\"3512\">Tapahtuman muisto:<\/strong> 1000 paikallisesti ja 2000 pilvess\u00e4<\/p>\n<\/li>\n<li data-start=\"3546\" data-end=\"3621\">\n<p data-start=\"3548\" data-end=\"3621\"><strong data-start=\"3548\" data-end=\"3574\">Maksimaalinen tiedonsiirto:<\/strong> Jopa 3 LCD- tai ohutta langatonta n\u00e4pp\u00e4imist\u00f6\u00e4<\/p>\n<\/li>\n<\/ul>\n<p data-start=\"3623\" data-end=\"3959\">T\u00e4m\u00e4 Risco WiComm Pro -ohjauspaneeli on ihanteellinen valinta niille, jotka etsiv\u00e4t korkealaatuista ja joustavaa ratkaisua h\u00e4lytys- ja turvaj\u00e4rjestelmiins\u00e4.<\/p>\n<p data-start=\"3623\" data-end=\"3959\">Edistyksellisen teknologian, k\u00e4ytt\u00e4j\u00e4yst\u00e4v\u00e4llisten ominaisuuksien ja luotettavan eri kanavien kautta tapahtuvan viestinn\u00e4n ansiosta WiComm Pro tarjoaa tarvittavan turvallisuuden kaikentyyppisiss\u00e4 asennuksissa.<\/p>\n<p><a href=\"https:\/\/www.riscogroup.com\/products\/product\/52708\" target=\"_blank\" rel=\"noopener\">T\u00e4\u00e4lt\u00e4 voit lukea lis\u00e4\u00e4 WiCom Prosta Risco Groupin verkkosivuilla\u00a0<\/a><\/p>\n<p><iframe title=\"Wicomm Smart Hub USA\" width=\"1170\" height=\"658\" src=\"https:\/\/www.youtube.com\/embed\/5PHoH2dRjEs?feature=oembed\" frameborder=\"0\" allow=\"accelerometer; autoplay; clipboard-write; encrypted-media; gyroscope; picture-in-picture; web-share\" referrerpolicy=\"strict-origin-when-cross-origin\" allowfullscreen><\/iframe><\/p>","protected":false},"excerpt":{"rendered":"<p>Risco WiComm Pro on edistynyt langaton ohjauspaneeli, jossa on tilaa 32 langattomalle vy\u00f6hykkeelle ja mahdollisuus liitt\u00e4\u00e4 jopa 3 langatonta sireeni\u00e4 ja 8 langatonta kamerailmaisinta.<\/p>\n<p>Kattavan et\u00e4valvonnan ja RISCO Cloudin kautta tapahtuvan videovahvistuksen ansiosta t\u00e4m\u00e4 ohjauspaneeli tarjoaa t\u00e4ydelliset ohjaus- ja mukautusvaihtoehdot sek\u00e4 koteihin ett\u00e4 yrityksiin.<\/p>","protected":false},"featured_media":145247,"template":"","meta":{"_acf_changed":false},"product_brand":[],"product_cat":[2731,4879],"product_tag":[2426],"class_list":{"0":"post-57372","1":"product","2":"type-product","3":"status-publish","4":"has-post-thumbnail","6":"product_cat-risco-larm","7":"product_cat-wicomm-pro","8":"product_tag-rel-risco","9":"product_shipping_class-postnord-varubrev","10":"pa_brands-4risco","11":"pa_risco-produkter-agility-4","12":"pa_wicomm-pro-kategorier-hub-centralapparaten","13":"tm-no-options","15":"first","16":"outofstock","17":"sale","18":"featured","19":"taxable","20":"shipping-taxable","21":"purchasable","22":"product-type-simple"},"acf":[],"_links":{"self":[{"href":"https:\/\/secureus.se\/fi\/wp-json\/wp\/v2\/product\/57372","targetHints":{"allow":["GET"]}}],"collection":[{"href":"https:\/\/secureus.se\/fi\/wp-json\/wp\/v2\/product"}],"about":[{"href":"https:\/\/secureus.se\/fi\/wp-json\/wp\/v2\/types\/product"}],"wp:featuredmedia":[{"embeddable":true,"href":"https:\/\/secureus.se\/fi\/wp-json\/wp\/v2\/media\/145247"}],"wp:attachment":[{"href":"https:\/\/secureus.se\/fi\/wp-json\/wp\/v2\/media?parent=57372"}],"wp:term":[{"taxonomy":"product_brand","embeddable":true,"href":"https:\/\/secureus.se\/fi\/wp-json\/wp\/v2\/product_brand?post=57372"},{"taxonomy":"product_cat","embeddable":true,"href":"https:\/\/secureus.se\/fi\/wp-json\/wp\/v2\/product_cat?post=57372"},{"taxonomy":"product_tag","embeddable":true,"href":"https:\/\/secureus.se\/fi\/wp-json\/wp\/v2\/product_tag?post=57372"}],"curies":[{"name":"wp","href":"https:\/\/api.w.org\/{rel}","templated":true}]}}