{"id":57373,"date":"2022-03-10T15:15:00","date_gmt":"2022-03-10T14:15:00","guid":{"rendered":"https:\/\/secureus.se\/produkt\/wifi-ip-modul-kommunikationsmodul-agility4-wicomm-pro\/"},"modified":"2026-02-12T10:44:17","modified_gmt":"2026-02-12T09:44:17","slug":"ip-modul-wicomm-pro-risco","status":"publish","type":"product","link":"https:\/\/secureus.se\/fi\/ip-modul-wicomm-pro-risco\/","title":{"rendered":"Risco IP\/Ethernet-moduuli - WiComm Pro"},"content":{"rendered":"<h1>IP-moduuli WiComm Pro Wifi -viestint\u00e4moduuli<\/h1>\n<p data-start=\"440\" data-end=\"748\">Risco IP -moduuli WiComm Pro (mod. RW332IP0000A) on tehokas ja joustava WiFi-tiedonsiirtomoduuli, jonka avulla WiComm Pro -ohjauspaneeli voi kommunikoida TCP\/IP-verkkojen kautta.<\/p>\n<p data-start=\"440\" data-end=\"748\">T\u00e4m\u00e4 plug-in-moduuli on suunniteltu helposti j\u00e4rjestelm\u00e4\u00e4n integroitavaksi, joten asennus on nopeaa ja vaivatonta.<\/p>\n<p data-start=\"750\" data-end=\"1115\">T\u00e4m\u00e4 IP-moduuli tukee monikanavaista tiedonsiirtoa ja tarjoaa sek\u00e4 ensisijaisen ett\u00e4 vararatkaisun IP- tai PSTN-tiedonsiirtoa varten.<\/p>\n<p data-start=\"750\" data-end=\"1115\">Jos ensisijainen tietoliikennej\u00e4rjestelm\u00e4 (esim. IP tai PSTN) vikaantuu, moduuli ottaa ohjat ja varmistaa, ett\u00e4 j\u00e4rjestelm\u00e4 toimii keskeytyksett\u00e4, tarjoten k\u00e4ytt\u00e4j\u00e4lle korkean turvallisuuden ja luotettavuuden.<\/p>\n<p data-start=\"1117\" data-end=\"1454\">Yksi t\u00e4m\u00e4n moduulin suurista eduista on, ett\u00e4 se mahdollistaa et\u00e4k\u00e4yt\u00f6n ohjauspaneeliin Riscon konfigurointiohjelmiston kautta, jolloin k\u00e4ytt\u00e4j\u00e4t tai asentajat voivat hallita ja konfiguroida j\u00e4rjestelm\u00e4\u00e4 et\u00e4n\u00e4.<\/p>\n<p data-start=\"1117\" data-end=\"1454\">T\u00e4m\u00e4 helpottaa sek\u00e4 asennusta ett\u00e4 huoltoa ja v\u00e4hent\u00e4\u00e4 tarvetta k\u00e4yd\u00e4 fyysisesti asennuspaikalla.<\/p>\n<p data-start=\"1456\" data-end=\"1674\">Risco IP -moduuli WiComm Pro on yhteensopiva WiComm Pro -ohjauspaneelin kanssa ja erinomainen valinta k\u00e4ytt\u00e4jille, jotka haluavat parantaa viestint\u00e4ratkaisuaan ja saada enemm\u00e4n joustavuutta turvaj\u00e4rjestelm\u00e4ns\u00e4 hallintaan.<\/p>\n<p data-start=\"1676\" data-end=\"1706\"><strong data-start=\"1676\" data-end=\"1704\">T\u00e4rkeimm\u00e4t ominaisuudet:<\/strong><\/p>\n<ul data-start=\"1707\" data-end=\"2292\">\n<li data-start=\"1707\" data-end=\"1793\">\n<p data-start=\"1709\" data-end=\"1793\"><strong data-start=\"1709\" data-end=\"1726\">Et\u00e4k\u00e4ytt\u00f6:<\/strong> Mahdollistaa et\u00e4k\u00e4yt\u00f6n paneeliin konfigurointiohjelman kautta<\/p>\n<\/li>\n<li data-start=\"1794\" data-end=\"1919\">\n<p data-start=\"1796\" data-end=\"1919\"><strong data-start=\"1796\" data-end=\"1834\">Ensisijainen tai varaviestint\u00e4:<\/strong> K\u00e4ytet\u00e4\u00e4n ensisijaisena tietoliikenneyhteyden\u00e4 tai varayhteyden\u00e4 IP- tai PSTN-tiedonsiirrolle<\/p>\n<\/li>\n<li data-start=\"1920\" data-end=\"2009\">\n<p data-start=\"1922\" data-end=\"2009\"><strong data-start=\"1922\" data-end=\"1950\">Monikanavainen viestint\u00e4:<\/strong> Monikanavainen viestint\u00e4tuki joustavaan k\u00e4ytt\u00f6\u00f6n<\/p>\n<\/li>\n<li data-start=\"2010\" data-end=\"2102\">\n<p data-start=\"2012\" data-end=\"2102\"><strong data-start=\"2012\" data-end=\"2035\">Helppo asennus:<\/strong> Pistokemoduuli, joka kytket\u00e4\u00e4n suoraan WiComm Pro -ohjauspaneeliin<\/p>\n<\/li>\n<li data-start=\"2103\" data-end=\"2172\">\n<p data-start=\"2105\" data-end=\"2172\"><strong data-start=\"2105\" data-end=\"2124\">Yhteensopivuus:<\/strong> Toimii WiComm Pro Grade 2 -ohjauspaneelin kanssa<\/p>\n<\/li>\n<li data-start=\"2173\" data-end=\"2292\">\n<p data-start=\"2175\" data-end=\"2292\"><strong data-start=\"2175\" data-end=\"2204\">K\u00e4ytt\u00f6 TCP\/IP-verkon kautta:<\/strong> Mahdollistaa tiedonsiirron TCP\/IP-verkoissa parantaen turvallisuutta ja luotettavuutta<\/p>\n<\/li>\n<\/ul>\n<p data-start=\"2294\" data-end=\"2325\"><strong data-start=\"2294\" data-end=\"2323\">Tekniset tiedot:<\/strong><\/p>\n<ul data-start=\"2326\" data-end=\"2681\">\n<li data-start=\"2326\" data-end=\"2365\">\n<p data-start=\"2328\" data-end=\"2365\"><strong data-start=\"2328\" data-end=\"2356\">Viestint\u00e4protokolla:<\/strong> TCP\/IP<\/p>\n<\/li>\n<li data-start=\"2366\" data-end=\"2422\">\n<p data-start=\"2368\" data-end=\"2422\"><strong data-start=\"2368\" data-end=\"2387\">Yhteensopivuus:<\/strong> WiComm Pro -ohjauspaneeli, luokka 2<\/p>\n<\/li>\n<li data-start=\"2423\" data-end=\"2477\">\n<p data-start=\"2425\" data-end=\"2477\"><strong data-start=\"2425\" data-end=\"2442\">Et\u00e4k\u00e4ytt\u00f6:<\/strong> Kyll\u00e4, konfigurointiohjelman kautta<\/p>\n<\/li>\n<li data-start=\"2478\" data-end=\"2558\">\n<p data-start=\"2480\" data-end=\"2558\"><strong data-start=\"2480\" data-end=\"2499\">Varmuuskopiointitoiminto:<\/strong> Voidaan k\u00e4ytt\u00e4\u00e4 IP- tai PSTN-tiedonsiirron varaj\u00e4rjestelm\u00e4n\u00e4<\/p>\n<\/li>\n<li data-start=\"2559\" data-end=\"2635\">\n<p data-start=\"2561\" data-end=\"2635\"><strong data-start=\"2561\" data-end=\"2578\">Asennus:<\/strong> Pistoliitin, helppo asentaa suoraan ohjauspaneeliin<\/p>\n<\/li>\n<li data-start=\"2636\" data-end=\"2681\">\n<p data-start=\"2638\" data-end=\"2681\"><strong data-start=\"2638\" data-end=\"2668\">Toimittajan artikkelinumero:<\/strong> RW332IP0000A<\/p>\n<\/li>\n<\/ul>\n<p data-start=\"2683\" data-end=\"2939\">Risco IP -moduuli WiComm Pro tarjoaa luotettavan ja joustavan tavan hallita turvaj\u00e4rjestelm\u00e4n tietoliikennett\u00e4. Et\u00e4k\u00e4ytt\u00f6- ja varmuuskopiointimahdollisuuksiensa ansiosta se on erinomainen valinta k\u00e4ytt\u00e4jille, jotka etsiv\u00e4t turvallista ja joustavaa ratkaisua.<\/p>\n<p><a href=\"https:\/\/www.riscogroup.com\/\" target=\"_blank\" rel=\"noopener\"><span style=\"text-decoration: underline\"><strong>Risco Group on johtava langattoman tietoturvan valmistaja - T\u00e4\u00e4lt\u00e4 voit lukea lis\u00e4\u00e4 Riscosta\u00a0<\/strong><\/span><\/a><\/p>","protected":false},"excerpt":{"rendered":"<p data-start=\"138\" data-end=\"406\">Risco IP -moduuli WiComm Pro on pistokeliit\u00e4nt\u00e4inen WiFi-tiedonsiirtomoduuli, joka mahdollistaa tiedonsiirron TCP\/IP-verkkojen kautta.<\/p>\n<p data-start=\"138\" data-end=\"406\">Se on helppo asentaa, kytket\u00e4\u00e4n suoraan WiComm Pro -ohjauspaneeliin ja toimii ensisijaisena tai varatietoliikenneyhteyden\u00e4 IP- tai PSTN-verkoissa.<\/p>","protected":false},"featured_media":145335,"template":"","meta":{"_acf_changed":false},"product_brand":[],"product_cat":[2731,4879],"product_tag":[2426],"class_list":{"0":"post-57373","1":"product","2":"type-product","3":"status-publish","4":"has-post-thumbnail","6":"product_cat-risco-larm","7":"product_cat-wicomm-pro","8":"product_tag-rel-risco","9":"product_shipping_class-postnord-varubrev","10":"pa_brands-4risco","11":"pa_risco-produkter-agility-4","12":"pa_wicomm-pro-kategorier-gsm-ip-moduler","13":"tm-no-options","15":"first","16":"instock","17":"featured","18":"taxable","19":"shipping-taxable","20":"purchasable","21":"product-type-simple"},"acf":[],"_links":{"self":[{"href":"https:\/\/secureus.se\/fi\/wp-json\/wp\/v2\/product\/57373","targetHints":{"allow":["GET"]}}],"collection":[{"href":"https:\/\/secureus.se\/fi\/wp-json\/wp\/v2\/product"}],"about":[{"href":"https:\/\/secureus.se\/fi\/wp-json\/wp\/v2\/types\/product"}],"wp:featuredmedia":[{"embeddable":true,"href":"https:\/\/secureus.se\/fi\/wp-json\/wp\/v2\/media\/145335"}],"wp:attachment":[{"href":"https:\/\/secureus.se\/fi\/wp-json\/wp\/v2\/media?parent=57373"}],"wp:term":[{"taxonomy":"product_brand","embeddable":true,"href":"https:\/\/secureus.se\/fi\/wp-json\/wp\/v2\/product_brand?post=57373"},{"taxonomy":"product_cat","embeddable":true,"href":"https:\/\/secureus.se\/fi\/wp-json\/wp\/v2\/product_cat?post=57373"},{"taxonomy":"product_tag","embeddable":true,"href":"https:\/\/secureus.se\/fi\/wp-json\/wp\/v2\/product_tag?post=57373"}],"curies":[{"name":"wp","href":"https:\/\/api.w.org\/{rel}","templated":true}]}}