{"id":57388,"date":"2022-03-10T15:13:00","date_gmt":"2022-03-10T14:13:00","guid":{"rendered":"https:\/\/secureus.se\/produkt\/elatec-twn4-multitech-2-hf-13-56-mhz-mifare-programmerad-for-system-kod-endast-lasare-med-uid-chip-kod\/"},"modified":"2026-04-17T12:58:50","modified_gmt":"2026-04-17T10:58:50","slug":"rfid-lasare-elatec-twn4-multitech-2-hf-13-56-mhz-mifare-programmerad-for-system-kod-endast-lasare-med-uid-chip-kod","status":"publish","type":"product","link":"https:\/\/secureus.se\/fi\/rfid-lasare-elatec-twn4-multitech-2-hf-13-56-mhz-mifare-programmerad-for-system-kod-endast-lasare-med-uid-chip-kod\/","title":{"rendered":"RFID-lukija Elatec TWN4 Multitech 2 HF (13,56 Mhz Mifare)"},"content":{"rendered":"<p>Laadukkaat p\u00f6yt\u00e4lukijat saksalaiselta Elatecilta, joka on lukutekniikan johtaja.<\/p>\n<p>T\u00e4\u00e4lt\u00e4 l\u00f6yd\u00e4t valitsemamme mallit Elatechin joustavista ja suosituista malleista ja ohjelmoimme ne kaikki toiveidesi mukaan.<\/p>\n<p>Voit valita kulloisenkin tuotteen alta, jos haluat ohjelmoida esim. ASSA ARX:lle, Bewatorille, Aptukselle, Axema VAKAlle ja monille muille.<\/p>\n<p>Jos haluat erilaisen l\u00e4hd\u00f6n tai toiminnon esimerkiksi tulostimelle\/tietokoneelle, autamme sinua my\u00f6s siin\u00e4.<\/p>\n<p>N\u00e4m\u00e4 lukijat korvaavat aiemmat mallit (TWN3) ja ovat monien asiakkaidemme valinta.<\/p>\n<p>Jos tarvitset suurempia m\u00e4\u00e4ri\u00e4 tai ostat jatkuvasti, voimme perustaa varaston sinulle soitolla.<\/p>\n<p>Meill\u00e4 on halvemmat hinnat kuin voit odottaa n\u00e4ille tuotteille!<\/p>\n<p>TWN4 hoitaa seuraavat asiat:<\/p>\n<p>Mifare 13,56 MHz \/ ISO14443A:<\/p>\n<p>Lue tietolomakkeesta, mit\u00e4 tekniikoita lukija osaa k\u00e4sitell\u00e4.<\/p>","protected":false},"excerpt":{"rendered":"<p>Laadukkaat p\u00f6yt\u00e4lukijat saksalaiselta Elatecilta, joka on lukutekniikan johtaja. T\u00e4\u00e4lt\u00e4 l\u00f6yd\u00e4t valitsemamme mallit Elatechin joustavista ja suosituista malleista ja ohjelmoimme ne kaikki toiveidesi mukaan. Voit<\/p>","protected":false},"featured_media":145672,"template":"","meta":{"_acf_changed":false},"product_brand":[],"product_cat":[1743],"product_tag":[],"class_list":{"0":"post-57388","1":"product","2":"type-product","3":"status-publish","4":"has-post-thumbnail","6":"product_cat-rfid-lasare","7":"product_shipping_class-postnord-varubrev","8":"pa_access-lasare-mifare-mifare-mfd-aptus-9-siffror","9":"pa_access-lasare-mifare-mifare-mfr-axema-vaka-13-siffror","10":"pa_access-lasare-mifare-chippets-uid-kod","11":"pa_access-lasare-mifare-mifare-mfd-assa-10-siffror","12":"pa_access-lasare-mifare-mifare-rco-9-siffror","13":"pa_bordlasare-val-av-typ-mifare-teknik","14":"pa_brands-elatec","15":"pa_farg-2893","16":"pa_farg-2892","17":"pa_farg-nyckelband-2897","18":"tm-has-options","20":"first","21":"instock","22":"sale","23":"featured","24":"taxable","25":"shipping-taxable","26":"purchasable","27":"product-type-simple"},"acf":[],"_links":{"self":[{"href":"https:\/\/secureus.se\/fi\/wp-json\/wp\/v2\/product\/57388","targetHints":{"allow":["GET"]}}],"collection":[{"href":"https:\/\/secureus.se\/fi\/wp-json\/wp\/v2\/product"}],"about":[{"href":"https:\/\/secureus.se\/fi\/wp-json\/wp\/v2\/types\/product"}],"wp:featuredmedia":[{"embeddable":true,"href":"https:\/\/secureus.se\/fi\/wp-json\/wp\/v2\/media\/145672"}],"wp:attachment":[{"href":"https:\/\/secureus.se\/fi\/wp-json\/wp\/v2\/media?parent=57388"}],"wp:term":[{"taxonomy":"product_brand","embeddable":true,"href":"https:\/\/secureus.se\/fi\/wp-json\/wp\/v2\/product_brand?post=57388"},{"taxonomy":"product_cat","embeddable":true,"href":"https:\/\/secureus.se\/fi\/wp-json\/wp\/v2\/product_cat?post=57388"},{"taxonomy":"product_tag","embeddable":true,"href":"https:\/\/secureus.se\/fi\/wp-json\/wp\/v2\/product_tag?post=57388"}],"curies":[{"name":"wp","href":"https:\/\/api.w.org\/{rel}","templated":true}]}}