{"id":57394,"date":"2022-03-10T15:13:00","date_gmt":"2022-03-10T14:13:00","guid":{"rendered":"https:\/\/secureus.se\/produkt\/elatec-twn4-multitech-kombi-programmerad-for-system-kod-endast-lasare-med-uid-chipkod\/"},"modified":"2026-04-15T15:46:39","modified_gmt":"2026-04-15T13:46:39","slug":"rfid-lasare-elatec-twn4-multitech-kombi-programmerad-for-system-kod-endast-lasare-med-uid-chipkod","status":"publish","type":"product","link":"https:\/\/secureus.se\/fi\/rfid-lasare-elatec-twn4-multitech-kombi-programmerad-for-system-kod-endast-lasare-med-uid-chipkod\/","title":{"rendered":"RFID-lukija Elatec TWN4 Multitech Combi LF + HF + NFC"},"content":{"rendered":"<p>T\u00e4\u00e4lt\u00e4 l\u00f6yd\u00e4t valitsemamme mallit Elatechin joustavista ja suosituista malleista ja ohjelmoimme ne kaikki toiveidesi mukaan.<\/p>\n<p>Jos haluat erilaisen l\u00e4hd\u00f6n tai toiminnon esimerkiksi tulostimelle\/tietokoneelle, autamme sinua my\u00f6s siin\u00e4.<\/p>\n<p>N\u00e4m\u00e4 lukijat korvaavat aiemmat mallit (TWN3) ja ovat monien asiakkaidemme valinta.<\/p>\n<p>Jos tarvitset suurempia m\u00e4\u00e4ri\u00e4 tai ostat jatkuvasti, voimme perustaa varaston sinulle soitolla.<\/p>\n<p>Meill\u00e4 on halvemmat hinnat kuin voit odottaa n\u00e4ille tuotteille!<\/p>\n<p>TWN4 hoitaa seuraavat asiat:<\/p>\n<p>125kHz \/ 134,2kHz<\/p>\n<p>13,56 MHz \/ ISO14443A<\/p>\n<p>Lue k\u00e4ytt\u00f6turvallisuustiedotteesta, mit\u00e4 tekniikoita lukija osaa k\u00e4sitell\u00e4.<\/p>","protected":false},"excerpt":{"rendered":"<p><span class=\"ui-provider a b c d e f g h i j k l m n o p q r s t u v w x y z ab ac ae af ag ah ai aj ak\" dir=\"ltr\">Yhdistelm\u00e4lukija, joka k\u00e4sittelee sek\u00e4 EM + Mifare + NFC.<\/span><\/p>","protected":false},"featured_media":145344,"template":"","meta":{"_acf_changed":false},"product_brand":[],"product_cat":[1743],"product_tag":[],"class_list":{"0":"post-57394","1":"product","2":"type-product","3":"status-publish","4":"has-post-thumbnail","6":"product_cat-rfid-lasare","7":"product_shipping_class-postnord-varubrev","8":"pa_access-lasare-chippets-uid-kod","9":"pa_access-lasare-em-kod-aptus","10":"pa_access-lasare-em-kod-rco","11":"pa_access-lasare-em-kod-assa-arx","12":"pa_access-lasare-em-kod-axema-10-siffror","13":"pa_access-lasare-em-kod-axema-vaka-13-siffror","14":"pa_access-lasare-em-kod-bewator-vanderbilt-13-siffror","15":"pa_access-lasare-em-kod-bewator-vanderbilt-8-siffror","16":"pa_access-lasare-mifare-mifare-mfd-aptus-9-siffror","17":"pa_access-lasare-mifare-mifare-mfr-axema-vaka-13-siffror","18":"pa_access-lasare-mifare-chippets-uid-kod","19":"pa_access-lasare-mifare-mifare-mfd-assa-10-siffror","20":"pa_access-lasare-mifare-mifare-rco-9-siffror","21":"pa_bordlasare-val-av-typ-em-teknik","22":"pa_bordlasare-val-av-typ-kombi-emmifare","23":"pa_bordlasare-val-av-typ-mifare-teknik","24":"pa_bordlasare-val-av-typ-multilasare","25":"pa_brands-elatec","26":"pa_holes-chippets-uid-kod","27":"tm-has-options","29":"first","30":"instock","31":"sale","32":"featured","33":"taxable","34":"shipping-taxable","35":"purchasable","36":"product-type-simple"},"acf":[],"_links":{"self":[{"href":"https:\/\/secureus.se\/fi\/wp-json\/wp\/v2\/product\/57394","targetHints":{"allow":["GET"]}}],"collection":[{"href":"https:\/\/secureus.se\/fi\/wp-json\/wp\/v2\/product"}],"about":[{"href":"https:\/\/secureus.se\/fi\/wp-json\/wp\/v2\/types\/product"}],"wp:featuredmedia":[{"embeddable":true,"href":"https:\/\/secureus.se\/fi\/wp-json\/wp\/v2\/media\/145344"}],"wp:attachment":[{"href":"https:\/\/secureus.se\/fi\/wp-json\/wp\/v2\/media?parent=57394"}],"wp:term":[{"taxonomy":"product_brand","embeddable":true,"href":"https:\/\/secureus.se\/fi\/wp-json\/wp\/v2\/product_brand?post=57394"},{"taxonomy":"product_cat","embeddable":true,"href":"https:\/\/secureus.se\/fi\/wp-json\/wp\/v2\/product_cat?post=57394"},{"taxonomy":"product_tag","embeddable":true,"href":"https:\/\/secureus.se\/fi\/wp-json\/wp\/v2\/product_tag?post=57394"}],"curies":[{"name":"wp","href":"https:\/\/api.w.org\/{rel}","templated":true}]}}