{"id":57479,"date":"2022-03-10T14:57:00","date_gmt":"2022-03-10T13:57:00","guid":{"rendered":"https:\/\/secureus.se\/produkt\/2-way-i-o-and-x-10-wireless-expander\/"},"modified":"2025-12-31T19:36:32","modified_gmt":"2025-12-31T18:36:32","slug":"risco-2-way-i-o-och-x-10-tradlos-expander","status":"publish","type":"product","link":"https:\/\/secureus.se\/fi\/risco-2-way-i-o-och-x-10-tradlos-expander\/","title":{"rendered":"Risco 2-suuntainen I\/O ja X-10 langaton laajennus \u2013 Wicomm PRO, Agility"},"content":{"rendered":"<h1>Risco 2-Way I\/O ja X-10 Wireless Expander<\/h1>\n<p data-start=\"449\" data-end=\"918\">Risco 2-Way I\/O ja X-10 langaton laajennusmoduuli (malli RW132I04000A) on kodin automaatiomoduuli, jonka avulla k\u00e4ytt\u00e4j\u00e4t voivat laajentaa ja mukauttaa Agility\u2122-turvaj\u00e4rjestelmi\u00e4\u00e4n uusien trendien ja turvallisuusratkaisujen tukemiseksi.<\/p>\n<p data-start=\"449\" data-end=\"918\">Liitt\u00e4m\u00e4ll\u00e4 j\u00e4rjestelm\u00e4\u00e4n kiinteit\u00e4 laitteita moduuli voi lis\u00e4t\u00e4 joustavuutta ja avata mahdollisuuksia tulevaan laajennukseen, jolloin j\u00e4rjestelm\u00e4 voi kehitty\u00e4 ja mukautua muuttuviin markkinoiden tarpeisiin alkuper\u00e4isest\u00e4 asennuksesta riippumatta.<\/p>\n<p data-start=\"920\" data-end=\"1286\">Langaton kodin automaatiomoduuli tukee jopa nelj\u00e4\u00e4 kiinte\u00e4sti kytketty\u00e4 vy\u00f6hykett\u00e4 ja nelj\u00e4\u00e4 l\u00e4ht\u00f6\u00e4, mik\u00e4 antaa k\u00e4ytt\u00e4jille mahdollisuuden integroida ja hallita useita laitteita turvaj\u00e4rjestelm\u00e4ss\u00e4\u00e4n.<\/p>\n<p data-start=\"920\" data-end=\"1286\">Lis\u00e4ksi se tukee jopa 16 X10-laitetta, joiden avulla k\u00e4ytt\u00e4j\u00e4 voi ohjata kodinkoneita, kuten valaistusta, autotallin ovia, puutarhasprinklereit\u00e4 ja muita kodin automaatiolaitteita.<\/p>\n<p data-start=\"1288\" data-end=\"1613\">Moduuli toimitetaan t\u00e4ydellisen\u00e4 PSU:n (virtal\u00e4hteen) kanssa laitteen virransy\u00f6tt\u00f6\u00e4 varten ja kolmella ladattavalla AA-paristolla, jotka takaavat turvallisen ja pitk\u00e4kestoisen toiminnan, kun akkuvarmennusta tarvitaan.<\/p>\n<p data-start=\"1288\" data-end=\"1613\">X-10 Expander for Agility\u2122 tarjoaa yksinkertaisen ratkaisun laitteiden integrointiin ja ohjaamiseen j\u00e4rjestelm\u00e4n kautta ilman lis\u00e4laitteiston tai -kaapeloinnin tarvetta.<\/p>\n<p data-start=\"1615\" data-end=\"1645\"><strong data-start=\"1615\" data-end=\"1643\">T\u00e4rkeimm\u00e4t ominaisuudet:<\/strong><\/p>\n<ul data-start=\"1646\" data-end=\"2262\">\n<li data-start=\"1646\" data-end=\"1730\">\n<p data-start=\"1648\" data-end=\"1730\"><strong data-start=\"1648\" data-end=\"1674\">Langaton kodin automaatio:<\/strong> Tukee jopa nelj\u00e4\u00e4 kiinte\u00e4sti kytketty\u00e4 vy\u00f6hykett\u00e4 ja nelj\u00e4\u00e4 l\u00e4ht\u00f6\u00e4<\/p>\n<\/li>\n<li data-start=\"1731\" data-end=\"1826\">\n<p data-start=\"1733\" data-end=\"1826\"><strong data-start=\"1733\" data-end=\"1761\">X10-laitteiden ohjaus:<\/strong> Ohjaa jopa 16 X10-laitetta, esim. valaistus ja autotallin ovet<\/p>\n<\/li>\n<li data-start=\"1827\" data-end=\"1956\">\n<p data-start=\"1829\" data-end=\"1956\"><strong data-start=\"1829\" data-end=\"1846\">Joustavuus:<\/strong> Mahdollistaa Agility\u2122-j\u00e4rjestelm\u00e4n mukauttamisen ja laajentamisen vastaamaan uusia tarpeita ja teknologisia trendej\u00e4<\/p>\n<\/li>\n<li data-start=\"1957\" data-end=\"2075\">\n<p data-start=\"1959\" data-end=\"2075\"><strong data-start=\"1959\" data-end=\"1982\">Helppo asennus:<\/strong> Tuki kiinteiden laitteiden langalliselle yhteydelle sek\u00e4 helppo integrointi langattoman tiedonsiirron kautta<\/p>\n<\/li>\n<li data-start=\"2076\" data-end=\"2166\">\n<p data-start=\"2078\" data-end=\"2166\"><strong data-start=\"2078\" data-end=\"2113\">Virtasovitin ja akkuvarmuuskopio:<\/strong> Sis\u00e4lt\u00e4\u00e4 virtal\u00e4hteen ja 3 ladattavaa AA-paristoa<\/p>\n<\/li>\n<li data-start=\"2167\" data-end=\"2262\">\n<p data-start=\"2169\" data-end=\"2262\"><strong data-start=\"2169\" data-end=\"2188\">Yhteensopivuus:<\/strong> Toimii Risco Agility\u2122 -j\u00e4rjestelm\u00e4n kanssa parantaakseen toiminnallisuutta ja hallintaa<\/p>\n<\/li>\n<\/ul>\n<p data-start=\"2264\" data-end=\"2295\"><strong data-start=\"2264\" data-end=\"2293\">Tekniset tiedot:<\/strong><\/p>\n<ul data-start=\"2296\" data-end=\"2712\">\n<li data-start=\"2296\" data-end=\"2340\">\n<p data-start=\"2298\" data-end=\"2340\"><strong data-start=\"2298\" data-end=\"2317\">Tulojen m\u00e4\u00e4r\u00e4:<\/strong> 4 kiinte\u00e4sti kytketty\u00e4 vy\u00f6hykett\u00e4<\/p>\n<\/li>\n<li data-start=\"2341\" data-end=\"2417\">\n<p data-start=\"2343\" data-end=\"2417\"><strong data-start=\"2343\" data-end=\"2362\">L\u00e4ht\u00f6jen lukum\u00e4\u00e4r\u00e4:<\/strong> 2 relel\u00e4ht\u00f6\u00e4 (1A-luokka), 2 avointa kollektoril\u00e4ht\u00f6\u00e4<\/p>\n<\/li>\n<li data-start=\"2418\" data-end=\"2506\">\n<p data-start=\"2420\" data-end=\"2506\"><strong data-start=\"2420\" data-end=\"2433\">X10-tuki:<\/strong> Ohjaa jopa 16 X10-laitetta (valaistus, autotallin ovi, sprinklerit jne.)<\/p>\n<\/li>\n<li data-start=\"2507\" data-end=\"2572\">\n<p data-start=\"2509\" data-end=\"2572\"><strong data-start=\"2509\" data-end=\"2530\">Virtal\u00e4hde:<\/strong> Virtal\u00e4hde ja 3 ladattavaa AA-paristoa<\/p>\n<\/li>\n<li data-start=\"2573\" data-end=\"2662\">\n<p data-start=\"2575\" data-end=\"2662\"><strong data-start=\"2575\" data-end=\"2592\">Liit\u00e4nn\u00e4t:<\/strong> 4 x kaapeliliit\u00e4nt\u00e4\u00e4, 1 x X10-portti X10-l\u00e4hettimeen liitt\u00e4mist\u00e4 varten<\/p>\n<\/li>\n<li data-start=\"2663\" data-end=\"2712\">\n<p data-start=\"2665\" data-end=\"2712\"><strong data-start=\"2665\" data-end=\"2697\">Toimittajan artikkelinumero:<\/strong> RW132I04000A<\/p>\n<\/li>\n<\/ul>\n<p data-start=\"2714\" data-end=\"2967\">Riscon 2-suuntainen I\/O ja X-10 langaton laajennusyksikk\u00f6 on k\u00e4yt\u00e4nn\u00f6llinen ratkaisu Agility\u2122-j\u00e4rjestelm\u00e4n tehokkaaseen laajentamiseen ja mukauttamiseen nykyaikaisiin kodin automaatiotarpeisiin. Se antaa k\u00e4ytt\u00e4jille mahdollisuuden ohjata laitteitaan ja v\u00e4lineit\u00e4\u00e4n suoraan turvaj\u00e4rjestelm\u00e4st\u00e4.<\/p>","protected":false},"excerpt":{"rendered":"<p data-start=\"136\" data-end=\"415\">Riscon 2-suuntainen I\/O ja X-10-langaton laajennusmoduuli Agility\u2122-j\u00e4rjestelm\u00e4\u00e4n mahdollistaa kiinteiden laitteiden ja kodin automaatioratkaisujen liitt\u00e4misen.<\/p>\n<p data-start=\"136\" data-end=\"415\">Se tukee nelj\u00e4\u00e4 tuloa, nelj\u00e4\u00e4 l\u00e4ht\u00f6\u00e4 ja ohjaa jopa 16 x 10 laitetta esimerkiksi valaistuksen, autotallin ovien tai puutarhasprinklerien ohjaamiseksi.<\/p>","protected":false},"featured_media":145456,"template":"","meta":{"_acf_changed":false},"product_brand":[],"product_cat":[2731,4882,4671,4879],"product_tag":[],"class_list":{"0":"post-57479","1":"product","2":"type-product","3":"status-publish","4":"has-post-thumbnail","6":"product_cat-risco-larm","7":"product_cat-agility-v4-3-2","8":"product_cat-signalforstarkare","9":"product_cat-wicomm-pro","10":"product_shipping_class-postnord-varubrev","11":"pa_brands-4risco","12":"pa_risco-produkter-agility-4","13":"tm-no-options","15":"first","16":"instock","17":"sale","18":"featured","19":"taxable","20":"shipping-taxable","21":"purchasable","22":"product-type-simple"},"acf":[],"_links":{"self":[{"href":"https:\/\/secureus.se\/fi\/wp-json\/wp\/v2\/product\/57479","targetHints":{"allow":["GET"]}}],"collection":[{"href":"https:\/\/secureus.se\/fi\/wp-json\/wp\/v2\/product"}],"about":[{"href":"https:\/\/secureus.se\/fi\/wp-json\/wp\/v2\/types\/product"}],"wp:featuredmedia":[{"embeddable":true,"href":"https:\/\/secureus.se\/fi\/wp-json\/wp\/v2\/media\/145456"}],"wp:attachment":[{"href":"https:\/\/secureus.se\/fi\/wp-json\/wp\/v2\/media?parent=57479"}],"wp:term":[{"taxonomy":"product_brand","embeddable":true,"href":"https:\/\/secureus.se\/fi\/wp-json\/wp\/v2\/product_brand?post=57479"},{"taxonomy":"product_cat","embeddable":true,"href":"https:\/\/secureus.se\/fi\/wp-json\/wp\/v2\/product_cat?post=57479"},{"taxonomy":"product_tag","embeddable":true,"href":"https:\/\/secureus.se\/fi\/wp-json\/wp\/v2\/product_tag?post=57479"}],"curies":[{"name":"wp","href":"https:\/\/api.w.org\/{rel}","templated":true}]}}