{"id":57480,"date":"2022-03-10T14:57:00","date_gmt":"2022-03-10T13:57:00","guid":{"rendered":"https:\/\/secureus.se\/produkt\/vibrationsdetektor-tradlos-agililty3-4-och-wicomm-pro\/"},"modified":"2025-12-31T19:42:31","modified_gmt":"2025-12-31T18:42:31","slug":"risco-vibrationsdetektor-1-vags","status":"publish","type":"product","link":"https:\/\/secureus.se\/fi\/risco-vibrationsdetektor-1-vags\/","title":{"rendered":"Risco-t\u00e4rin\u00e4tunnistin, 1-suuntainen"},"content":{"rendered":"<h1>Risco-t\u00e4rin\u00e4tunnistin, 1-suuntainen<\/h1>\n<p data-start=\"435\" data-end=\"949\">Risco Vibration Detector 1-way WiComm Pro Agility on edistynyt langaton iskunilmaisin, joka tarjoaa korkean turvallisuuden sis\u00e4- ja ulkoisille suojatuille alueille.<\/p>\n<p data-start=\"435\" data-end=\"949\">Se on suunniteltu havaitsemaan t\u00e4rin\u00e4\u00e4, jota esiintyy yritett\u00e4ess\u00e4 v\u00e4kisin ty\u00f6nt\u00e4\u00e4, rikkoa, porata tai sahata ikkunoiden, ovien, seinien tai kattojen l\u00e4pi, vaikka tunkeilija olisi viel\u00e4 ulkona.<\/p>\n<p data-start=\"435\" data-end=\"949\">T\u00e4m\u00e4 tekee siit\u00e4 tehokkaan ratkaisun keh\u00e4suojaukseen ja on erityisen hy\u00f6dyllinen tunkeutumisen est\u00e4misess\u00e4 ennen fyysisten esteiden rikkoutumista.<\/p>\n<p data-start=\"951\" data-end=\"1355\">T\u00e4m\u00e4 ilmaisin on varustettu digitaalisella mikroprosessorilla ja \u00e4lykk\u00e4\u00e4ll\u00e4 digitaalisella signaalink\u00e4sittelyll\u00e4 v\u00e4r\u00e4htelyjen tarkkaa analysointia ja tallentamista varten.<\/p>\n<p data-start=\"951\" data-end=\"1355\">S\u00e4\u00e4dett\u00e4v\u00e4n herkkyyden ansiosta k\u00e4ytt\u00e4j\u00e4 voi mukauttaa ilmaisimen vastetason erilaisiin ymp\u00e4rist\u00f6ihin ja tarpeisiin sopivaksi.<\/p>\n<p data-start=\"951\" data-end=\"1355\">Siin\u00e4 on kolmiv\u00e4rinen LED-merkkivalo, joka helpottaa kalibrointia ja antaa selke\u00e4t tiedot ilmaisimen herkkyydest\u00e4.<\/p>\n<p data-start=\"1357\" data-end=\"1617\">Ilmaisin on t\u00e4ysin valvottu, mik\u00e4 tarkoittaa, ett\u00e4 peukalointia, pariston j\u00e4nnitett\u00e4 ja tiedonsiirtoa tarkistetaan jatkuvasti.<\/p>\n<p data-start=\"1357\" data-end=\"1617\">Jopa 300 metrin kantaman (LOS) ja pitk\u00e4n, noin 3 vuotta kest\u00e4v\u00e4n akunkeston ansiosta se on luotettava osa Riscon turvaj\u00e4rjestelm\u00e4\u00e4.<\/p>\n<p data-start=\"1619\" data-end=\"1932\">Karkean hy\u00f6kk\u00e4ystunnistuksen ja kapseloidun bimorfisen pietsos\u00e4hk\u00f6isen anturin kaltaiset ominaisuudet tekev\u00e4t t\u00e4st\u00e4 t\u00e4rin\u00e4ilmaisimesta hyvin varustetun k\u00e4sittelem\u00e4\u00e4n mahdollisia turvallisuusuhkia.<\/p>\n<p data-start=\"1619\" data-end=\"1932\">Se on my\u00f6s yhteensopiva Riscon Agility\u2122-, WisDom-, ProSYS\u2122-, LightSYS\u2122- ja Nova-j\u00e4rjestelmien kanssa, mik\u00e4 tekee siit\u00e4 eritt\u00e4in joustavan erilaisiin turvallisuustarpeisiin.<\/p>\n<p>&nbsp;<\/p>\n<p><iframe title=\"Wicomm Smart Hub USA\" width=\"1170\" height=\"658\" src=\"https:\/\/www.youtube.com\/embed\/5PHoH2dRjEs?feature=oembed\" frameborder=\"0\" allow=\"accelerometer; autoplay; clipboard-write; encrypted-media; gyroscope; picture-in-picture; web-share\" referrerpolicy=\"strict-origin-when-cross-origin\" allowfullscreen><\/iframe><\/p>","protected":false},"excerpt":{"rendered":"<p>Langaton t\u00e4rin\u00e4ilmaisin Risco Agility- ja WiComm Pro -j\u00e4rjestelmille. Suunniteltu havaitsemaan murtoyritykset tunnistamalla pakottamisen, murskaamisen, poraamisen tai sahaamisen aiheuttamat t\u00e4rin\u00e4t.<\/p>\n<p>Soveltuu sek\u00e4 sis\u00e4- ett\u00e4 ulkoalueiden suojaukseen.<\/p>","protected":false},"featured_media":145396,"template":"","meta":{"_acf_changed":false},"product_brand":[],"product_cat":[3188,2731],"product_tag":[3152],"class_list":{"0":"post-57480","1":"product","2":"type-product","3":"status-publish","4":"has-post-thumbnail","6":"product_cat-larmenheter-risco-larm","7":"product_cat-risco-larm","8":"product_tag-cr123-tillbehor","9":"product_shipping_class-postnord-varubrev","10":"pa_brands-4risco","11":"pa_risco-produkter-agility-3","12":"pa_risco-produkter-agility-4","13":"pa_wicomm-pro-kategorier-vibrationdetektorer","14":"tm-no-options","16":"first","17":"instock","18":"sale","19":"featured","20":"taxable","21":"shipping-taxable","22":"purchasable","23":"product-type-simple"},"acf":[],"_links":{"self":[{"href":"https:\/\/secureus.se\/fi\/wp-json\/wp\/v2\/product\/57480","targetHints":{"allow":["GET"]}}],"collection":[{"href":"https:\/\/secureus.se\/fi\/wp-json\/wp\/v2\/product"}],"about":[{"href":"https:\/\/secureus.se\/fi\/wp-json\/wp\/v2\/types\/product"}],"wp:featuredmedia":[{"embeddable":true,"href":"https:\/\/secureus.se\/fi\/wp-json\/wp\/v2\/media\/145396"}],"wp:attachment":[{"href":"https:\/\/secureus.se\/fi\/wp-json\/wp\/v2\/media?parent=57480"}],"wp:term":[{"taxonomy":"product_brand","embeddable":true,"href":"https:\/\/secureus.se\/fi\/wp-json\/wp\/v2\/product_brand?post=57480"},{"taxonomy":"product_cat","embeddable":true,"href":"https:\/\/secureus.se\/fi\/wp-json\/wp\/v2\/product_cat?post=57480"},{"taxonomy":"product_tag","embeddable":true,"href":"https:\/\/secureus.se\/fi\/wp-json\/wp\/v2\/product_tag?post=57480"}],"curies":[{"name":"wp","href":"https:\/\/api.w.org\/{rel}","templated":true}]}}