{"id":57482,"date":"2022-03-10T14:57:00","date_gmt":"2022-03-10T13:57:00","guid":{"rendered":"https:\/\/secureus.se\/produkt\/2-vags-tradlos-dual-tech-am-inom-utomhus-ridadetektor-agililty4-och-wicomm-pro\/"},"modified":"2026-01-06T20:42:19","modified_gmt":"2026-01-06T19:42:19","slug":"risco-ridadetektor-2-vags-utomhus","status":"publish","type":"product","link":"https:\/\/secureus.se\/fi\/risco-ridadetektor-2-vags-utomhus\/","title":{"rendered":"Risco-verhoilmaisin 2-suuntainen \u2013 ulkok\u00e4ytt\u00f6\u00f6n"},"content":{"rendered":"<div>\n<h1>Risco-verhoilmaisin 2-suuntainen \u2013 ulkok\u00e4ytt\u00f6\u00f6n<\/h1>\n<p data-start=\"413\" data-end=\"936\">Risco Curtain Detector 2-way WiComm Pro Agility4 on paras valinta ulkotilojen turvallisuuteen.<\/p>\n<p data-start=\"413\" data-end=\"936\">T\u00e4m\u00e4 langaton verhoilmaisin on suunniteltu turvaj\u00e4rjestelm\u00e4si ensimm\u00e4iseksi puolustuslinjaksi, ja se tarjoaa nopean ja helpon asennuksen sek\u00e4 joustavan kiinnityksen ja konfiguroinnin.<\/p>\n<p data-start=\"413\" data-end=\"936\">Edistyksellinen mikroaaltotekniikka ja kaksisuuntainen radioviestint\u00e4 tarjoavat erinomaisen kattavuuden ja turvallisuuden laajoilla alueilla, ja aktiivinen peitt\u00e4misen estotoiminto suojaa ilmaisimen vastaanoton vahingoittamisyrityksilt\u00e4.<\/p>\n<p data-start=\"938\" data-end=\"1305\">Nelj\u00e4n s\u00e4\u00e4dett\u00e4v\u00e4n herkkyystason ja kapean s\u00e4teen ansiosta v\u00e4\u00e4rien h\u00e4lytysten riski minimoituu, jolloin saat juuri tarvitsemasi suojauksen ilman tarpeettomia h\u00e4iri\u00f6it\u00e4.<\/p>\n<p data-start=\"938\" data-end=\"1305\">Se sopii erinomaisesti asennettavaksi jopa 3,0 metrin pinoihin ja voidaan asentaa suojatun alueen vasemmalle tai oikealle puolelle, mik\u00e4 tarjoaa joustavuutta asennusvaihtoehtoihin.<\/p>\n<p data-start=\"1307\" data-end=\"1526\">K\u00e4yt\u00f6n helpottamiseksi ilmaisimessa on yksinkertainen paristonvaihtoprosessi sek\u00e4 et\u00e4konfigurointi- ja diagnostiikkaominaisuudet, jotka tehostavat huoltoa ja yll\u00e4pitoa ja v\u00e4hent\u00e4v\u00e4t tarpeettomia huoltok\u00e4yntej\u00e4.<\/p>\n<p><iframe title=\"Wicomm Smart Hub USA\" width=\"1170\" height=\"658\" src=\"https:\/\/www.youtube.com\/embed\/5PHoH2dRjEs?feature=oembed\" frameborder=\"0\" allow=\"accelerometer; autoplay; clipboard-write; encrypted-media; gyroscope; picture-in-picture; web-share\" referrerpolicy=\"strict-origin-when-cross-origin\" allowfullscreen><\/iframe><\/p>\n<\/div>","protected":false},"excerpt":{"rendered":"<p>Ulkok\u00e4ytt\u00f6\u00f6n tarkoitettu langaton WiComm Pro Agility4 -verhoilmaisin tarjoaa vertaansa vailla olevaa turvallisuutta kaksoisteknologialla, aktiivisella infrapunapeitt\u00e4misen tunnistuksella ja s\u00e4\u00e4dett\u00e4v\u00e4ll\u00e4 herkkyydell\u00e4.<\/p>\n<p>T\u00e4ydellinen laajoille alueille ja joustavaan asennukseen.<\/p>","protected":false},"featured_media":158857,"template":"","meta":{"_acf_changed":false},"product_brand":[],"product_cat":[2731,3188,3191],"product_tag":[],"class_list":{"0":"post-57482","1":"product","2":"type-product","3":"status-publish","4":"has-post-thumbnail","6":"product_cat-risco-larm","7":"product_cat-larmenheter-risco-larm","8":"product_cat-utomhusdetektorer","9":"product_shipping_class-postnord-varubrev","10":"pa_risco-produkter-agility-4","11":"pa_wicomm-pro-kategorier-ridadetektor","12":"tm-no-options","14":"first","15":"outofstock","16":"sale","17":"featured","18":"taxable","19":"shipping-taxable","20":"purchasable","21":"product-type-simple"},"acf":[],"_links":{"self":[{"href":"https:\/\/secureus.se\/fi\/wp-json\/wp\/v2\/product\/57482","targetHints":{"allow":["GET"]}}],"collection":[{"href":"https:\/\/secureus.se\/fi\/wp-json\/wp\/v2\/product"}],"about":[{"href":"https:\/\/secureus.se\/fi\/wp-json\/wp\/v2\/types\/product"}],"wp:featuredmedia":[{"embeddable":true,"href":"https:\/\/secureus.se\/fi\/wp-json\/wp\/v2\/media\/158857"}],"wp:attachment":[{"href":"https:\/\/secureus.se\/fi\/wp-json\/wp\/v2\/media?parent=57482"}],"wp:term":[{"taxonomy":"product_brand","embeddable":true,"href":"https:\/\/secureus.se\/fi\/wp-json\/wp\/v2\/product_brand?post=57482"},{"taxonomy":"product_cat","embeddable":true,"href":"https:\/\/secureus.se\/fi\/wp-json\/wp\/v2\/product_cat?post=57482"},{"taxonomy":"product_tag","embeddable":true,"href":"https:\/\/secureus.se\/fi\/wp-json\/wp\/v2\/product_tag?post=57482"}],"curies":[{"name":"wp","href":"https:\/\/api.w.org\/{rel}","templated":true}]}}