{"id":57483,"date":"2022-03-10T14:57:00","date_gmt":"2022-03-10T13:57:00","guid":{"rendered":"https:\/\/secureus.se\/produkt\/agility-4-centralenhet-rmv132v-gsm-tal\/"},"modified":"2025-12-31T19:36:37","modified_gmt":"2025-12-31T18:36:37","slug":"risco-centralenhet-agililty4-utgar","status":"publish","type":"product","link":"https:\/\/secureus.se\/fi\/risco-centralenhet-agililty4-utgar\/","title":{"rendered":"Risco Central Unit Agililty4 - POISTU"},"content":{"rendered":"<h1>Risco Central Unit Agililty4 - POISTU<\/h1>\n<p data-start=\"502\" data-end=\"836\">Risco Agility4 (malli RMV132V) on edistynyt ja modulaarinen langaton turvaj\u00e4rjestelm\u00e4, joka tarjoaa kattavan suojan sek\u00e4 asuin- ett\u00e4 liikekiinteist\u00f6ille.<\/p>\n<p data-start=\"502\" data-end=\"836\">Modernin ja tyylikk\u00e4\u00e4n muotoilunsa ansiosta Agility4 tarjoaa vankan suojan tunkeutumista, tulipaloja ja muita turvallisuusriskej\u00e4 vastaan, ja se on mukautettavissa vastaamaan erityistarpeitasi.<\/p>\n<p data-start=\"838\" data-end=\"1215\">J\u00e4rjestelm\u00e4 on varustettu sek\u00e4 ulko- ett\u00e4 sis\u00e4suojauksella, joten se sopii erinomaisesti rakennuksen kaikkien osien suojaamiseen.<\/p>\n<p data-start=\"838\" data-end=\"1215\">Agility4 tarjoaa my\u00f6s langattoman visuaalisen tarkastuksen, joka on interaktiivinen ja automatisoitu turvaratkaisu.<\/p>\n<p data-start=\"838\" data-end=\"1215\">T\u00e4m\u00e4 mahdollistaa tapahtumien reaaliaikaisen videovahvistuksen, mik\u00e4 parantaa turvallisuutta ja v\u00e4hent\u00e4\u00e4 v\u00e4\u00e4rien h\u00e4lytysten riski\u00e4.<\/p>\n<p data-start=\"1217\" data-end=\"1513\">Yksi Agility4:n hy\u00f6dyllisimmist\u00e4 ominaisuuksista on sis\u00e4\u00e4nrakennettu tunnisteenlukija, mik\u00e4 tarkoittaa, ett\u00e4 sinun ei tarvitse muistaa koodeja h\u00e4lytyksen kytkemiseksi p\u00e4\u00e4lle tai pois p\u00e4\u00e4lt\u00e4.<\/p>\n<p data-start=\"1217\" data-end=\"1513\">Taginlukija tekee j\u00e4rjestelm\u00e4n hallinnasta sek\u00e4 nopeaa ett\u00e4 helppoa, ja samalla se parantaa k\u00e4ytt\u00e4j\u00e4yst\u00e4v\u00e4llisyytt\u00e4 ja turvallisuutta.<\/p>\n<p data-start=\"1515\" data-end=\"1755\">Agility4 on joustava j\u00e4rjestelm\u00e4, jota voidaan mukauttaa ja laajentaa tarpeen mukaan. Halusitpa sitten lis\u00e4t\u00e4 antureita, kameroita tai muita turvakomponentteja, j\u00e4rjestelm\u00e4\u00e4 voidaan helposti p\u00e4ivitt\u00e4\u00e4 vastaamaan muuttuvia turvallisuusvaatimuksia ajan my\u00f6t\u00e4.<\/p>\n<p data-start=\"1757\" data-end=\"1787\"><strong data-start=\"1757\" data-end=\"1785\">T\u00e4rkeimm\u00e4t ominaisuudet:<\/strong><\/p>\n<ul data-start=\"1788\" data-end=\"2322\">\n<li data-start=\"1788\" data-end=\"1844\">\n<p data-start=\"1790\" data-end=\"1844\"><strong data-start=\"1790\" data-end=\"1815\">Modulaarinen j\u00e4rjestelm\u00e4:<\/strong> Helppo mukauttaa ja laajentaa<\/p>\n<\/li>\n<li data-start=\"1845\" data-end=\"1901\">\n<p data-start=\"1847\" data-end=\"1901\"><strong data-start=\"1847\" data-end=\"1870\">Langaton ja \u00e4lyk\u00e4s:<\/strong> Helppo asennus ja k\u00e4ytt\u00f6<\/p>\n<\/li>\n<li data-start=\"1902\" data-end=\"1975\">\n<p data-start=\"1904\" data-end=\"1975\"><strong data-start=\"1904\" data-end=\"1928\">Visuaalinen vahvistus:<\/strong> Langaton videovalvonta parempaa turvallisuutta varten<\/p>\n<\/li>\n<li data-start=\"1976\" data-end=\"2058\">\n<p data-start=\"1978\" data-end=\"2058\"><strong data-start=\"1978\" data-end=\"2001\">Sis\u00e4\u00e4nrakennettu tunnisteenlukija:<\/strong> H\u00e4lytyksen p\u00e4\u00e4lle- tai poiskytkent\u00e4\u00e4n ei tarvita koodia<\/p>\n<\/li>\n<li data-start=\"2059\" data-end=\"2132\">\n<p data-start=\"2061\" data-end=\"2132\"><strong data-start=\"2061\" data-end=\"2078\">Joustavuus:<\/strong> Voidaan mukauttaa vastaamaan muuttuviin turvallisuustarpeisiin<\/p>\n<\/li>\n<li data-start=\"2133\" data-end=\"2225\">\n<p data-start=\"2135\" data-end=\"2225\"><strong data-start=\"2135\" data-end=\"2167\">Suojaus tunkeutumista ja tulipaloa vastaan:<\/strong> T\u00e4ydellinen suojaus sek\u00e4 sis\u00e4- ett\u00e4 ulkotiloihin<\/p>\n<\/li>\n<li data-start=\"2226\" data-end=\"2322\">\n<p data-start=\"2228\" data-end=\"2322\"><strong data-start=\"2228\" data-end=\"2251\">Helppo parantaa:<\/strong> J\u00e4rjestelm\u00e4\u00e4 voidaan p\u00e4ivitt\u00e4\u00e4 lis\u00e4\u00e4m\u00e4ll\u00e4 ominaisuuksia ja laitteita<\/p>\n<\/li>\n<\/ul>\n<p data-start=\"2324\" data-end=\"2355\"><strong data-start=\"2324\" data-end=\"2353\">Tekniset tiedot:<\/strong><\/p>\n<ul data-start=\"2356\" data-end=\"2671\">\n<li data-start=\"2356\" data-end=\"2384\">\n<p data-start=\"2358\" data-end=\"2384\"><strong data-start=\"2358\" data-end=\"2374\">Moduulin numero:<\/strong> RMV132V<\/p>\n<\/li>\n<li data-start=\"2385\" data-end=\"2443\">\n<p data-start=\"2387\" data-end=\"2443\"><strong data-start=\"2387\" data-end=\"2419\">Toimittajan artikkelinumero:<\/strong> RW132V \/ RW132V87E0B0<\/p>\n<\/li>\n<li data-start=\"2444\" data-end=\"2510\">\n<p data-start=\"2446\" data-end=\"2510\"><strong data-start=\"2446\" data-end=\"2467\">Suojaavat ominaisuudet:<\/strong> Murtosuojaus, palosuojaus, h\u00e4lytysj\u00e4rjestelm\u00e4<\/p>\n<\/li>\n<li data-start=\"2511\" data-end=\"2570\">\n<p data-start=\"2513\" data-end=\"2570\"><strong data-start=\"2513\" data-end=\"2532\">Muokattava:<\/strong> Joustava ja laajennettavissa ajan my\u00f6t\u00e4<\/p>\n<\/li>\n<li data-start=\"2571\" data-end=\"2630\">\n<p data-start=\"2573\" data-end=\"2630\"><strong data-start=\"2573\" data-end=\"2588\">Tagien lukija:<\/strong> Sis\u00e4\u00e4nrakennettu yksinkertaistamaan j\u00e4rjestelm\u00e4n hallintaa<\/p>\n<\/li>\n<li data-start=\"2631\" data-end=\"2671\">\n<p data-start=\"2633\" data-end=\"2671\"><strong data-start=\"2633\" data-end=\"2644\">Design:<\/strong> Elegantti ja k\u00e4ytt\u00e4j\u00e4yst\u00e4v\u00e4llinen<\/p>\n<\/li>\n<\/ul>\n<p data-start=\"2673\" data-end=\"2969\">Risco Agility4 on edistynyt ja luotettava tietoturvaratkaisu, jonka avulla voit helposti pit\u00e4\u00e4 kotisi tai yrityksesi turvassa ja suojattuna kaikenlaisilta riskeilt\u00e4.<\/p>\n<p data-start=\"2673\" data-end=\"2969\">Modulaarisen rakenteensa ansiosta j\u00e4rjestelm\u00e4\u00e4 voidaan aina mukauttaa tarpeisiisi, mik\u00e4 tekee siit\u00e4 pitk\u00e4aikaisen investoinnin turvallisuuteesi.<\/p>","protected":false},"excerpt":{"rendered":"<p>Risco Agility4 on langaton ja \u00e4lyk\u00e4s turvaj\u00e4rjestelm\u00e4, jolla on modulaarinen rakenne ja mukautettava muotoilu.<\/p>\n<p>Se tarjoaa t\u00e4ydellisen suojan tunkeutumista, tulipaloa ja muita turvallisuusriskej\u00e4 vastaan sek\u00e4 sis\u00e4ll\u00e4 ett\u00e4 ulkona, ja sit\u00e4 voidaan aina parantaa ja muokata tarpeen mukaan.<\/p>\n<p>J\u00e4rjestelm\u00e4 sis\u00e4lt\u00e4\u00e4 langattoman visuaalisen tunnistuksen ja sis\u00e4\u00e4nrakennetun tunnisteenlukijan k\u00e4tev\u00e4\u00e4 k\u00e4ytt\u00f6\u00e4 varten.<\/p>","protected":false},"featured_media":145680,"template":"","meta":{"_acf_changed":false},"product_brand":[],"product_cat":[4882,2731],"product_tag":[],"class_list":{"0":"post-57483","1":"product","2":"type-product","3":"status-publish","4":"has-post-thumbnail","6":"product_cat-agility-v4-3-2","7":"product_cat-risco-larm","8":"product_shipping_class-postnord-varubrev","9":"pa_brands-4risco","10":"pa_risco-produkter-agility-4","11":"tm-no-options","13":"first","14":"outofstock","15":"sale","16":"featured","17":"taxable","18":"shipping-taxable","19":"purchasable","20":"product-type-simple"},"acf":[],"_links":{"self":[{"href":"https:\/\/secureus.se\/fi\/wp-json\/wp\/v2\/product\/57483","targetHints":{"allow":["GET"]}}],"collection":[{"href":"https:\/\/secureus.se\/fi\/wp-json\/wp\/v2\/product"}],"about":[{"href":"https:\/\/secureus.se\/fi\/wp-json\/wp\/v2\/types\/product"}],"wp:featuredmedia":[{"embeddable":true,"href":"https:\/\/secureus.se\/fi\/wp-json\/wp\/v2\/media\/145680"}],"wp:attachment":[{"href":"https:\/\/secureus.se\/fi\/wp-json\/wp\/v2\/media?parent=57483"}],"wp:term":[{"taxonomy":"product_brand","embeddable":true,"href":"https:\/\/secureus.se\/fi\/wp-json\/wp\/v2\/product_brand?post=57483"},{"taxonomy":"product_cat","embeddable":true,"href":"https:\/\/secureus.se\/fi\/wp-json\/wp\/v2\/product_cat?post=57483"},{"taxonomy":"product_tag","embeddable":true,"href":"https:\/\/secureus.se\/fi\/wp-json\/wp\/v2\/product_tag?post=57483"}],"curies":[{"name":"wp","href":"https:\/\/api.w.org\/{rel}","templated":true}]}}