{"id":57484,"date":"2022-03-10T14:57:00","date_gmt":"2022-03-10T13:57:00","guid":{"rendered":"https:\/\/secureus.se\/produkt\/2-vags-tradlos-beyond-dual-tech-kband-detektor-inom-utomhus-agililty4-och-wicomm-pro\/"},"modified":"2025-12-31T19:35:24","modified_gmt":"2025-12-31T18:35:24","slug":"risco-rorelsedetektor-med-kamera-2-vags-utomhus-beyond","status":"publish","type":"product","link":"https:\/\/secureus.se\/fi\/risco-rorelsedetektor-med-kamera-2-vags-utomhus-beyond\/","title":{"rendered":"Risco 2-suuntainen ulkok\u00e4ytt\u00f6\u00f6n tarkoitettu liiketunnistin \u2013 Beyond"},"content":{"rendered":"<h1>Risco Liiketunnistin kameralla, 2-suuntainen \u2013 Outdoor Beyond<\/h1>\n<p data-start=\"516\" data-end=\"1046\">Risco-liiketunnistin kameralla, kaksisuuntainen, Beyond Agility WiComm Pro on innovatiivinen ratkaisu ulkotilojen havaitsemiseen ja visuaaliseen vahvistukseen.<\/p>\n<p data-start=\"516\" data-end=\"1046\">T\u00e4m\u00e4 ilmaisin yhdist\u00e4\u00e4 kaksoisteknologian integroituun kameraan, joka mahdollistaa kristallinkirkkaan visuaalisen tarkastuksen iRISCO-\u00e4lypuhelinsovelluksen, verkkok\u00e4ytt\u00f6liittym\u00e4n tai valvonta-aseman kautta.<\/p>\n<p data-start=\"516\" data-end=\"1046\">K\u00e4ytt\u00e4m\u00e4ll\u00e4 kahta erillist\u00e4 radiokanavaa ja eri antenneja varmistetaan sek\u00e4 kuvien ett\u00e4 h\u00e4lytysten turvallinen siirto, mik\u00e4 tekee siit\u00e4 ihanteellisen ulkok\u00e4ytt\u00f6\u00f6n.<\/p>\n<p data-start=\"1048\" data-end=\"1398\">Beyond k\u00e4ytt\u00e4\u00e4 RISCOn ainutlaatuisia tunnistusteknologioita, Sway Recognition\u2122- ja Digital Correlation\u2122-teknologioita, v\u00e4hent\u00e4\u00e4kseen v\u00e4\u00e4ri\u00e4 h\u00e4lytyksi\u00e4 merkitt\u00e4v\u00e4sti, mik\u00e4 tekee ratkaisusta eritt\u00e4in tarkan ja luotettavan.<\/p>\n<p data-start=\"1048\" data-end=\"1398\">Liiketunnistimessa on s\u00e4\u00e4dett\u00e4v\u00e4 kantama 5\u201312 metri\u00e4 ja el\u00e4inyst\u00e4v\u00e4llinen toiminto, mik\u00e4 tarkoittaa, ett\u00e4 se ei reagoi alle 50 cm korkuisiin el\u00e4imiin.<\/p>\n<p data-start=\"1400\" data-end=\"1702\">Infrapuna- ja mikroaaltoantureiden yhdistelm\u00e4n ansiosta Beyond on immuuni suoralle auringonvalolle ja siin\u00e4 on peitt\u00e4misen est\u00e4v\u00e4 ominaisuus, joka est\u00e4\u00e4 manipuloinnin.<\/p>\n<p data-start=\"1400\" data-end=\"1702\">Ilmaisin on my\u00f6s helppo asentaa sein\u00e4lle tai nurkkaan ja sen paristonkesto on pitk\u00e4 (jopa 3 vuotta mukana tulevilla CR123A-litiumparistoilla).<\/p>\n<p data-start=\"1704\" data-end=\"1872\">Se on suunniteltu toimimaan ankarissa ulko-olosuhteissa, ja sen k\u00e4ytt\u00f6l\u00e4mp\u00f6tila on -25 \u00b0C - 65 \u00b0C, ja sen IP65-suojausluokka kest\u00e4\u00e4 s\u00e4\u00e4olosuhteita.<\/p>\n<p>&nbsp;<\/p>\n<p><iframe title=\"Wicomm Smart Hub USA\" width=\"1170\" height=\"658\" src=\"https:\/\/www.youtube.com\/embed\/5PHoH2dRjEs?feature=oembed\" frameborder=\"0\" allow=\"accelerometer; autoplay; clipboard-write; encrypted-media; gyroscope; picture-in-picture; web-share\" referrerpolicy=\"strict-origin-when-cross-origin\" allowfullscreen><\/iframe><\/p>","protected":false},"excerpt":{"rendered":"<p>Risco Beyond Agility WiComm Pro on edistynyt liiketunnistin, jossa on integroitu kamera ulkok\u00e4ytt\u00f6\u00f6n.<\/p>\n<p>Kahden erillisen radiokanavan ja v\u00e4\u00e4ri\u00e4 h\u00e4lytyksi\u00e4 minimoivan tunnistustekniikan ansiosta se tarjoaa kristallinkirkkaan visuaalisen varmennuksen \u00e4lypuhelinsovelluksen tai valvontakeskuksen kautta.<\/p>","protected":false},"featured_media":158860,"template":"","meta":{"_acf_changed":false},"product_brand":[],"product_cat":[2731,3191],"product_tag":[3152,2426],"class_list":{"0":"post-57484","1":"product","2":"type-product","3":"status-publish","4":"has-post-thumbnail","6":"product_cat-risco-larm","7":"product_cat-utomhusdetektorer","8":"product_tag-cr123-tillbehor","9":"product_tag-rel-risco","10":"product_shipping_class-postnord-varubrev","11":"pa_risco-produkter-agility-4","12":"pa_wicomm-pro-kategorier-rorelsedetektor","13":"tm-no-options","15":"first","16":"instock","17":"sale","18":"featured","19":"taxable","20":"shipping-taxable","21":"purchasable","22":"product-type-simple"},"acf":[],"_links":{"self":[{"href":"https:\/\/secureus.se\/fi\/wp-json\/wp\/v2\/product\/57484","targetHints":{"allow":["GET"]}}],"collection":[{"href":"https:\/\/secureus.se\/fi\/wp-json\/wp\/v2\/product"}],"about":[{"href":"https:\/\/secureus.se\/fi\/wp-json\/wp\/v2\/types\/product"}],"wp:featuredmedia":[{"embeddable":true,"href":"https:\/\/secureus.se\/fi\/wp-json\/wp\/v2\/media\/158860"}],"wp:attachment":[{"href":"https:\/\/secureus.se\/fi\/wp-json\/wp\/v2\/media?parent=57484"}],"wp:term":[{"taxonomy":"product_brand","embeddable":true,"href":"https:\/\/secureus.se\/fi\/wp-json\/wp\/v2\/product_brand?post=57484"},{"taxonomy":"product_cat","embeddable":true,"href":"https:\/\/secureus.se\/fi\/wp-json\/wp\/v2\/product_cat?post=57484"},{"taxonomy":"product_tag","embeddable":true,"href":"https:\/\/secureus.se\/fi\/wp-json\/wp\/v2\/product_tag?post=57484"}],"curies":[{"name":"wp","href":"https:\/\/api.w.org\/{rel}","templated":true}]}}