{"id":57485,"date":"2022-03-10T14:57:00","date_gmt":"2022-03-10T13:57:00","guid":{"rendered":"https:\/\/secureus.se\/produkt\/siren-utomhus-rws20a\/"},"modified":"2025-12-31T19:36:44","modified_gmt":"2025-12-31T18:36:44","slug":"risco-siren-2-vags-rws20a-utomhus-105db","status":"publish","type":"product","link":"https:\/\/secureus.se\/fi\/risco-siren-2-vags-rws20a-utomhus-105db\/","title":{"rendered":"Risco Sireeni 2-suuntainen RWS20A \u2013 Ulkok\u00e4ytt\u00f6\u00f6n 105dB"},"content":{"rendered":"<h1>Risco Sireeni 2-suuntainen RWS20A \u2013 Ulkok\u00e4ytt\u00f6\u00f6n 105dB<\/h1>\n<p data-start=\"416\" data-end=\"761\">Risco 2-tie sireeni RWS20A (malli RWS20A86800) on tyylik\u00e4s ja toimiva langaton ulkosireeni, joka on suunniteltu parantamaan turvaj\u00e4rjestelm\u00e4n signaalikyky\u00e4 suojatun alueen ulkopuolella.<\/p>\n<p data-start=\"416\" data-end=\"761\">T\u00e4m\u00e4 sireeni on ihanteellinen ratkaisu turvallisuuden lis\u00e4\u00e4miseen kaikenlaisissa ulkoymp\u00e4rist\u00f6iss\u00e4 kest\u00e4v\u00e4n rakenteensa ja joustavan asennuksensa ansiosta.<\/p>\n<p data-start=\"763\" data-end=\"1041\">RWS20A tarjoaa 105 dB:n \u00e4\u00e4nenvoimakkuudellaan tehokkaan \u00e4\u00e4nisignaalin, joka varoittaa selv\u00e4sti tunkeutumisesta tai muista turvallisuusongelmista.<\/p>\n<p data-start=\"763\" data-end=\"1041\">Koska sireeni on t\u00e4ysin paristok\u00e4ytt\u00f6inen ja langaton, se on helppo asentaa ilman johdotusta, mik\u00e4 tekee asennuksesta nopeaa ja joustavaa.<\/p>\n<p data-start=\"1043\" data-end=\"1363\">Yksi RWS20A:n hy\u00f6dyllisimmist\u00e4 ominaisuuksista on sis\u00e4\u00e4nrakennettu esih\u00e4lytystoiminto.<\/p>\n<p data-start=\"1043\" data-end=\"1363\">Sis\u00e4\u00e4ntuloviiveen laskennan aikana sireeni aktivoituu ja antaa esih\u00e4lytyksen, jos j\u00e4rjestelm\u00e4\u00e4n tehd\u00e4\u00e4n vandalisointi ennen h\u00e4lytyksen viritt\u00e4mist\u00e4. T\u00e4m\u00e4 tekee sireenist\u00e4 erinomaisen lis\u00e4n murtovarkauksien est\u00e4miseen jo ennen j\u00e4rjestelm\u00e4n t\u00e4ydellist\u00e4 aktivoitumista.<\/p>\n<p data-start=\"1365\" data-end=\"1588\">RWS20A:ssa on my\u00f6s merkki\u00e4\u00e4nitoiminto, joka antaa \u00e4\u00e4nimerkkej\u00e4, kun j\u00e4rjestelm\u00e4 on aktivoitu tai deaktivoitu.<\/p>\n<p data-start=\"1365\" data-end=\"1588\">H\u00e4lytyksen sattuessa sireeni antaa erityisen nelj\u00e4n piippauksen ilmoituksen, joka ilmaisee h\u00e4lytyksen lauenneen, mik\u00e4 voi viitata murtoon.<\/p>\n<p data-start=\"1590\" data-end=\"1828\">Useita langattomia sireenej\u00e4 voidaan helposti liitt\u00e4\u00e4 samaan j\u00e4rjestelm\u00e4\u00e4n, mik\u00e4 mahdollistaa turvaratkaisun mukauttamisen suojattavan alueen koon ja tarpeiden mukaan.<\/p>\n<p data-start=\"1590\" data-end=\"1828\">Sireeni on saatavilla eri v\u00e4reiss\u00e4 esteettisten mieltymysten mukaan.<\/p>\n<p data-start=\"1830\" data-end=\"1860\"><strong data-start=\"1830\" data-end=\"1858\">T\u00e4rkeimm\u00e4t ominaisuudet:<\/strong><\/p>\n<ul data-start=\"1861\" data-end=\"2460\">\n<li data-start=\"1861\" data-end=\"1908\">\n<p data-start=\"1863\" data-end=\"1908\"><strong data-start=\"1863\" data-end=\"1878\">\u00c4\u00e4nenvoimakkuus:<\/strong> 105 dB tehokkaaseen varoitukseen<\/p>\n<\/li>\n<li data-start=\"1909\" data-end=\"1998\">\n<p data-start=\"1911\" data-end=\"1998\"><strong data-start=\"1911\" data-end=\"1931\">Esih\u00e4lytystoiminto:<\/strong> Aktivoituu sis\u00e4\u00e4ntuloviiveen laskennan aikana ja ilkivallan sattuessa<\/p>\n<\/li>\n<li data-start=\"1999\" data-end=\"2120\">\n<p data-start=\"2001\" data-end=\"2120\"><strong data-start=\"2001\" data-end=\"2022\">Squawk-ilmoitus:<\/strong> \u00c4\u00e4nimerkkih\u00e4lytykset virityksen ja deaktivoinnin yhteydess\u00e4, mukaan lukien nelj\u00e4n piippauksen mittainen \u00e4\u00e4nimerkki h\u00e4lytyksen laukaisun yhteydess\u00e4<\/p>\n<\/li>\n<li data-start=\"2121\" data-end=\"2179\">\n<p data-start=\"2123\" data-end=\"2179\"><strong data-start=\"2123\" data-end=\"2141\">Akkuk\u00e4ytt\u00f6inen:<\/strong> T\u00e4ysin langaton helppoon asennukseen<\/p>\n<\/li>\n<li data-start=\"2180\" data-end=\"2249\">\n<p data-start=\"2182\" data-end=\"2249\"><strong data-start=\"2182\" data-end=\"2208\">Joustava asennus:<\/strong> Helppo sijoittaa ilman kaapelointia<\/p>\n<\/li>\n<li data-start=\"2250\" data-end=\"2326\">\n<p data-start=\"2252\" data-end=\"2326\"><strong data-start=\"2252\" data-end=\"2269\">Useita v\u00e4rej\u00e4:<\/strong> Saatavilla eri v\u00e4reiss\u00e4 asennusymp\u00e4rist\u00f6\u00f6n sopivaksi<\/p>\n<\/li>\n<li data-start=\"2327\" data-end=\"2391\">\n<p data-start=\"2329\" data-end=\"2391\"><strong data-start=\"2329\" data-end=\"2348\">Yhteensopivuus:<\/strong> Useita sireenej\u00e4 voidaan liitt\u00e4\u00e4 samaan j\u00e4rjestelm\u00e4\u00e4n<\/p>\n<\/li>\n<li data-start=\"2392\" data-end=\"2460\">\n<p data-start=\"2394\" data-end=\"2460\"><strong data-start=\"2394\" data-end=\"2422\">Sopii ulkok\u00e4ytt\u00f6\u00f6n:<\/strong> Suunniteltu kest\u00e4m\u00e4\u00e4n ulkoisia ymp\u00e4rist\u00f6j\u00e4<\/p>\n<\/li>\n<\/ul>\n<p data-start=\"2462\" data-end=\"2493\"><strong data-start=\"2462\" data-end=\"2491\">Tekniset tiedot:<\/strong><\/p>\n<ul data-start=\"2494\" data-end=\"2761\">\n<li data-start=\"2494\" data-end=\"2520\">\n<p data-start=\"2496\" data-end=\"2520\"><strong data-start=\"2496\" data-end=\"2511\">\u00c4\u00e4nenvoimakkuus:<\/strong> 105 dB<\/p>\n<\/li>\n<li data-start=\"2521\" data-end=\"2546\">\n<p data-start=\"2523\" data-end=\"2546\"><strong data-start=\"2523\" data-end=\"2536\">Taajuus:<\/strong> 868 MHz<\/p>\n<\/li>\n<li data-start=\"2547\" data-end=\"2586\">\n<p data-start=\"2549\" data-end=\"2586\"><strong data-start=\"2549\" data-end=\"2570\">Virtal\u00e4hde:<\/strong> Akkuk\u00e4ytt\u00f6inen<\/p>\n<\/li>\n<li data-start=\"2587\" data-end=\"2640\">\n<p data-start=\"2589\" data-end=\"2640\"><strong data-start=\"2589\" data-end=\"2612\">Asennusmenetelm\u00e4:<\/strong> Langaton ja paristok\u00e4ytt\u00f6inen<\/p>\n<\/li>\n<li data-start=\"2641\" data-end=\"2668\">\n<p data-start=\"2643\" data-end=\"2668\"><strong data-start=\"2643\" data-end=\"2663\">\u00c4\u00e4nimerkkitoiminto:<\/strong> Kyll\u00e4<\/p>\n<\/li>\n<li data-start=\"2669\" data-end=\"2703\">\n<p data-start=\"2671\" data-end=\"2703\"><strong data-start=\"2671\" data-end=\"2680\">Maali:<\/strong> Saatavilla eri v\u00e4reiss\u00e4<\/p>\n<\/li>\n<li data-start=\"2704\" data-end=\"2761\">\n<p data-start=\"2706\" data-end=\"2761\"><strong data-start=\"2706\" data-end=\"2738\">Toimittajan artikkelinumero:<\/strong> RWS20A \/ RWS20A86800<\/p>\n<\/li>\n<\/ul>\n<p data-start=\"2763\" data-end=\"3016\">Risco 2-tie sireeni RWS20A on t\u00e4ydellinen ratkaisu kiinteist\u00f6si turvallisuuden parantamiseen.<\/p>\n<p data-start=\"2763\" data-end=\"3016\">Tehokas \u00e4\u00e4nisignaali ja langaton asennus tekev\u00e4t siit\u00e4 sek\u00e4 tehokkaan ett\u00e4 joustavan, tarjoten lis\u00e4suojaa murtoja ja muita turvallisuusuhkia vastaan.<\/p>","protected":false},"excerpt":{"rendered":"<p>Risco 2-suuntainen sireeni RWS20A on paristok\u00e4ytt\u00f6inen langaton ulkosireeni, joka tarjoaa 105 dB:n \u00e4\u00e4nitehon ja 2-suuntaisen radioviestinn\u00e4n.<\/p>\n<p>Se on suunniteltu laajentamaan ulkotilojen merkinantokyky\u00e4, ja siin\u00e4 on esih\u00e4lytystoiminto, joka voidaan aktivoida j\u00e4rjestelm\u00e4n ilkivallan sattuessa.<\/p>","protected":false},"featured_media":145682,"template":"","meta":{"_acf_changed":false},"product_brand":[],"product_cat":[2731,3190],"product_tag":[2266,2262,2420,3070],"class_list":{"0":"post-57485","1":"product","2":"type-product","3":"status-publish","4":"has-post-thumbnail","6":"product_cat-risco-larm","7":"product_cat-sirener-risco-larm","8":"product_tag-larmdon-blixtljus-blixtljus-i-samma-enhet","9":"product_tag-larmdon-siren-utomhus","10":"product_tag-rel-larmdonblixt","11":"product_tag-wicomm-pro-siren","12":"product_shipping_class-tunga-paket","13":"pa_brands-4risco","14":"pa_risco-produkter-agility-4","15":"pa_wicomm-pro-kategorier-sinerer","16":"tm-no-options","18":"first","19":"instock","20":"sale","21":"featured","22":"taxable","23":"shipping-taxable","24":"purchasable","25":"product-type-simple"},"acf":[],"_links":{"self":[{"href":"https:\/\/secureus.se\/fi\/wp-json\/wp\/v2\/product\/57485","targetHints":{"allow":["GET"]}}],"collection":[{"href":"https:\/\/secureus.se\/fi\/wp-json\/wp\/v2\/product"}],"about":[{"href":"https:\/\/secureus.se\/fi\/wp-json\/wp\/v2\/types\/product"}],"wp:featuredmedia":[{"embeddable":true,"href":"https:\/\/secureus.se\/fi\/wp-json\/wp\/v2\/media\/145682"}],"wp:attachment":[{"href":"https:\/\/secureus.se\/fi\/wp-json\/wp\/v2\/media?parent=57485"}],"wp:term":[{"taxonomy":"product_brand","embeddable":true,"href":"https:\/\/secureus.se\/fi\/wp-json\/wp\/v2\/product_brand?post=57485"},{"taxonomy":"product_cat","embeddable":true,"href":"https:\/\/secureus.se\/fi\/wp-json\/wp\/v2\/product_cat?post=57485"},{"taxonomy":"product_tag","embeddable":true,"href":"https:\/\/secureus.se\/fi\/wp-json\/wp\/v2\/product_tag?post=57485"}],"curies":[{"name":"wp","href":"https:\/\/api.w.org\/{rel}","templated":true}]}}