{"id":57487,"date":"2022-03-10T14:57:00","date_gmt":"2022-03-10T13:57:00","guid":{"rendered":"https:\/\/secureus.se\/produkt\/siren-utomhus-rws50-tradlos-med-prg-blixtljus-och-2-vags-smart-kommunikation\/"},"modified":"2025-12-31T19:36:55","modified_gmt":"2025-12-31T18:36:55","slug":"risco-2-vags-siren-rws50-utomhus-105db","status":"publish","type":"product","link":"https:\/\/secureus.se\/fi\/risco-2-vags-siren-rws50-utomhus-105db\/","title":{"rendered":"Risco 2-tie Sireeni RWS50 - Ulkona 105dB"},"content":{"rendered":"<h1>Risco 2-tie Sireeni RWS50 - Ulkona 105dB<\/h1>\n<p data-start=\"437\" data-end=\"766\">Risco 2-suuntainen sireeni RWS50 (malli RWS50R86800) on edistynyt langaton ulkosireeni, joka on suunniteltu parantamaan Agility\u2122-, WiComm Pro- tai Wisdom-j\u00e4rjestelm\u00e4n turvallisuutta.<\/p>\n<p data-start=\"437\" data-end=\"766\">Vaikuttavan 105 dB:n \u00e4\u00e4nenvoimakkuuden ja sis\u00e4\u00e4nrakennetun esih\u00e4lytystoiminnon ansiosta t\u00e4m\u00e4 sireeni tarjoaa luotettavan varoituksen tunkeutumisyrityksist\u00e4 ja j\u00e4rjestelm\u00e4n sabotaasista.<\/p>\n<p data-start=\"768\" data-end=\"1049\">Langaton sireeni on paristok\u00e4ytt\u00f6inen eik\u00e4 vaadi ulkoista muuntajaa, joten asennus on helppoa ja joustavaa. Sireeni on my\u00f6s varustettu ohjelmoitavalla vilkkutoiminnolla, joka merkitsee h\u00e4lytystilan n\u00e4kyv\u00e4sti, ja sit\u00e4 voidaan mukauttaa erilaisiin tarpeisiin ja ymp\u00e4rist\u00f6ihin sopivaksi.<\/p>\n<p data-start=\"1051\" data-end=\"1330\">Yksi RWS50:n hy\u00f6dyllisimmist\u00e4 ominaisuuksista on sis\u00e4\u00e4nrakennettu esih\u00e4lytystoiminto, joka aktivoi sireenin, jos j\u00e4rjestelm\u00e4\u00e4n tehd\u00e4\u00e4n peukalointi sis\u00e4\u00e4ntuloviiveen aikana.<\/p>\n<p data-start=\"1051\" data-end=\"1330\">T\u00e4m\u00e4 tarjoaa lis\u00e4suojaa sabotaasia vastaan ja mahdollistaa v\u00e4litt\u00f6mien varoitusten vastaanottamisen, jos j\u00e4rjestelm\u00e4\u00e4n tehd\u00e4\u00e4n peukalointi.<\/p>\n<p data-start=\"1332\" data-end=\"1706\">Sireeniss\u00e4 on kaksisuuntainen radioviestint\u00e4, joka valvoo jatkuvasti sabotaasitoimintoja, akun j\u00e4nnitett\u00e4 ja sis\u00e4\u00e4np\u00e4\u00e4syviivett\u00e4 varmistaen, ett\u00e4 k\u00e4ytt\u00e4j\u00e4 saa reaaliaikaista tietoa j\u00e4rjestelm\u00e4n tilasta.<\/p>\n<p data-start=\"1332\" data-end=\"1706\">Jopa 3 vuoden akunkeston ja ulkok\u00e4ytt\u00f6\u00f6n soveltuvan IP44-luokituksen ansiosta RWS50 on luotettava ja kest\u00e4v\u00e4 ratkaisu turvallisuustarpeisiin kaikissa s\u00e4\u00e4olosuhteissa.<\/p>\n<p data-start=\"1708\" data-end=\"1738\"><strong data-start=\"1708\" data-end=\"1736\">T\u00e4rkeimm\u00e4t ominaisuudet:<\/strong><\/p>\n<ul data-start=\"1739\" data-end=\"2361\">\n<li data-start=\"1739\" data-end=\"1798\">\n<p data-start=\"1741\" data-end=\"1798\"><strong data-start=\"1741\" data-end=\"1756\">\u00c4\u00e4nenvoimakkuus:<\/strong> 105 dB (s\u00e4\u00e4dett\u00e4v\u00e4) tehokkaan varoituksen takaamiseksi<\/p>\n<\/li>\n<li data-start=\"1799\" data-end=\"1895\">\n<p data-start=\"1801\" data-end=\"1895\"><strong data-start=\"1801\" data-end=\"1821\">Esih\u00e4lytystoiminto:<\/strong> Aktivoituu manipuloinnin tai sabotaasin sattuessa sis\u00e4\u00e4ntuloviiveen aikana<\/p>\n<\/li>\n<li data-start=\"1896\" data-end=\"1965\">\n<p data-start=\"1898\" data-end=\"1965\"><strong data-start=\"1898\" data-end=\"1912\">Taskulamppu:<\/strong> Ohjelmoitava vilkkuvalo n\u00e4kyv\u00e4\u00e4 h\u00e4lytysilmoitusta varten<\/p>\n<\/li>\n<li data-start=\"1966\" data-end=\"2097\">\n<p data-start=\"1968\" data-end=\"2097\"><strong data-start=\"1968\" data-end=\"1986\">Akkuk\u00e4ytt\u00f6inen:<\/strong> Ei vaadi ulkoisia muuntajia, mukana tulee kolme CR123 3V litiumparistoa (tyypillinen pariston kesto 3 vuotta)<\/p>\n<\/li>\n<li data-start=\"2098\" data-end=\"2187\">\n<p data-start=\"2100\" data-end=\"2187\"><strong data-start=\"2100\" data-end=\"2130\">Kaksisuuntainen radioviestint\u00e4:<\/strong> Jatkuva valvonta peukaloinnin ja akun tilan varalta<\/p>\n<\/li>\n<li data-start=\"2188\" data-end=\"2230\">\n<p data-start=\"2190\" data-end=\"2230\"><strong data-start=\"2190\" data-end=\"2209\">IP44-luokitus:<\/strong> Kest\u00e4\u00e4 ulkoymp\u00e4rist\u00f6j\u00e4<\/p>\n<\/li>\n<li data-start=\"2231\" data-end=\"2273\">\n<p data-start=\"2233\" data-end=\"2273\"><strong data-start=\"2233\" data-end=\"2254\">L\u00e4mp\u00f6tila-alue:<\/strong> -25\u00b0C - +60\u00b0C<\/p>\n<\/li>\n<li data-start=\"2274\" data-end=\"2361\">\n<p data-start=\"2276\" data-end=\"2361\"><strong data-start=\"2276\" data-end=\"2299\">Helppo asennus:<\/strong> Paristok\u00e4ytt\u00f6inen ja langaton nopeaan ja joustavaan asennukseen<\/p>\n<\/li>\n<\/ul>\n<p data-start=\"2363\" data-end=\"2394\"><strong data-start=\"2363\" data-end=\"2392\">Tekniset tiedot:<\/strong><\/p>\n<ul data-start=\"2395\" data-end=\"2915\">\n<li data-start=\"2395\" data-end=\"2496\">\n<p data-start=\"2397\" data-end=\"2496\"><strong data-start=\"2397\" data-end=\"2418\">Virtal\u00e4hde:<\/strong> 5 x CR123, 3 V litiumparistoa (3 paristoa j\u00e4rjestelm\u00e4\u00e4 varten, 2 signaalia varten)<\/p>\n<\/li>\n<li data-start=\"2497\" data-end=\"2545\">\n<p data-start=\"2499\" data-end=\"2545\"><strong data-start=\"2499\" data-end=\"2514\">\u00c4\u00e4nenvoimakkuus:<\/strong> 105 dB @ 1 metri (s\u00e4\u00e4dett\u00e4v\u00e4)<\/p>\n<\/li>\n<li data-start=\"2546\" data-end=\"2594\">\n<p data-start=\"2548\" data-end=\"2594\"><strong data-start=\"2548\" data-end=\"2566\">Flash-taajuus:<\/strong> 60 kertaa minuutissa (enint\u00e4\u00e4n)<\/p>\n<\/li>\n<li data-start=\"2595\" data-end=\"2630\">\n<p data-start=\"2597\" data-end=\"2630\"><strong data-start=\"2597\" data-end=\"2610\">Taajuus:<\/strong> 868 MHz \/ 433 MHz<\/p>\n<\/li>\n<li data-start=\"2631\" data-end=\"2679\">\n<p data-start=\"2633\" data-end=\"2679\"><strong data-start=\"2633\" data-end=\"2646\">Laajuus:<\/strong> 150 metri\u00e4 (492 jalkaa) n\u00e4k\u00f6yhteytt\u00e4<\/p>\n<\/li>\n<li data-start=\"2680\" data-end=\"2740\">\n<p data-start=\"2682\" data-end=\"2740\"><strong data-start=\"2682\" data-end=\"2703\">L\u00e4mp\u00f6tila-alue:<\/strong> -25 \u00b0C - +60 \u00b0C (-4 \u00b0F - 140 \u00b0F)<\/p>\n<\/li>\n<li data-start=\"2741\" data-end=\"2764\">\n<p data-start=\"2743\" data-end=\"2764\"><strong data-start=\"2743\" data-end=\"2756\">IP-luokka:<\/strong> IP44<\/p>\n<\/li>\n<li data-start=\"2765\" data-end=\"2827\">\n<p data-start=\"2767\" data-end=\"2827\"><strong data-start=\"2767\" data-end=\"2783\">Mitat:<\/strong> 300 x 325 x 70 mm (11,8 x 12,8 x 2,8 tuumaa)<\/p>\n<\/li>\n<li data-start=\"2828\" data-end=\"2868\">\n<p data-start=\"2830\" data-end=\"2868\"><strong data-start=\"2830\" data-end=\"2861\">Paino (paristot mukaan lukien):<\/strong> 1 kg<\/p>\n<\/li>\n<li data-start=\"2869\" data-end=\"2915\">\n<p data-start=\"2871\" data-end=\"2915\"><strong data-start=\"2871\" data-end=\"2903\">Toimittajan artikkelinumero:<\/strong> RWS50R86800<\/p>\n<\/li>\n<\/ul>\n<p data-start=\"2917\" data-end=\"3134\">Risco 2-suuntainen sireeni RWS50 on t\u00e4ydellinen ratkaisu ulkotilojen turvallisuuden parantamiseen tehokkaalla \u00e4\u00e4nisignaalilla, esih\u00e4lytystoiminnolla ja langattomalla tiedonsiirrolla, mik\u00e4 tekee siit\u00e4 luotettavan osan turvaj\u00e4rjestelm\u00e4\u00e4si.<\/p>","protected":false},"excerpt":{"rendered":"<p>Risco 2-suuntainen sireeni RWS50 on paristok\u00e4ytt\u00f6inen langaton ulkosireeni, jonka \u00e4\u00e4nenvoimakkuus on 105 dB ja jossa on 2-suuntainen radioviestint\u00e4.<\/p>\n<p>Siin\u00e4 on esih\u00e4lytystoiminto, joka lis\u00e4\u00e4 turvallisuutta j\u00e4rjestelm\u00e4n manipuloinnin ja sabotaasin varalta, ja se on helppo asentaa ilman muuntajaa.<\/p>","protected":false},"featured_media":145460,"template":"","meta":{"_acf_changed":false},"product_brand":[],"product_cat":[2731,3190],"product_tag":[3152,2266,2262,2420,3070],"class_list":{"0":"post-57487","1":"product","2":"type-product","3":"status-publish","4":"has-post-thumbnail","6":"product_cat-risco-larm","7":"product_cat-sirener-risco-larm","8":"product_tag-cr123-tillbehor","9":"product_tag-larmdon-blixtljus-blixtljus-i-samma-enhet","10":"product_tag-larmdon-siren-utomhus","11":"product_tag-rel-larmdonblixt","12":"product_tag-wicomm-pro-siren","13":"product_shipping_class-postnord-varubrev","14":"pa_brands-4risco","15":"pa_risco-produkter-agility-2","16":"pa_risco-produkter-agility-3","17":"pa_risco-produkter-agility-4","18":"pa_wicomm-pro-kategorier-sinerer","19":"tm-no-options","21":"first","22":"instock","23":"sale","24":"featured","25":"taxable","26":"shipping-taxable","27":"purchasable","28":"product-type-simple"},"acf":[],"_links":{"self":[{"href":"https:\/\/secureus.se\/fi\/wp-json\/wp\/v2\/product\/57487","targetHints":{"allow":["GET"]}}],"collection":[{"href":"https:\/\/secureus.se\/fi\/wp-json\/wp\/v2\/product"}],"about":[{"href":"https:\/\/secureus.se\/fi\/wp-json\/wp\/v2\/types\/product"}],"wp:featuredmedia":[{"embeddable":true,"href":"https:\/\/secureus.se\/fi\/wp-json\/wp\/v2\/media\/145460"}],"wp:attachment":[{"href":"https:\/\/secureus.se\/fi\/wp-json\/wp\/v2\/media?parent=57487"}],"wp:term":[{"taxonomy":"product_brand","embeddable":true,"href":"https:\/\/secureus.se\/fi\/wp-json\/wp\/v2\/product_brand?post=57487"},{"taxonomy":"product_cat","embeddable":true,"href":"https:\/\/secureus.se\/fi\/wp-json\/wp\/v2\/product_cat?post=57487"},{"taxonomy":"product_tag","embeddable":true,"href":"https:\/\/secureus.se\/fi\/wp-json\/wp\/v2\/product_tag?post=57487"}],"curies":[{"name":"wp","href":"https:\/\/api.w.org\/{rel}","templated":true}]}}