{"id":57488,"date":"2022-03-10T14:57:00","date_gmt":"2022-03-10T13:57:00","guid":{"rendered":"https:\/\/secureus.se\/produkt\/magnetkontakt-rwx73f-med-multifunktion-agililty3-4-och-wicomm\/"},"modified":"2025-12-31T19:42:37","modified_gmt":"2025-12-31T18:42:37","slug":"risco-2-vags-magnetkontakt-med-no-nc-plint","status":"publish","type":"product","link":"https:\/\/secureus.se\/fi\/risco-2-vags-magnetkontakt-med-no-nc-plint\/","title":{"rendered":"Risco 2-tie Magneettinen kosketin NO\/NC-liittimell\u00e4"},"content":{"rendered":"<h1>Risco 2-tie Magneettinen kosketin NO\/NC-liittimell\u00e4<\/h1>\n<p>Magneettinen kosketin RWX73F Agililty Wicomm Pro on 2-suuntainen monitoimil\u00e4hetin, joka on ihanteellinen langattomaan suojaukseen, kotien ja pienyritysten oviin\/ikkunoihin.<\/p>\n<p>RWX73F on kustannustehokas l\u00e4hetin, joka yhdist\u00e4\u00e4 magneettisen \/ ovikoskettimen 2 erillisell\u00e4 kanavalla kahdelle erilliselle sis\u00e4\u00e4ntulolle.<\/p>\n<p>Kahta erillist\u00e4 kanavaa k\u00e4ytt\u00e4m\u00e4ll\u00e4 RWX73F voi palvella kahta erillist\u00e4 sovellusta; ovien ja ikkunoiden keh\u00e4suojaus, kun se on kytketty yhteen kanavaan, ja toinen anturi toiselle kanavalle.<\/p>\n<p>Jokainen kanava voidaan liitt\u00e4\u00e4 langallisiin magneettisiin koskettimiin tai muihin ilmaisimiin, joita voidaan k\u00e4ytt\u00e4\u00e4 erilaisiin ohjaus- tai turvasovelluksiin.<\/p>\n<p>Magneettinen kosketin RWX73F Agililty Wicomm Pro suojaa esimerkiksi ovia ja ikkunoita ja vastustaa kaikkia yrityksi\u00e4 k\u00e4sitell\u00e4 ilmaisinta ulkoisilla magneeteilla.<\/p>\n<p>RWX73F toimii RISCO Groupin 2-suuntaisten langattomien ja hybridij\u00e4rjestelmien kanssa.<\/p>\n<p>Magneettinen kosketin RWX73F Agililty Wicomm Pro on helppo asentaa yksinkertaisella kiinnikkeell\u00e4 sein\u00e4\u00e4n ja helppo ohjelmoida RISCO:n et\u00e4konfigurointiohjelmistolla.<\/p>\n<p id=\"tw-target-text\" class=\"tw-data-text tw-text-large tw-ta\" dir=\"ltr\" data-placeholder=\"Translation\" data-ved=\"2ahUKEwi6ot3F2L6DAxWBaqQEHbtQCksQ3ewLegQIARAQ\"><span style=\"text-decoration: underline\"><strong>Ominaisuudet:<\/strong><\/span><br \/>\nViestint\u00e4: Kaksisuuntainen<br \/>\nT\u00e4ysin valvottu<br \/>\nSis\u00e4\u00e4nrakennettu magneettinen kosketin<br \/>\nValikoiva tulon vasteaika mukautettu langallisille antureille (nopea iskutunnistimille, hidas magneettikytkimille)<br \/>\nKantama: jopa 300 m (1 000 jalkaa) (ulkona)<br \/>\nValikoiva tuloliitin (NO, NC, DEOL) yleisohjaustoimintoa varten<br \/>\nTurvasuoja selk\u00e4nojalle ja kannelle<br \/>\nSuojaus sabotaasia vastaan<br \/>\nKaksi kanavaa, jotka tunnistetaan erillisiksi vy\u00f6hykkeiksi j\u00e4rjestelm\u00e4ss\u00e4 valikoiduilla toiminnoilla (yleis- tai suljinsuoja)<br \/>\nPident\u00e4\u00e4 akun k\u00e4ytt\u00f6ik\u00e4\u00e4 vaihtoehto l\u00e4hett\u00e4\u00e4 tapahtumat kerran 2,5 minuutissa<br \/>\nYhteensopiva RISCO langattomien ja hybridij\u00e4rjestelmien kanssa<\/p>\n<p><strong>Magneettinen kosketin RWX73F Agilty Wicomm Pro Monitoimilaitteen toimittajan osanumero<\/strong>: <span class=\"sku_wrapper\"><span class=\"sku\">RWX73M86800D<\/span><\/span><\/p>\n<h4>Lue lis\u00e4\u00e4 WiComm Prosta ja n\u00e4ist\u00e4 ominaisuuksista!<\/h4>\n<p><a href=\"https:\/\/www.riscogroup.com\/products\/product\/52708\" target=\"_blank\" rel=\"noopener\">T\u00e4\u00e4lt\u00e4 voit lukea lis\u00e4\u00e4 WiCom Prosta Risco Groupin verkkosivuilla\u00a0<\/a><\/p>\n<p><iframe title=\"Wicomm Smart Hub USA\" width=\"1170\" height=\"658\" src=\"https:\/\/www.youtube.com\/embed\/5PHoH2dRjEs?feature=oembed\" frameborder=\"0\" allow=\"accelerometer; autoplay; clipboard-write; encrypted-media; gyroscope; picture-in-picture; web-share\" referrerpolicy=\"strict-origin-when-cross-origin\" allowfullscreen><\/iframe><\/p>","protected":false},"excerpt":{"rendered":"<p>Risco 2-Way Magnetic Contact RWX73F Agility- ja WiComm Pro -j\u00e4rjestelmiin on monitoimil\u00e4hetin, joka tarjoaa langattoman suojauksen oville ja ikkunoille.<\/p>\n<p>Kahden erillisen kanavan ansiosta eri sovelluksia varten t\u00e4m\u00e4 magneettinen kontakti tarjoaa joustavuutta ja turvallisuutta sek\u00e4 koteihin ett\u00e4 pienyrityksiin. Helppo asennus ja yhteensopiva Riscon langattomien ja hybridij\u00e4rjestelmien kanssa.<\/p>","protected":false},"featured_media":145404,"template":"","meta":{"_acf_changed":false},"product_brand":[],"product_cat":[2731,3188,1324],"product_tag":[2426],"class_list":{"0":"post-57488","1":"product","2":"type-product","3":"status-publish","4":"has-post-thumbnail","6":"product_cat-risco-larm","7":"product_cat-larmenheter-risco-larm","8":"product_cat-outlet","9":"product_tag-rel-risco","10":"product_shipping_class-postnord-varubrev","11":"pa_brands-4risco","12":"pa_risco-produkter-agility-3","13":"pa_risco-produkter-agility-4","14":"pa_wicomm-pro-kategorier-magnetkontakter","15":"tm-no-options","17":"first","18":"instock","19":"sale","20":"featured","21":"taxable","22":"shipping-taxable","23":"purchasable","24":"product-type-simple"},"acf":[],"_links":{"self":[{"href":"https:\/\/secureus.se\/fi\/wp-json\/wp\/v2\/product\/57488","targetHints":{"allow":["GET"]}}],"collection":[{"href":"https:\/\/secureus.se\/fi\/wp-json\/wp\/v2\/product"}],"about":[{"href":"https:\/\/secureus.se\/fi\/wp-json\/wp\/v2\/types\/product"}],"wp:featuredmedia":[{"embeddable":true,"href":"https:\/\/secureus.se\/fi\/wp-json\/wp\/v2\/media\/145404"}],"wp:attachment":[{"href":"https:\/\/secureus.se\/fi\/wp-json\/wp\/v2\/media?parent=57488"}],"wp:term":[{"taxonomy":"product_brand","embeddable":true,"href":"https:\/\/secureus.se\/fi\/wp-json\/wp\/v2\/product_brand?post=57488"},{"taxonomy":"product_cat","embeddable":true,"href":"https:\/\/secureus.se\/fi\/wp-json\/wp\/v2\/product_cat?post=57488"},{"taxonomy":"product_tag","embeddable":true,"href":"https:\/\/secureus.se\/fi\/wp-json\/wp\/v2\/product_tag?post=57488"}],"curies":[{"name":"wp","href":"https:\/\/api.w.org\/{rel}","templated":true}]}}